{"id":518,"date":"2015-02-11T11:39:24","date_gmt":"2015-02-11T10:39:24","guid":{"rendered":"https:\/\/www.parthages.be\/wordpress\/produit\/la-difficulte-de-vivre\/"},"modified":"2022-07-26T08:06:19","modified_gmt":"2022-07-26T06:06:19","slug":"la-difficulte-de-vivre","status":"publish","type":"product","link":"https:\/\/www.parthages.be\/eboutique\/produit\/la-difficulte-de-vivre\/","title":{"rendered":"La difficult\u00e9 de vivre"},"content":{"rendered":"<p>\u00ab\u00a0Tenace, je m&rsquo;obstine \u2013 je crache \u00e0 la gueule de la maladie.<\/p>\n<p>Je deviens l&rsquo;homme r\u00e9volt\u00e9 camusien; ayant remport\u00e9 le duel contre l&rsquo;immobilisme scell\u00e9 de tant d&rsquo;ann\u00e9es, je deviens l&rsquo;activit\u00e9 m\u00eame, je m&rsquo;affranchis de la contingence sartrienne. Dans ma poitrine, une grande voile de navire est battue violemment par le vent \u2013 je suis le volontariat h\u00e9ro\u00efque et tragique de Rimbaud, je chevauche un destin parent \u00e0 celui de Lawrence d&rsquo;Arabie, je suis \u00ab\u00a0La Forza Del Destino\u00a0\u00bb de l&rsquo;op\u00e9ra de Verdi. Don Quichotte r\u00e9solu, je combattrai les imp\u00e9tueux moulins de la souffrance humaine. Du patient, je deviens th\u00e9rapeute; de celui qui fut secouru, je deviens celui qui va secourir. Vain que j&rsquo;\u00e9tais, me voil\u00e0 utile et anim\u00e9; j&rsquo;ai maintenant un beau devoir, qui m&rsquo;enrichit et me justifie.\u00a0\u00bb<\/p>\n<p>C&rsquo;est un t\u00e9moignage peu commun auquel nous convie le peintre Thomas Boulze. Plus qu&rsquo;un regard sur une vie, c&rsquo;est une fen\u00eatre sur une \u00e2me: une odyss\u00e9e po\u00e9tique travers\u00e9e par un lyrisme omnipr\u00e9sent, riche et r\u00e9f\u00e9renc\u00e9, qui vient rendre hommage aux plus grands artistes en un m\u00eame \u00e9lan, gracieux et tortur\u00e9, subtil et contagieux. Une sensibilit\u00e9 \u00e0 fleur de peau, une plume fi\u00e9vreuse: \u00ab\u00a0La Difficult\u00e9 de vivre\u00a0\u00bb est une confession qui ne laisse pas indiff\u00e9rent.<\/p>\n<p>(Pr\u00e9sentation de l&rsquo;\u00e9diteur)<\/p>\n<p>GINCHEREAU M.<\/p>\n<p>La Bo\u00eete \u00e0 Livres Editions<\/p>\n<p>2012 -117p.197gr<\/p>\n<p>ISBN\u00a0: 978-2-923817-45-3<\/p>\n<p>Cote doc: 1-70-BOU-D<\/p>\n<p><strong><em>Uniquement \u00e0 la location<\/em><\/strong><\/p>\n<span class=\"et_bloom_bottom_trigger\"><\/span>","protected":false},"excerpt":{"rendered":"<p>\u00ab\u00a0Tenace, je m&rsquo;obstine \u2013 je crache \u00e0 la gueule de la maladie.<\/p>\n","protected":false},"featured_media":517,"comment_status":"open","ping_status":"closed","template":"","meta":{"_et_pb_use_builder":"","_et_pb_old_content":"","_et_gb_content_width":"","spay_email":""},"class_list":["post-518","product","type-product","status-publish","has-post-thumbnail","hentry","product_cat-livres"],"jetpack_sharing_enabled":true,"jetpack_likes_enabled":true,"_links":{"self":[{"href":"https:\/\/www.parthages.be\/eboutique\/wp-json\/wp\/v2\/product\/518","targetHints":{"allow":["GET"]}}],"collection":[{"href":"https:\/\/www.parthages.be\/eboutique\/wp-json\/wp\/v2\/product"}],"about":[{"href":"https:\/\/www.parthages.be\/eboutique\/wp-json\/wp\/v2\/types\/product"}],"replies":[{"embeddable":true,"href":"https:\/\/www.parthages.be\/eboutique\/wp-json\/wp\/v2\/comments?post=518"}],"wp:featuredmedia":[{"embeddable":true,"href":"https:\/\/www.parthages.be\/eboutique\/wp-json\/wp\/v2\/media\/517"}],"wp:attachment":[{"href":"https:\/\/www.parthages.be\/eboutique\/wp-json\/wp\/v2\/media?parent=518"}],"curies":[{"name":"wp","href":"https:\/\/api.w.org\/{rel}","templated":true}]}}