{"id":522,"date":"2015-02-12T08:41:31","date_gmt":"2015-02-12T07:41:31","guid":{"rendered":"https:\/\/www.parthages.be\/wordpress\/produit\/over-drive\/"},"modified":"2022-03-25T10:57:59","modified_gmt":"2022-03-25T09:57:59","slug":"over-drive","status":"publish","type":"product","link":"https:\/\/www.parthages.be\/eboutique\/produit\/over-drive\/","title":{"rendered":"Over Drive"},"content":{"rendered":"<p>Pascal Coffigneau est kin\u00e9sith\u00e9rapeute et ost\u00e9opathe. En 2000, il cr\u00e9e avec le psychiatre J\u00e9r\u00f4me Palazzolo, le concept d\u2019harmonisation, qui apporte une vision novatrice sur les relations entre le fonctionnement organique et l\u2019\u00e9tat psychique du patient. Ses deux premiers livres \u00ab\u00a0Des mots du corps aux maux de l\u2019\u00e2me\u00a0\u00bb et \u00ab\u00a0Gu\u00e9rir corps et \u00e2me\u00a0\u00bb th\u00e9orisaient d\u00e9j\u00e0 ce concept.<\/p>\n<p>\u00ab\u00a0Tout communique avec tout\u00a0\u00bb selon Pascal Coffigneau, qui \u00e0 l\u2019inverse de nombreux praticiens, envisage l\u2019\u00eatre humain dans sa globalit\u00e9 et non plus comme un assemblage d\u2019appareils et d\u2019organes ind\u00e9pendants \u00ab\u00a0le concept d\u2019harmonisation se situe justement l\u00e0, au point de rencontre entre le corps et le mental, il a pour ambition de traiter conjointement cette intersection sensible ou se rejoignent la naissance de l\u2019\u00e9motion et l\u2019empreinte qu\u2019elle imprime sur notre corps\u00a0\u00bb. (Pr\u00e9sentation de l&rsquo;\u00e9diteur)<\/p>\n<p>COFFIGNEAU P.<\/p>\n<p>Publibook<\/p>\n<p>2014-184p.254gr<\/p>\n<p>ISBN\u00a0: 978-2-342-01848-6<\/p>\n<p>Cote doc\u00a0:\u00a03-10-COF-O<\/p>\n<p><strong><em>Uniquement \u00e0 la location<\/em><\/strong><\/p>\n<span class=\"et_bloom_bottom_trigger\"><\/span>","protected":false},"excerpt":{"rendered":"<p>Pascal Coffigneau est kin\u00e9sith\u00e9rapeute et ost\u00e9opathe. En 2000, il cr\u00e9e avec le psychiatre J\u00e9r\u00f4me Palazzolo,&#8230;<\/p>\n","protected":false},"featured_media":521,"comment_status":"open","ping_status":"closed","template":"","meta":{"_et_pb_use_builder":"","_et_pb_old_content":"","_et_gb_content_width":"","spay_email":""},"class_list":["post-522","product","type-product","status-publish","has-post-thumbnail","hentry","product_cat-livres","product_tag-bien-etre","product_tag-concept","product_tag-corps","product_tag-emotion"],"jetpack_sharing_enabled":true,"jetpack_likes_enabled":true,"_links":{"self":[{"href":"https:\/\/www.parthages.be\/eboutique\/wp-json\/wp\/v2\/product\/522","targetHints":{"allow":["GET"]}}],"collection":[{"href":"https:\/\/www.parthages.be\/eboutique\/wp-json\/wp\/v2\/product"}],"about":[{"href":"https:\/\/www.parthages.be\/eboutique\/wp-json\/wp\/v2\/types\/product"}],"replies":[{"embeddable":true,"href":"https:\/\/www.parthages.be\/eboutique\/wp-json\/wp\/v2\/comments?post=522"}],"wp:featuredmedia":[{"embeddable":true,"href":"https:\/\/www.parthages.be\/eboutique\/wp-json\/wp\/v2\/media\/521"}],"wp:attachment":[{"href":"https:\/\/www.parthages.be\/eboutique\/wp-json\/wp\/v2\/media?parent=522"}],"curies":[{"name":"wp","href":"https:\/\/api.w.org\/{rel}","templated":true}]}}