{"id":526,"date":"2015-02-12T08:45:58","date_gmt":"2015-02-12T07:45:58","guid":{"rendered":"https:\/\/www.parthages.be\/wordpress\/produit\/les-troubles-du-comportement-un-defi-a-relever\/"},"modified":"2022-05-16T20:09:20","modified_gmt":"2022-05-16T18:09:20","slug":"les-troubles-du-comportement-un-defi-a-relever","status":"publish","type":"product","link":"https:\/\/www.parthages.be\/eboutique\/produit\/les-troubles-du-comportement-un-defi-a-relever\/","title":{"rendered":"Les troubles du comportement : un d\u00e9fi \u00e0 relever"},"content":{"rendered":"<p>Des conseils et des techniques pratiques pour comprendre et g\u00e9rer trois troubles courants du comportement<\/p>\n<p>Le comportement de tous les \u00e9l\u00e8ves repr\u00e9sente plus ou moins un d\u00e9fi mais, pour certains d\u2019entre eux, le d\u00e9fi est plus grand. Ainsi, il peut s\u2019av\u00e9rer difficile d\u2019enseigner et d\u2019apporter de l\u2019aide \u00e0 ceux qui sont aux prises avec des difficult\u00e9s d\u2019ordre social, \u00e9motif et comportemental. Voil\u00e0 en quoi ce petit livre peut vous aider. Il est ax\u00e9 sur trois troubles particuliers, \u00e0 savoir :<\/p>\n<p>\u2022 le trouble du d\u00e9ficit de l\u2019attention avec ou sans hyperactivit\u00e9 (TDA\/H) ;<\/p>\n<p>\u2022 le trouble oppositionnel avec provocation (TOP) ;<\/p>\n<p>\u2022 le trouble des conduites (TC).<\/p>\n<p>Expert de renomm\u00e9e internationale en mati\u00e8re de TDA\/H, Fintan O\u2019Regan explique pourquoi certains \u00e9l\u00e8ves sont enclins \u00e0 dire qu\u2019ils ne sont pas capables d\u2019apprendre, qu\u2019ils ne veulent pas apprendre ou qu\u2019ils se moquent de l\u2019\u00e9cole. L\u2019auteur consacre des chapitres distincts \u00e0 chacun des troubles et se sert des personnages de Samuel, Ariane et Jeremy pour en illustrer les caract\u00e9ristiques typiques. Les strat\u00e9gies concr\u00e8tes \u00e0 utiliser en classe comprennent des exemples de le\u00e7ons avec des dialogues qui montrent comment des r\u00e9ponses diff\u00e9rentes de l\u2019enseignant peuvent entra\u00eener des r\u00e9sultats diff\u00e9rents.<\/p>\n<p>(Pr\u00e9sentation de l&rsquo;\u00e9diteur)<\/p>\n<p>O\u2019REGAN F<\/p>\n<p>Cheneli\u00e8re Education<\/p>\n<p>2009-128p.113gr-<\/p>\n<p>ISBN\u00a0: 978-2-7650-2570-2<\/p>\n<p>Cote doc : 2-30-ORE-T<\/p>\n<p><strong><em>Uniquement \u00e0 la location<\/em><\/strong><\/p>\n<span class=\"et_bloom_bottom_trigger\"><\/span>","protected":false},"excerpt":{"rendered":"<p>Des conseils et des techniques pratiques pour comprendre et g\u00e9rer trois troubles courants du comportement<\/p>\n","protected":false},"featured_media":525,"comment_status":"open","ping_status":"closed","template":"","meta":{"_et_pb_use_builder":"","_et_pb_old_content":"","_et_gb_content_width":"","spay_email":""},"class_list":["post-526","product","type-product","status-publish","has-post-thumbnail","hentry","product_cat-livres","product_tag-accompagnement","product_tag-adolescent-en-difficulte","product_tag-enfant","product_tag-enseignement","product_tag-hyperactivite","product_tag-outil-pedagogique","product_tag-trouble-de-lattention","product_tag-trouble-du-comportement"],"jetpack_sharing_enabled":true,"jetpack_likes_enabled":true,"_links":{"self":[{"href":"https:\/\/www.parthages.be\/eboutique\/wp-json\/wp\/v2\/product\/526","targetHints":{"allow":["GET"]}}],"collection":[{"href":"https:\/\/www.parthages.be\/eboutique\/wp-json\/wp\/v2\/product"}],"about":[{"href":"https:\/\/www.parthages.be\/eboutique\/wp-json\/wp\/v2\/types\/product"}],"replies":[{"embeddable":true,"href":"https:\/\/www.parthages.be\/eboutique\/wp-json\/wp\/v2\/comments?post=526"}],"wp:featuredmedia":[{"embeddable":true,"href":"https:\/\/www.parthages.be\/eboutique\/wp-json\/wp\/v2\/media\/525"}],"wp:attachment":[{"href":"https:\/\/www.parthages.be\/eboutique\/wp-json\/wp\/v2\/media?parent=526"}],"curies":[{"name":"wp","href":"https:\/\/api.w.org\/{rel}","templated":true}]}}