{"id":528,"date":"2015-02-12T08:48:53","date_gmt":"2015-02-12T07:48:53","guid":{"rendered":"https:\/\/www.parthages.be\/wordpress\/produit\/vivre-avec-alzheimer\/"},"modified":"2022-07-26T07:55:27","modified_gmt":"2022-07-26T05:55:27","slug":"vivre-avec-alzheimer","status":"publish","type":"product","link":"https:\/\/www.parthages.be\/eboutique\/produit\/vivre-avec-alzheimer\/","title":{"rendered":"Vivre avec Alzheimer"},"content":{"rendered":"<p>\u00ab Si on me dit que je suis personnellement atteint ou qu\u2019un de mes proches est atteint de la maladie d\u2019Alzheimer, qu\u2019est-ce que je souhaiterais qu\u2019on m\u2019explique ? \u00bb Telle est la question \u00e0 laquelle ce livre se propose de r\u00e9pondre.<\/p>\n<p>La maladie d\u2019Alzheimer fait peur ; on en parle beaucoup, parfois trop, souvent mal. Voici donc un ouvrage concret et pratique, qui s\u2019adresse en premier aux malades eux-m\u00eames et d\u00e9crit leur quotidien, leur donnant ainsi des rep\u00e8res sur le mal dont ils sont atteints, sans g\u00e9n\u00e9ralisation ni ang\u00e9lisme, ni dramatisation excessive. Ce livre explique les sympt\u00f4mes de la maladie \u00e0 la lumi\u00e8re de ce que l\u2019on sait du fonctionnement de notre cerveau. Et surtout, il propose des conseils pour accompagner les personnes atteintes, sans les infantiliser, dans le respect de leurs particularit\u00e9s, en s\u2019appuyant sur ce qu\u2019elles sont capables de faire et en mobilisant toutes leurs ressources pour continuer \u00e0 communiquer.<\/p>\n<p>En r\u00e9sum\u00e9, un livre pour que la personne atteinte d\u2019une maladie d\u2019Alzheimer reste avant tout une personne, adulte et digne d\u2019int\u00e9r\u00eat, aux yeux des autres et \u00e0 ses propres yeux. (Pr\u00e9sentation de l&rsquo;\u00e9diteur)<\/p>\n<p>CHARLOT V<\/p>\n<p>Mardaga<\/p>\n<p>2013-256p.365gr<\/p>\n<p>ISBN\u00a0: 978-2-80470167-3<\/p>\n<p>Cote doc : 2-30-CHA-V<\/p>\n<span class=\"et_bloom_bottom_trigger\"><\/span>","protected":false},"excerpt":{"rendered":"<p>\u00ab Si on me dit que je suis personnellement atteint ou qu\u2019un de mes proches est atteint de la maladie d\u2019Alzheimer, qu\u2019est-ce que je souhaiterais qu\u2019on m\u2019explique ? \u00bb<\/p>\n","protected":false},"featured_media":527,"comment_status":"open","ping_status":"closed","template":"","meta":{"_et_pb_use_builder":"","_et_pb_old_content":"","_et_gb_content_width":"","spay_email":""},"class_list":["post-528","product","type-product","status-publish","has-post-thumbnail","hentry","product_cat-livres","product_tag-accompagnement","product_tag-alzheimer","product_tag-cerveau","product_tag-dignite","product_tag-maladie","product_tag-respect","product_tag-symptome","product_tag-vie-quotidienne"],"jetpack_sharing_enabled":true,"jetpack_likes_enabled":true,"_links":{"self":[{"href":"https:\/\/www.parthages.be\/eboutique\/wp-json\/wp\/v2\/product\/528","targetHints":{"allow":["GET"]}}],"collection":[{"href":"https:\/\/www.parthages.be\/eboutique\/wp-json\/wp\/v2\/product"}],"about":[{"href":"https:\/\/www.parthages.be\/eboutique\/wp-json\/wp\/v2\/types\/product"}],"replies":[{"embeddable":true,"href":"https:\/\/www.parthages.be\/eboutique\/wp-json\/wp\/v2\/comments?post=528"}],"wp:featuredmedia":[{"embeddable":true,"href":"https:\/\/www.parthages.be\/eboutique\/wp-json\/wp\/v2\/media\/527"}],"wp:attachment":[{"href":"https:\/\/www.parthages.be\/eboutique\/wp-json\/wp\/v2\/media?parent=528"}],"curies":[{"name":"wp","href":"https:\/\/api.w.org\/{rel}","templated":true}]}}