{"id":532,"date":"2015-03-26T14:19:52","date_gmt":"2015-03-26T13:19:52","guid":{"rendered":"https:\/\/www.parthages.be\/wordpress\/produit\/activites-de-la-vie-journaliere-des-enfants-gravement-handicapes\/"},"modified":"2022-03-23T17:07:43","modified_gmt":"2022-03-23T16:07:43","slug":"activites-de-la-vie-journaliere-des-enfants-gravement-handicapes","status":"publish","type":"product","link":"https:\/\/www.parthages.be\/eboutique\/produit\/activites-de-la-vie-journaliere-des-enfants-gravement-handicapes\/","title":{"rendered":"Activit\u00e9s de la vie journali\u00e8re des enfants gravement handicap\u00e9s"},"content":{"rendered":"<p>Andreas Fr\u00f6hlich pr\u00e9sente, dans ce recueil de textes, l\u2019approche de la stimulation basale sous un angle p\u00e9dagogique. Une approche avant tout globale et humaniste de l\u2019accompagnement de la personne polyhandicap\u00e9e ou gravement malade, qui ne cesse d\u2019\u00e9voluer depuis plus de trente ans.<\/p>\n<p>La stimulation basale change l\u2019image que nous nous faisons des enfants gravement handicap\u00e9s. Elle \u00e9claire notre compr\u00e9hension et notre capacit\u00e9 \u00e0 aller \u00e0 la rencontre de ces enfants. Accompagner, au sens basal du terme, est avant tout donner du sens \u00e0 ce que vit la personne dans sa globalit\u00e9 en valorisant ses comp\u00e9tences sensori-motrices et cognitives ; en respectant ses \u00e9motions, ses sentiments ; en stimulant ses capacit\u00e9s \u00e0 communiquer.<\/p>\n<p>Le premier chapitre \u00e9voque l\u2019importance des \u00ab trois s\u0153urs \u00bb que sont l\u2019attitude, la comp\u00e9tence et la technique, indissociables et primordiales pour offrir un accompagnement de qualit\u00e9.<\/p>\n<p>\u00a0<\/p>\n<p>Le deuxi\u00e8me chapitre \u00e9voque les difficult\u00e9s d\u2019apprentissage li\u00e9es au handicap grave, et propose un accompagnement p\u00e9dagogique basal en r\u00e9ponse \u00e0 ces difficult\u00e9s.<\/p>\n<p>\u00a0<\/p>\n<p>Le troisi\u00e8me chapitre nous am\u00e8ne \u00e0 r\u00e9fl\u00e9chir \u00e0 l\u2019importance des activit\u00e9s de la vie journali\u00e8re en tant qu\u2019exp\u00e9riences de communication et de perception riches et significatives.<\/p>\n<p>L\u2019auteur conclut par le t\u00e9moignage d\u2019une rencontre avec Annalena, une jeune fille polyhandicap\u00e9e. (Pr\u00e9sentation de l&rsquo;\u00e9diteur)<\/p>\n<p>FROHLICH A.<\/p>\n<p>De Boeck<\/p>\n<p>2014-62p.- 202gr-13\u20ac<\/p>\n<p>ISBN\u00a0: 978-2-35327-295-2<\/p>\n<span class=\"et_bloom_bottom_trigger\"><\/span>","protected":false},"excerpt":{"rendered":"<p>Andreas Fr\u00f6hlich pr\u00e9sente, dans ce recueil de textes, l\u2019approche de la stimulation basale sous un angle p\u00e9dagogique.<\/p>\n","protected":false},"featured_media":531,"comment_status":"open","ping_status":"closed","template":"","meta":{"_et_pb_use_builder":"","_et_pb_old_content":"","_et_gb_content_width":"","spay_email":""},"class_list":["post-532","product","type-product","status-publish","has-post-thumbnail","hentry","product_cat-livres"],"jetpack_sharing_enabled":true,"jetpack_likes_enabled":true,"_links":{"self":[{"href":"https:\/\/www.parthages.be\/eboutique\/wp-json\/wp\/v2\/product\/532","targetHints":{"allow":["GET"]}}],"collection":[{"href":"https:\/\/www.parthages.be\/eboutique\/wp-json\/wp\/v2\/product"}],"about":[{"href":"https:\/\/www.parthages.be\/eboutique\/wp-json\/wp\/v2\/types\/product"}],"replies":[{"embeddable":true,"href":"https:\/\/www.parthages.be\/eboutique\/wp-json\/wp\/v2\/comments?post=532"}],"wp:featuredmedia":[{"embeddable":true,"href":"https:\/\/www.parthages.be\/eboutique\/wp-json\/wp\/v2\/media\/531"}],"wp:attachment":[{"href":"https:\/\/www.parthages.be\/eboutique\/wp-json\/wp\/v2\/media?parent=532"}],"curies":[{"name":"wp","href":"https:\/\/api.w.org\/{rel}","templated":true}]}}