{"id":534,"date":"2015-03-26T14:21:41","date_gmt":"2015-03-26T13:21:41","guid":{"rendered":"https:\/\/www.parthages.be\/wordpress\/produit\/autisme-et-tsa\/"},"modified":"2022-06-07T08:20:55","modified_gmt":"2022-06-07T06:20:55","slug":"autisme-et-tsa","status":"publish","type":"product","link":"https:\/\/www.parthages.be\/eboutique\/produit\/autisme-et-tsa\/","title":{"rendered":"Autisme et TSA &#8211; Quelles r\u00e9alit\u00e9s pour les parents au Qu\u00e9bec ?"},"content":{"rendered":"<p>Autisme, troubles envahissants du d\u00e9veloppement (TED), troubles du spectre de l\u2019autisme (TSA)\u2026 Aujourd\u2019hui, presque tout le monde conna\u00eet, dans son entourage \u00e9loign\u00e9 ou imm\u00e9diat, un enfant ayant re\u00e7u l\u2019un de ces diagnostics. \u00catre parent d\u2019un enfant atteint par l\u2019un de ces troubles constitue en effet une r\u00e9alit\u00e9 de plus en plus courante. Afin de mieux comprendre le quotidien et les besoins des parents concern\u00e9s, les auteures ont voulu leur donner la parole, en menant des recherches sur l\u2019exp\u00e9rience des p\u00e8res et des m\u00e8res par l\u2019entremise de questionnaires et d\u2019entrevues.<\/p>\n<p>Cet ouvrage pr\u00e9sente une synth\u00e8se des r\u00e9sultats de leurs travaux, sous une forme plus accessible, pour que les personnes directement touch\u00e9es par la probl\u00e9matique des TSA, qu\u2019il s\u2019agisse d\u2019intervenantes, d\u2019enseignantes ou des parents eux-m\u00eames, puissent en prendre connaissance. Il met en lumi\u00e8re les difficult\u00e9s que les parents rencontrent, mais aussi la force dont ils font preuve ainsi que les ressources qu\u2019ils mobilisent pour leur enfant. En plus de traiter du bien-\u00eatre des parents, il aborde d\u2019autres aspects qui sont peu document\u00e9s, comme l\u2019implication de ceux-ci dans le programme de stimulation de leur enfant, leur exp\u00e9rience de la conciliation travail-famille, les qualit\u00e9s qu\u2019ils per\u00e7oivent chez leur enfant ou encore le soutien que peuvent leur procurer des intervenantes ou d\u2019autres parents actifs dans des forums de discussion sur le Web. Surtout, il propose des solutions concr\u00e8tes pour que soient mises en place des pratiques d\u2019intervention qui correspondent v\u00e9ritablement aux besoins des parents. (Pr\u00e9sentation de l&rsquo;\u00e9diteur)<\/p>\n<p>DES RIVIERES-PIGEON D.- COURCY I.<\/p>\n<p>Presses de l&rsquo;universit\u00e9 du Quebec<\/p>\n<p>2014-184p.300gr-23\u20ac<\/p>\n<p>ISBN\u00a0: 978-2-7605-3968-6<\/p>\n<p>Cote doc: 1-70-DES-A<\/p>\n<span class=\"et_bloom_bottom_trigger\"><\/span>","protected":false},"excerpt":{"rendered":"<p>Autisme, troubles envahissants du d\u00e9veloppement (TED), troubles du spectre de l\u2019autisme (TSA)\u2026 Aujourd\u2019hui, presque tout le monde conna\u00eet, dans son entourage \u00e9loign\u00e9 ou imm\u00e9diat, un enfant ayant re\u00e7u l\u2019un de ces diagnostics.<\/p>\n","protected":false},"featured_media":533,"comment_status":"open","ping_status":"closed","template":"","meta":{"_et_pb_use_builder":"","_et_pb_old_content":"","_et_gb_content_width":"","spay_email":""},"class_list":["post-534","product","type-product","status-publish","has-post-thumbnail","hentry","product_cat-livres"],"jetpack_sharing_enabled":true,"jetpack_likes_enabled":true,"_links":{"self":[{"href":"https:\/\/www.parthages.be\/eboutique\/wp-json\/wp\/v2\/product\/534","targetHints":{"allow":["GET"]}}],"collection":[{"href":"https:\/\/www.parthages.be\/eboutique\/wp-json\/wp\/v2\/product"}],"about":[{"href":"https:\/\/www.parthages.be\/eboutique\/wp-json\/wp\/v2\/types\/product"}],"replies":[{"embeddable":true,"href":"https:\/\/www.parthages.be\/eboutique\/wp-json\/wp\/v2\/comments?post=534"}],"wp:featuredmedia":[{"embeddable":true,"href":"https:\/\/www.parthages.be\/eboutique\/wp-json\/wp\/v2\/media\/533"}],"wp:attachment":[{"href":"https:\/\/www.parthages.be\/eboutique\/wp-json\/wp\/v2\/media?parent=534"}],"curies":[{"name":"wp","href":"https:\/\/api.w.org\/{rel}","templated":true}]}}