{"id":538,"date":"2015-03-26T14:28:24","date_gmt":"2015-03-26T13:28:24","guid":{"rendered":"https:\/\/www.parthages.be\/wordpress\/produit\/vieillissement-et-demences-un-defi-medical-scientifique-et-socio-economique\/"},"modified":"2021-08-09T10:42:32","modified_gmt":"2021-08-09T08:42:32","slug":"vieillissement-et-demences-un-defi-medical-scientifique-et-socio-economique","status":"publish","type":"product","link":"https:\/\/www.parthages.be\/eboutique\/produit\/vieillissement-et-demences-un-defi-medical-scientifique-et-socio-economique\/","title":{"rendered":"Vieillissement et d\u00e9mences : Un d\u00e9fi m\u00e9dical, scientifique et socio-\u00e9conomique"},"content":{"rendered":"<p>Dans le cadre des relations scientifiques et m\u00e9dicales entre la France et le Qu\u00e9bec, l\u2019Acad\u00e9mie nationale de m\u00e9decine et la D\u00e9l\u00e9gation g\u00e9n\u00e9rale du Qu\u00e9bec \u00e0 Paris ont accueilli, le 21 octobre 2013, \u00e0 l\u2019Acad\u00e9mie, les chercheurs des deux pays engag\u00e9s dans l\u2019\u00e9tude du vieillissement normal et pathologique, des d\u00e9mences et des maladies neurod\u00e9g\u00e9n\u00e9ratives. Cette r\u00e9union s\u2019inscrit dans les missions de l\u2019Acad\u00e9mie : participer au d\u00e9veloppement des connaissances m\u00e9dicales, notamment dans des maladies importantes pour la sant\u00e9 publique, et poursuivre les collaborations scientifiques et m\u00e9dicales.<\/p>\n<p>Elle a r\u00e9uni des experts reconnus des deux pays qui ont effectu\u00e9 un large tour d\u2019horizon, exceptionnellement document\u00e9. Ils apportent des informations souvent in\u00e9dites sur l\u2019\u00e9pid\u00e9miologie, l\u2019impact d\u00e9mographique et \u00e9conomique, la pr\u00e9vention, l\u2019organisation des soins, l\u2019\u00e9thique, la prise en charge m\u00e9dico-sociale des patients et de leurs aidants. Les nouvelles pistes de recherche fondamentale et appliqu\u00e9e et les espoirs de nouveaux traitements qu\u2019elles font na\u00eetre, notamment dans la maladie d\u2019Alzheimer et les affections apparent\u00e9es, sont expos\u00e9s. Ce nouveau rapport de l\u2019Acad\u00e9mie nationale de m\u00e9decine int\u00e9ressera un vaste public compos\u00e9 non seulement des scientifiques et des soignants impliqu\u00e9s au quotidien dans la lutte contre la maladie, des familles des malades et des associations qui les repr\u00e9sentent, mais \u00e9galement, pour un vieillissement \u00ab r\u00e9ussi et souriant \u00bb, toutes celles et ceux qui veulent vivre un troisi\u00e8me \u00e2ge agr\u00e9able. (Pr\u00e9sentation de l&rsquo;\u00e9diteur)<\/p>\n<p>TILLEMENT J-P.- HAUW J-J.- PAPADOPOULOS V.<\/p>\n<p>M\u00e9decine Sciences Publications-Lavoisier<\/p>\n<p>2014-179p.- 323gr-39,00\u20ac<\/p>\n<p>ISBN\u00a0: 978-2-257-20602-2<\/p>\n<p>Cote doc\u00a0:7-50-TIL-V<\/p>\n<span class=\"et_bloom_bottom_trigger\"><\/span>","protected":false},"excerpt":{"rendered":"<p>Dans le cadre des relations scientifiques et m\u00e9dicales entre la France et le Qu\u00e9bec, l\u2019Acad\u00e9mie nationale de m\u00e9decine et la D\u00e9l\u00e9gation g\u00e9n\u00e9rale du Qu\u00e9bec \u00e0 Paris ont accueilli, le 21 octobre 2013, \u00e0 l\u2019Acad\u00e9mie, les chercheurs des deux pays engag\u00e9s dans l\u2019\u00e9tude du vieillissement normal et pathologique, des d\u00e9mences et des maladies neurod\u00e9g\u00e9n\u00e9ratives.<\/p>\n","protected":false},"featured_media":537,"comment_status":"open","ping_status":"closed","template":"","meta":{"_et_pb_use_builder":"","_et_pb_old_content":"","_et_gb_content_width":"","spay_email":""},"class_list":["post-538","product","type-product","status-publish","has-post-thumbnail","hentry","product_cat-livres","product_tag-alzheimer","product_tag-demence","product_tag-epidemiologie","product_tag-impact","product_tag-medecine","product_tag-prevention","product_tag-prise-en-charge","product_tag-recherche","product_tag-vieillissement"],"jetpack_sharing_enabled":true,"jetpack_likes_enabled":true,"_links":{"self":[{"href":"https:\/\/www.parthages.be\/eboutique\/wp-json\/wp\/v2\/product\/538","targetHints":{"allow":["GET"]}}],"collection":[{"href":"https:\/\/www.parthages.be\/eboutique\/wp-json\/wp\/v2\/product"}],"about":[{"href":"https:\/\/www.parthages.be\/eboutique\/wp-json\/wp\/v2\/types\/product"}],"replies":[{"embeddable":true,"href":"https:\/\/www.parthages.be\/eboutique\/wp-json\/wp\/v2\/comments?post=538"}],"wp:featuredmedia":[{"embeddable":true,"href":"https:\/\/www.parthages.be\/eboutique\/wp-json\/wp\/v2\/media\/537"}],"wp:attachment":[{"href":"https:\/\/www.parthages.be\/eboutique\/wp-json\/wp\/v2\/media?parent=538"}],"curies":[{"name":"wp","href":"https:\/\/api.w.org\/{rel}","templated":true}]}}