{"id":540,"date":"2015-03-26T14:30:02","date_gmt":"2015-03-26T13:30:02","guid":{"rendered":"https:\/\/www.parthages.be\/wordpress\/produit\/troubles-d-apprentissage-chez-l-enfant\/"},"modified":"2022-05-16T20:58:52","modified_gmt":"2022-05-16T18:58:52","slug":"troubles-d-apprentissage-chez-l-enfant","status":"publish","type":"product","link":"https:\/\/www.parthages.be\/eboutique\/produit\/troubles-d-apprentissage-chez-l-enfant\/","title":{"rendered":"Troubles d&rsquo;apprentissage chez l&rsquo;enfant"},"content":{"rendered":"<p>Les chemins qu\u2019empruntent les enfants pour apprendre gardent toujours une part de myst\u00e8re et r\u00e9servent nombre de surprises, le plus souvent fort agr\u00e9ables.<\/p>\n<p>Lorsque des emb\u00fbches se pr\u00e9sentent, lorsque l\u2019enfant peine pour apprendre, les parents, l\u2019entourage familial ou \u00e9ducatif au sens large ainsi que les enseignants, sont bien souvent pris au d\u00e9pourvu. L\u2019appel aux professionnels de sant\u00e9 est devenu un recours incontournable, d\u00e8s que des \u00ab difficult\u00e9s d\u2019apprentissage \u00bb sont rep\u00e9r\u00e9es chez un enfant. \u00c9couter, observer&#8230; pour pouvoir aider au mieux, voici le d\u00e9fi auquel sont confront\u00e9s les soignants en collaboration avec la famille et l\u2019\u00e9quipe enseignante.<\/p>\n<p>Les auteurs de cet ouvrage \u2013 p\u00e9dopsychiatres, psychologues, orthophonistes \u2013 s\u2019appuient sur une longue exp\u00e9rience clinique de consultation hospitali\u00e8re sp\u00e9cialis\u00e9e d\u00e9di\u00e9e aux troubles du langage et des apprentissages chez l\u2019enfant (centre r\u00e9f\u00e9rent). L\u2019enjeu d\u2019un bilan pluridisciplinaire r\u00e9alis\u00e9 dans ce cadre est de proposer une analyse approfondie des difficult\u00e9s, et de d\u00e9gager, \u00e0 partir des observations recueillies, des points d\u2019appui et des leviers afin d\u2019orienter les actions th\u00e9rapeutiques et les rem\u00e9diations dont pourra b\u00e9n\u00e9ficier l\u2019enfant en difficult\u00e9. Les nombreuses vignettes cliniques d\u00e9crivant le parcours des enfants au sein de ce centre r\u00e9f\u00e9rent ainsi que la description des outils de travail clinique utilis\u00e9s, feront partager au lecteur l\u2019exp\u00e9rience quotidienne de l\u2019\u00e9quipe d\u2019auteurs cliniciens. Largement illustr\u00e9 par des cas cliniques \u00e9vocateurs, ce livre int\u00e9ressera tous les acteurs du soin \u2013 \u00e9quipes de proximit\u00e9 (CMP, CMPP, SESSAD&#8230; ), \u00e9quipes hospitali\u00e8res sp\u00e9cialis\u00e9es et praticiens lib\u00e9raux (orthophonistes, psychologues, psychomotriciens, ergoth\u00e9rapeutes, psychop\u00e9dagogues, p\u00e9diatres, p\u00e9dopsychiatres, neurop\u00e9diatres&#8230;) \u2013 ainsi que les acteurs des champs p\u00e9dagogique, \u00e9ducatif et associatif, engag\u00e9s aupr\u00e8s des enfants, sans oublier les familles. (Pr\u00e9sentation de l&rsquo;\u00e9diteur)<\/p>\n<p>LENOBLE E.- DURAZZI D.<\/p>\n<p>Lavoisier<\/p>\n<p>2014-175p.280gr-29\u20ac<\/p>\n<p>ISBN\u00a0: 978-2-257-20584-1<\/p>\n<p>Cote doc : 2-20-LEN-T<\/p>\n<span class=\"et_bloom_bottom_trigger\"><\/span>","protected":false},"excerpt":{"rendered":"<p>Les chemins qu\u2019empruntent les enfants pour apprendre gardent toujours une part de myst\u00e8re et r\u00e9servent nombre de surprises, le plus souvent fort agr\u00e9ables.<\/p>\n","protected":false},"featured_media":539,"comment_status":"open","ping_status":"closed","template":"","meta":{"_et_pb_use_builder":"","_et_pb_old_content":"","_et_gb_content_width":"","spay_email":""},"class_list":["post-540","product","type-product","status-publish","has-post-thumbnail","hentry","product_cat-livres","product_cat-livres-jeunesse","product_tag-action","product_tag-aide","product_tag-ecoute","product_tag-enfant","product_tag-observation","product_tag-outil","product_tag-relation-famille-soignant","product_tag-trouble-de-lapprentissage","product_tag-trouble-du-langage"],"jetpack_sharing_enabled":true,"jetpack_likes_enabled":true,"_links":{"self":[{"href":"https:\/\/www.parthages.be\/eboutique\/wp-json\/wp\/v2\/product\/540","targetHints":{"allow":["GET"]}}],"collection":[{"href":"https:\/\/www.parthages.be\/eboutique\/wp-json\/wp\/v2\/product"}],"about":[{"href":"https:\/\/www.parthages.be\/eboutique\/wp-json\/wp\/v2\/types\/product"}],"replies":[{"embeddable":true,"href":"https:\/\/www.parthages.be\/eboutique\/wp-json\/wp\/v2\/comments?post=540"}],"wp:featuredmedia":[{"embeddable":true,"href":"https:\/\/www.parthages.be\/eboutique\/wp-json\/wp\/v2\/media\/539"}],"wp:attachment":[{"href":"https:\/\/www.parthages.be\/eboutique\/wp-json\/wp\/v2\/media?parent=540"}],"curies":[{"name":"wp","href":"https:\/\/api.w.org\/{rel}","templated":true}]}}