{"id":546,"date":"2015-04-10T10:36:38","date_gmt":"2015-04-10T08:36:38","guid":{"rendered":"https:\/\/www.parthages.be\/wordpress\/produit\/autisme-guide-pratique-pedagogique\/"},"modified":"2023-05-09T08:56:26","modified_gmt":"2023-05-09T06:56:26","slug":"autisme-guide-pratique-pedagogique","status":"publish","type":"product","link":"https:\/\/www.parthages.be\/eboutique\/produit\/autisme-guide-pratique-pedagogique\/","title":{"rendered":"Autisme: guide pratique p\u00e9dagogique"},"content":{"rendered":"<p>Nous le c\u00f4toyons chaque jour sans r\u00e9ellement le conna\u00eetre. Il nous touche directement ou indirectement et nous laisse le plus souvent impuissants et vuln\u00e9rables. Pourtant, si l\u2019autisme a aujourd\u2019hui acquis un tel pouvoir, c\u2019est uniquement parce que nous le lui avons laiss\u00e9. Il est donc temps d\u2019arr\u00eater de le surestimer et de lui donner enfin la place qu\u2019il m\u00e9rite. Comme la surdit\u00e9 ou la c\u00e9cit\u00e9, l\u2019autisme est avant tout un obstacle et en aucun cas, il ne doit emp\u00eacher le d\u00e9veloppement d\u2019une personne. Quel que soit le niveau d\u2019une personne autiste, chaque parent, proche et professionnel a le droit de retrousser ses manches et d\u2019esp\u00e9rer une \u00e9volution favorable. Pour cela, les familles ont aujourd\u2019hui le choix entre plusieurs m\u00e9thodes \u00e9ducatives connues et moins connues qui ont fait leurs preuves.<\/p>\n<p>Cependant, \u00e0 moins de pouvoir b\u00e9n\u00e9ficier d\u2019une intervention quotidienne de professionnels motiv\u00e9s et qualifi\u00e9s, les familles se retrouvent le plus souvent d\u00e9munies et tiraill\u00e9es entre toutes ces m\u00e9thodes sans jamais pouvoir les appliquer correctement. L\u2019\u00e9l\u00e8ve autiste progresse alors difficilement et trop souvent dans la frustration. Parce qu\u2019affaiblir l\u2019autisme est un combat \u00e9reintant lorsqu\u2019on ne dispose pas des bonnes armes, il \u00e9tait n\u00e9cessaire de mettre enfin \u00e0 la disposition des familles un guide pratique accessible et pr\u00eat \u00e0 l\u2019emploi. AUTISME &#8211; GUIDE PRATIQUE P\u00c9DAGOGIQUE est le r\u00e9sultat de plusieurs ann\u00e9es d\u2019enseignement aupr\u00e8s d\u2019\u00e9l\u00e8ves autistes de tous niveaux. Ce manuel \u00e9ducatif a pour objet d\u2019aider parents et proches \u00e0 devenir des \u00ab professeurs privil\u00e9gi\u00e9s \u00bb pour leur \u00e9l\u00e8ve autiste. Il comprend un programme, des techniques et des outils efficaces visant \u00e0 faciliter la r\u00e9alisation de cette mission. Une personne autiste peut apprendre et se d\u00e9velopper si on lui en donne les moyens. Il ne s\u2019agit pas ici d\u2019enseigner \u00e0 la personne autiste le quotidien mais de lui fournir ce qui va lui permettre d\u2019avancer par elle-m\u00eame, de l\u2019aider \u00e0 acqu\u00e9rir les bases n\u00e9cessaires \u00e0 son d\u00e9veloppement en supprimant ou contournant les obstacles qui l\u2019emp\u00eachent aujourd\u2019hui d\u2019avancer et en tenant compte de ses besoins sp\u00e9cifiques. Jouer, \u00e9changer, \u00e9crire et lire pour mieux communiquer seront les bases que vous enseignerez. (Pr\u00e9sentation de l&rsquo;\u00e9diteur)<\/p>\n<p>RYRE L.<\/p>\n<p>Les Editions du Net<\/p>\n<p>2014-180p-300g<\/p>\n<p>ISBN\u00a0: 978-2-312-02329-8<\/p>\n<p>Cote doc\u00a0: 3-30-RYR-A<\/p>\n<p><strong><em>Uniquement \u00e0 la location<\/em><\/strong><\/p>\n<span class=\"et_bloom_bottom_trigger\"><\/span>","protected":false},"excerpt":{"rendered":"<p>Nous le c\u00f4toyons chaque jour sans r\u00e9ellement le conna\u00eetre. Il nous touche directement ou indirectement et nous laisse le plus souvent impuissants et vuln\u00e9rables.<\/p>\n","protected":false},"featured_media":545,"comment_status":"open","ping_status":"closed","template":"","meta":{"_et_pb_use_builder":"","_et_pb_old_content":"","_et_gb_content_width":"","spay_email":""},"class_list":["post-546","product","type-product","status-publish","has-post-thumbnail","hentry","product_cat-livres","product_tag-autisme","product_tag-education","product_tag-famille","product_tag-methodologie","product_tag-outil-pedagogique","product_tag-pedagogie","product_tag-programme","product_tag-relation-parent-enfant","product_tag-technique-daide"],"jetpack_sharing_enabled":true,"jetpack_likes_enabled":true,"_links":{"self":[{"href":"https:\/\/www.parthages.be\/eboutique\/wp-json\/wp\/v2\/product\/546","targetHints":{"allow":["GET"]}}],"collection":[{"href":"https:\/\/www.parthages.be\/eboutique\/wp-json\/wp\/v2\/product"}],"about":[{"href":"https:\/\/www.parthages.be\/eboutique\/wp-json\/wp\/v2\/types\/product"}],"replies":[{"embeddable":true,"href":"https:\/\/www.parthages.be\/eboutique\/wp-json\/wp\/v2\/comments?post=546"}],"wp:featuredmedia":[{"embeddable":true,"href":"https:\/\/www.parthages.be\/eboutique\/wp-json\/wp\/v2\/media\/545"}],"wp:attachment":[{"href":"https:\/\/www.parthages.be\/eboutique\/wp-json\/wp\/v2\/media?parent=546"}],"curies":[{"name":"wp","href":"https:\/\/api.w.org\/{rel}","templated":true}]}}