{"id":552,"date":"2015-04-14T14:15:33","date_gmt":"2015-04-14T12:15:33","guid":{"rendered":"https:\/\/www.parthages.be\/wordpress\/produit\/petit-cahier-d-exercices-de-communication-non-verbale\/"},"modified":"2015-04-14T14:15:33","modified_gmt":"2015-04-14T12:15:33","slug":"petit-cahier-d-exercices-de-communication-non-verbale","status":"publish","type":"product","link":"https:\/\/www.parthages.be\/eboutique\/produit\/petit-cahier-d-exercices-de-communication-non-verbale\/","title":{"rendered":"Petit cahier d&rsquo;exercices de Communication non verbale"},"content":{"rendered":"<p>L\u2019essentiel de la communication est non verbale : les mots ne sont que l\u2019\u00e9cume des messages, la partie visible de l\u2019iceberg.<\/p>\n<p>Le langage non verbal est constitu\u00e9 de gestes, mimiques, variations imperceptibles dans l\u2019intonation, attitudes, tout un ensemble de param\u00e8tres que la plupart d\u2019entre nous ne ma\u00eetrisent pas, mais qui renseignent bien plus s\u00fbrement que les mots prononc\u00e9s.<\/p>\n<p>Avez-vous une id\u00e9e de tous les types d\u2019\u00e9changes non verbaux que nous \u00e9mettons ou recevons ? Avez-vous conscience de ceux que vous produisez ?<\/p>\n<p>Apprenez dans ce petit cahier tr\u00e8s concret \u00e0 d\u00e9coder ces messages et \u00e0 les utiliser \u00e0 bon escient.<\/p>\n<p>Une mine d\u2019or pour d\u00e9coder tout ce que l\u2019on ne vous dit pas !<\/p>\n<p>\u00ab Je parle avec mon corps, et ceci sans le savoir. Je dis donc toujours plus que je n\u2019en sais. \u00bb Jacques Lacan!(pr\u00e9sentation de l&rsquo;\u00e9diteur)<\/p>\n<p>\u00a0<\/p>\n<p>RAS P.-AUGAGNEUR J.<\/p>\n<p>Editions Jouvence<\/p>\n<p>2014-64p.- 115gr-6.90\u20ac<\/p>\n<p>ISBN\u00a0:\u00a0978-2-88911-516-7<\/p>\n<span class=\"et_bloom_bottom_trigger\"><\/span>","protected":false},"excerpt":{"rendered":"<p>L\u2019essentiel de la communication est non verbale : les mots ne sont que l\u2019\u00e9cume des messages, la partie visible de l\u2019iceberg.<\/p>\n","protected":false},"featured_media":551,"comment_status":"open","ping_status":"closed","template":"","meta":{"_et_pb_use_builder":"","_et_pb_old_content":"","_et_gb_content_width":"","spay_email":""},"class_list":["post-552","product","type-product","status-publish","has-post-thumbnail","hentry","product_cat-livres","product_tag-bien-etre","product_tag-communication-non-vernale","product_tag-technique-de-developpement-perso"],"jetpack_sharing_enabled":true,"jetpack_likes_enabled":true,"_links":{"self":[{"href":"https:\/\/www.parthages.be\/eboutique\/wp-json\/wp\/v2\/product\/552","targetHints":{"allow":["GET"]}}],"collection":[{"href":"https:\/\/www.parthages.be\/eboutique\/wp-json\/wp\/v2\/product"}],"about":[{"href":"https:\/\/www.parthages.be\/eboutique\/wp-json\/wp\/v2\/types\/product"}],"replies":[{"embeddable":true,"href":"https:\/\/www.parthages.be\/eboutique\/wp-json\/wp\/v2\/comments?post=552"}],"wp:featuredmedia":[{"embeddable":true,"href":"https:\/\/www.parthages.be\/eboutique\/wp-json\/wp\/v2\/media\/551"}],"wp:attachment":[{"href":"https:\/\/www.parthages.be\/eboutique\/wp-json\/wp\/v2\/media?parent=552"}],"curies":[{"name":"wp","href":"https:\/\/api.w.org\/{rel}","templated":true}]}}