{"id":554,"date":"2015-04-14T14:15:53","date_gmt":"2015-04-14T12:15:53","guid":{"rendered":"https:\/\/www.parthages.be\/wordpress\/produit\/petit-cahier-d-exercices-pour-pratiquer-l-eft\/"},"modified":"2015-04-14T14:15:53","modified_gmt":"2015-04-14T12:15:53","slug":"petit-cahier-d-exercices-pour-pratiquer-l-eft","status":"publish","type":"product","link":"https:\/\/www.parthages.be\/eboutique\/produit\/petit-cahier-d-exercices-pour-pratiquer-l-eft\/","title":{"rendered":"Petit cahier d&rsquo;exercices pour pratiquer l&rsquo;EFT"},"content":{"rendered":"<p>Aimeriez-vous disposer d\u2019un moyen simple d\u2019apprivoiser vos peurs et vos angoisses ? D\u2019outils efficaces pour effacer ais\u00e9ment les traces \u00e9motionnelles de vos traumatismes pass\u00e9s ? De quelques gestes \u00e9l\u00e9mentaires pour soulager votre corps \u2013 et votre esprit \u2013 de tensions r\u00e9currentes ?<\/p>\n<p>Ce petit cahier d\u2019exercices r\u00e9pondra \u00e0 ces besoins en vous faisant pratiquer l\u2019EFT, Emotional Freedom Techniques (litt\u00e9ralement : Techniques de lib\u00e9ration des \u00e9motions), une m\u00e9thode \u00e0 la port\u00e9e de tous ayant pour but d\u2019all\u00e9ger les souffrances \u00e9motionnelles et psychologiques.<\/p>\n<p>\u00c0 l\u2019aide d\u2019exercices de visualisation, de citations \u00e0 m\u00e9diter, du suivi de vos \u00e9tats \u00e9motionnels et gr\u00e2ce \u00e0 la stimulation de vos points d\u2019acupuncture, ce cahier vous accompagnera dans vos pas vers la s\u00e9r\u00e9nit\u00e9 et sera le soutien d\u2019une pratique r\u00e9guli\u00e8re, vous menant sur le chemin de l\u2019autonomie et de la confiance.<\/p>\n<p>Lib\u00e9rez-vous de vos souffrances \u00e9motionnelles et psychologiques !(pr\u00e9sentaion de l&rsquo;\u00e9diteur)<\/p>\n<p>\u00a0<\/p>\n<p>HURTADO-GRACIET M-E.- AUGAGNEUR J.<\/p>\n<p>Editions Jouvence<\/p>\n<p>2014-64p-120g-6.90\u20ac<\/p>\n<p>ISBN\u00a0: 978-2-88911-512-9<\/p>\n<span class=\"et_bloom_bottom_trigger\"><\/span>","protected":false},"excerpt":{"rendered":"<p>Aimeriez-vous disposer d\u2019un moyen simple d\u2019apprivoiser vos peurs et vos angoisses ?<\/p>\n","protected":false},"featured_media":553,"comment_status":"open","ping_status":"closed","template":"","meta":{"_et_pb_use_builder":"","_et_pb_old_content":"","_et_gb_content_width":"","spay_email":""},"class_list":["post-554","product","type-product","status-publish","has-post-thumbnail","hentry","product_cat-livres","product_tag-bien-etre","product_tag-eft","product_tag-emotion","product_tag-technique-de-developpement-perso"],"jetpack_sharing_enabled":true,"jetpack_likes_enabled":true,"_links":{"self":[{"href":"https:\/\/www.parthages.be\/eboutique\/wp-json\/wp\/v2\/product\/554","targetHints":{"allow":["GET"]}}],"collection":[{"href":"https:\/\/www.parthages.be\/eboutique\/wp-json\/wp\/v2\/product"}],"about":[{"href":"https:\/\/www.parthages.be\/eboutique\/wp-json\/wp\/v2\/types\/product"}],"replies":[{"embeddable":true,"href":"https:\/\/www.parthages.be\/eboutique\/wp-json\/wp\/v2\/comments?post=554"}],"wp:featuredmedia":[{"embeddable":true,"href":"https:\/\/www.parthages.be\/eboutique\/wp-json\/wp\/v2\/media\/553"}],"wp:attachment":[{"href":"https:\/\/www.parthages.be\/eboutique\/wp-json\/wp\/v2\/media?parent=554"}],"curies":[{"name":"wp","href":"https:\/\/api.w.org\/{rel}","templated":true}]}}