{"id":560,"date":"2015-04-14T14:31:50","date_gmt":"2015-04-14T12:31:50","guid":{"rendered":"https:\/\/www.parthages.be\/wordpress\/produit\/autonomie-et-handicap-moteur-representations-et-accompagnements\/"},"modified":"2015-04-14T14:31:50","modified_gmt":"2015-04-14T12:31:50","slug":"autonomie-et-handicap-moteur-representations-et-accompagnements","status":"publish","type":"product","link":"https:\/\/www.parthages.be\/eboutique\/produit\/autonomie-et-handicap-moteur-representations-et-accompagnements\/","title":{"rendered":"Autonomie et handicap moteur repr\u00e9sentations et accompagnements"},"content":{"rendered":"<p>\u00ab\u00a0C&rsquo;est quoi, \u00eatre autonome, quand on a un handicap moteur?\u00a0\u00bb<\/p>\n<p>La notion d&rsquo;autonomie est devenue centrale en mati\u00e8re de handicap. Tout le monde en parle, la souhaite, mais personne n&rsquo;en parle ni ne la souhaite de la m\u00eame fa\u00e7on. Des confusions apparaissent, des malentendus peuvent voir le jour.<\/p>\n<p>Comment mieux comprendre une chose si compliqu\u00e9e \u00e0 dire et tout autant \u00e0 vivre et \u00e0 apprendre ?<\/p>\n<p>\u00c0 partir d&rsquo;une pratique d&rsquo;accompagnement diversifi\u00e9, l&rsquo;auteur nous invite \u00e0 &#8211; clarifier la notion d&rsquo;autonomie, en rep\u00e9rer les paradoxes,<\/p>\n<p>&#8211; identifier les diff\u00e9rents mod\u00e8les de repr\u00e9sentation \u00e0 l&rsquo;oeuvre autour de cette notion,<\/p>\n<p>&#8211; cerner les strat\u00e9gies mises en oeuvre par les diff\u00e9rents acteurs, &#8211; comprendre l&rsquo;importance des interactions,<\/p>\n<p>&#8211; rep\u00e9rer les stades d&rsquo;un processus d&rsquo;autonomie, &#8211; appr\u00e9hender l&rsquo;art de g\u00e9rer les d\u00e9pendances,<\/p>\n<p>&#8211; d\u00e9finir les champs possibles d&rsquo;exp\u00e9rimentation, &#8211; construire un projet d&rsquo;autonomie.<\/p>\n<p>Ce travail articule th\u00e9orie et pratique, il est illustr\u00e9 de nombreux exemples. II pr\u00e9sente des supports de travail (ex : projet individualis\u00e9&#8230;). Il s&rsquo;inscrit pleinement dans les exigences du cadre l\u00e9gislatif (loi du 2 janvier 2002).<\/p>\n<p>\u00a0<\/p>\n<p>LOHER A<\/p>\n<p>Chronique Sociale<\/p>\n<p>2015-138p.- 205gr-14.50\u20ac<\/p>\n<p>ISBN\u00a0:\u00a0978-2-36717-121-0<\/p>\n<span class=\"et_bloom_bottom_trigger\"><\/span>","protected":false},"excerpt":{"rendered":"<p>\u00ab\u00a0C&rsquo;est quoi, \u00eatre autonome, quand on a un handicap moteur?\u00a0\u00bb<\/p>\n","protected":false},"featured_media":559,"comment_status":"open","ping_status":"closed","template":"","meta":{"_et_pb_use_builder":"","_et_pb_old_content":"","_et_gb_content_width":"","spay_email":""},"class_list":["post-560","product","type-product","status-publish","has-post-thumbnail","hentry","product_cat-livres","product_tag-autonomie","product_tag-concept","product_tag-deficience-motrice","product_tag-dependance","product_tag-institution","product_tag-modele","product_tag-projet-de-vie","product_tag-representation","product_tag-strategie"],"jetpack_sharing_enabled":true,"jetpack_likes_enabled":true,"_links":{"self":[{"href":"https:\/\/www.parthages.be\/eboutique\/wp-json\/wp\/v2\/product\/560","targetHints":{"allow":["GET"]}}],"collection":[{"href":"https:\/\/www.parthages.be\/eboutique\/wp-json\/wp\/v2\/product"}],"about":[{"href":"https:\/\/www.parthages.be\/eboutique\/wp-json\/wp\/v2\/types\/product"}],"replies":[{"embeddable":true,"href":"https:\/\/www.parthages.be\/eboutique\/wp-json\/wp\/v2\/comments?post=560"}],"wp:featuredmedia":[{"embeddable":true,"href":"https:\/\/www.parthages.be\/eboutique\/wp-json\/wp\/v2\/media\/559"}],"wp:attachment":[{"href":"https:\/\/www.parthages.be\/eboutique\/wp-json\/wp\/v2\/media?parent=560"}],"curies":[{"name":"wp","href":"https:\/\/api.w.org\/{rel}","templated":true}]}}