{"id":562,"date":"2015-04-20T11:02:08","date_gmt":"2015-04-20T09:02:08","guid":{"rendered":"https:\/\/www.parthages.be\/wordpress\/produit\/renaitre\/"},"modified":"2015-04-20T11:02:08","modified_gmt":"2015-04-20T09:02:08","slug":"renaitre","status":"publish","type":"product","link":"https:\/\/www.parthages.be\/eboutique\/produit\/renaitre\/","title":{"rendered":"Rena\u00eetre"},"content":{"rendered":"<p>\u00ab Lorsque je baisse les bras, \u00e9puis\u00e9e, le merveilleux de la situation m&rsquo;appara\u00eet tout \u00e0 coup. Je suis en train de vivre toutes les \u00e9tapes d&rsquo;une nouvelle naissance. Sortie totalement d\u00e9pendante de l&rsquo;ut\u00e9rus de la r\u00e9animation, j&rsquo;ai d\u00e9couvert mon corps avec ses nouvelles limites, et j&rsquo;apprends petit \u00e0 petit \u00e0 vivre avec lui. Peut-\u00eatre un jour pourrai-je marcher \u00e0 nouveau ? \u00bb??<\/p>\n<p>Un r\u00e9cit juste qui retrace l&rsquo;itin\u00e9raire d&rsquo;une gu\u00e9rison, o\u00f9 la douleur et l&rsquo;effort se m\u00ealent \u00e0 la joie et \u00e0 l\u2019\u00e9merveillement. (Pr\u00e9sentation de l&rsquo;\u00e9diteur)<\/p>\n<p>ROY H.<\/p>\n<p>Editions Baudelaire<\/p>\n<p>2014-100p.150gr-13\u20ac<\/p>\n<p>ISBN\u00a0: 979-10-203-0447-6<\/p>\n<p>\u00a0<\/p>\n<span class=\"et_bloom_bottom_trigger\"><\/span>","protected":false},"excerpt":{"rendered":"<p>Lorsque je baisse les bras, \u00e9puis\u00e9e, le merveilleux de la situation m&rsquo;appara\u00eet tout \u00e0 coup.<\/p>\n","protected":false},"featured_media":561,"comment_status":"open","ping_status":"closed","template":"","meta":{"_et_pb_use_builder":"","_et_pb_old_content":"","_et_gb_content_width":"","spay_email":""},"class_list":["post-562","product","type-product","status-publish","has-post-thumbnail","hentry","product_cat-livres","product_tag-guerison","product_tag-personne-a-mobilite-reduite","product_tag-recit-de-vie"],"jetpack_sharing_enabled":true,"jetpack_likes_enabled":true,"_links":{"self":[{"href":"https:\/\/www.parthages.be\/eboutique\/wp-json\/wp\/v2\/product\/562","targetHints":{"allow":["GET"]}}],"collection":[{"href":"https:\/\/www.parthages.be\/eboutique\/wp-json\/wp\/v2\/product"}],"about":[{"href":"https:\/\/www.parthages.be\/eboutique\/wp-json\/wp\/v2\/types\/product"}],"replies":[{"embeddable":true,"href":"https:\/\/www.parthages.be\/eboutique\/wp-json\/wp\/v2\/comments?post=562"}],"wp:featuredmedia":[{"embeddable":true,"href":"https:\/\/www.parthages.be\/eboutique\/wp-json\/wp\/v2\/media\/561"}],"wp:attachment":[{"href":"https:\/\/www.parthages.be\/eboutique\/wp-json\/wp\/v2\/media?parent=562"}],"curies":[{"name":"wp","href":"https:\/\/api.w.org\/{rel}","templated":true}]}}