{"id":564,"date":"2015-04-20T11:06:14","date_gmt":"2015-04-20T09:06:14","guid":{"rendered":"https:\/\/www.parthages.be\/wordpress\/produit\/le-guerrier-immobile-ou-la-metamorphose-de-l-homme-blesse\/"},"modified":"2022-04-15T08:31:46","modified_gmt":"2022-04-15T06:31:46","slug":"le-guerrier-immobile-ou-la-metamorphose-de-l-homme-blesse","status":"publish","type":"product","link":"https:\/\/www.parthages.be\/eboutique\/produit\/le-guerrier-immobile-ou-la-metamorphose-de-l-homme-blesse\/","title":{"rendered":"Le guerrier immobile ou la m\u00e9tamorphose de l&rsquo;homme bless\u00e9"},"content":{"rendered":"<p>Briser le mur des experts et des pr\u00e9jug\u00e9s, resituer l\u2019homme dans son destin et sa globalit\u00e9, remettre \u00e0 l\u2019ordre du jour, loin des faux-semblants, l\u2019aventure individuelle de l\u2019\u00eatre bless\u00e9 par l\u2019existence, lui redonner soif et espoir par sa pleine conscience, sa libert\u00e9 et sa joie retrouv\u00e9e ; voil\u00e0 en quelques mots l\u2019ambition d\u00e9mesur\u00e9e de ce livre, pareille \u00e0 la d\u00e9mesure de notre vie. J\u2019ai tent\u00e9 de dessiner les diff\u00e9rentes \u00e9tapes que l\u2019\u00eatre bless\u00e9, tel un guerrier immobile, est amen\u00e9 \u00e0 vivre avec son entourage, pour essayer de s\u2019adapter lorsque le d\u00e9ficit semble irr\u00e9m\u00e9diable.<br \/>\nVingt ans apr\u00e8s la premi\u00e8re parution, j\u2019ai souhait\u00e9, dans cette nouvelle \u00e9dition, compl\u00e9ter et actualiser le r\u00e9cit de mon exp\u00e9rience de la contrainte li\u00e9e au d\u00e9ficit moteur. Mon objectif, avant tout pragmatique et r\u00e9aliste, est de d\u00e9montrer qu\u2019un handicap, au sens large, peut s\u2019int\u00e9grer dans le destin d\u2019un \u00eatre humain. L&rsquo;acceptation active est au c\u0153ur de ce nouvel \u00e9panouissement qui fait du handicap un moteur. Ainsi pouvons-nous \u00eatre d\u00e9ficitaires sans \u00eatre handicap\u00e9 et devenir un homme solidaire, seule justification de notre existence. Mais cela implique une refondation de notre grille de valeurs, afin de se r\u00e9\u00e9valuer et de trouver un projet de vie int\u00e9gr\u00e9 \u00e0 un art de vivre (Pr\u00e9sentation de l&rsquo;\u00e9diteur)<\/p>\n<p>BESSE SAIGE B.<br \/>\nEditions Er\u00e8s<br \/>\n2014-218p.- 128gr-12\u20ac<br \/>\nISBN : 978-2-7492-4266-8<\/p>\n<p>Cote doc : 2-50-BES-G<\/p>\n<span class=\"et_bloom_bottom_trigger\"><\/span>","protected":false},"excerpt":{"rendered":"<p>Briser le mur des experts et des pr\u00e9jug\u00e9s, resituer l\u2019homme dans son destin et sa globalit\u00e9, remettre \u00e0 l\u2019ordre du jour, loin des faux-semblants,&#8230;<\/p>\n","protected":false},"featured_media":563,"comment_status":"open","ping_status":"closed","template":"","meta":{"_et_pb_use_builder":"","_et_pb_old_content":"","_et_gb_content_width":"","spay_email":""},"class_list":["post-564","product","type-product","status-publish","has-post-thumbnail","hentry","product_cat-livres","product_tag-acceptation","product_tag-adaptation","product_tag-evolution","product_tag-personne-handicapee","product_tag-tetraplegie"],"jetpack_sharing_enabled":true,"jetpack_likes_enabled":true,"_links":{"self":[{"href":"https:\/\/www.parthages.be\/eboutique\/wp-json\/wp\/v2\/product\/564","targetHints":{"allow":["GET"]}}],"collection":[{"href":"https:\/\/www.parthages.be\/eboutique\/wp-json\/wp\/v2\/product"}],"about":[{"href":"https:\/\/www.parthages.be\/eboutique\/wp-json\/wp\/v2\/types\/product"}],"replies":[{"embeddable":true,"href":"https:\/\/www.parthages.be\/eboutique\/wp-json\/wp\/v2\/comments?post=564"}],"wp:featuredmedia":[{"embeddable":true,"href":"https:\/\/www.parthages.be\/eboutique\/wp-json\/wp\/v2\/media\/563"}],"wp:attachment":[{"href":"https:\/\/www.parthages.be\/eboutique\/wp-json\/wp\/v2\/media?parent=564"}],"curies":[{"name":"wp","href":"https:\/\/api.w.org\/{rel}","templated":true}]}}