{"id":566,"date":"2015-04-20T11:07:15","date_gmt":"2015-04-20T09:07:15","guid":{"rendered":"https:\/\/www.parthages.be\/wordpress\/produit\/accessibilite-et-handicap\/"},"modified":"2021-08-23T09:28:24","modified_gmt":"2021-08-23T07:28:24","slug":"accessibilite-et-handicap","status":"publish","type":"product","link":"https:\/\/www.parthages.be\/eboutique\/produit\/accessibilite-et-handicap\/","title":{"rendered":"Accessibilit\u00e9 et handicap"},"content":{"rendered":"<p>\u00c0 l\u2019\u00e9chelle europ\u00e9enne, l\u2019\u00e9galit\u00e9 est au coeur des d\u00e9bats portant sur l\u2019acc\u00e8s es personnes handicap\u00e9es \u00e0 l\u2019espace public, au travail, \u00e0 la culture, \u00e0 l\u2019\u00e9cole et \u00e0 la formation. En France, la loi pour l\u2019\u00e9galit\u00e9 des droits et des chances, la participation et la citoyennet\u00e9 des personnes handicap\u00e9es promulgu\u00e9e le 11 f\u00e9vrier 2005 concr\u00e9tise l\u2019\u00e9galit\u00e9 par des mesures administratives, scolaires, professionnelles et architecturales. Ce livre renouvelle le d\u00e9bat sur l\u2019\u00e9galit\u00e9 en la liant \u00e0 l\u2019accessibilit\u00e9 et la libert\u00e9. L\u2019accessibilit\u00e9 est la possibilit\u00e9 d\u2019une \u00e9gale participation sociale de tous \u00e0 toutes les sph\u00e8res sociales, assortie d\u2019une libert\u00e9 des personnes de choisir la vie qu\u2019elles veulent mener, dans la capacit\u00e9 de leurs moyens pr\u00e9sents et \u00e0 venir.<br \/>\nDix ans apr\u00e8s cette loi, qu\u2019en est-il de la situation des personnes handicap\u00e9es ? O\u00f9 en sommes-nous de leur acc\u00e8s \u00e0 l\u2019emploi, aux biens et aux services culturels, \u00e0 une scolarit\u00e9 ordinaire et \u00e0 la formation professionnelle\u00a0 Quels d\u00e9fis l\u2019accessibilit\u00e9 dessine-t-elle pour les ann\u00e9es \u00e0 venir ?<br \/>\n(Pr\u00e9sentation de l&rsquo;\u00e9diteur)<\/p>\n<p>ZAFFRAN J.<br \/>\nPUG<br \/>\n2014-322p-424g-20,6\u20ac<br \/>\nISBN : 978-2-7061-2225-5<\/p>\n<p>Cote doc\u00a0: 7-10-ZAF-A<\/p>\n<span class=\"et_bloom_bottom_trigger\"><\/span>","protected":false},"excerpt":{"rendered":"<p>\u00c0 l\u2019\u00e9chelle europ\u00e9enne, l\u2019\u00e9galit\u00e9 est au coeur des d\u00e9bats portant sur l\u2019acc\u00e8s es personnes handicap\u00e9es \u00e0 l\u2019espace public, au travail, \u00e0 la culture, \u00e0 l\u2019\u00e9cole et \u00e0 la formation.<\/p>\n","protected":false},"featured_media":565,"comment_status":"open","ping_status":"closed","template":"","meta":{"_et_pb_use_builder":"","_et_pb_old_content":"","_et_gb_content_width":"","spay_email":""},"class_list":["post-566","product","type-product","status-publish","has-post-thumbnail","hentry","product_cat-livres"],"jetpack_sharing_enabled":true,"jetpack_likes_enabled":true,"_links":{"self":[{"href":"https:\/\/www.parthages.be\/eboutique\/wp-json\/wp\/v2\/product\/566","targetHints":{"allow":["GET"]}}],"collection":[{"href":"https:\/\/www.parthages.be\/eboutique\/wp-json\/wp\/v2\/product"}],"about":[{"href":"https:\/\/www.parthages.be\/eboutique\/wp-json\/wp\/v2\/types\/product"}],"replies":[{"embeddable":true,"href":"https:\/\/www.parthages.be\/eboutique\/wp-json\/wp\/v2\/comments?post=566"}],"wp:featuredmedia":[{"embeddable":true,"href":"https:\/\/www.parthages.be\/eboutique\/wp-json\/wp\/v2\/media\/565"}],"wp:attachment":[{"href":"https:\/\/www.parthages.be\/eboutique\/wp-json\/wp\/v2\/media?parent=566"}],"curies":[{"name":"wp","href":"https:\/\/api.w.org\/{rel}","templated":true}]}}