{"id":568,"date":"2015-04-20T11:08:20","date_gmt":"2015-04-20T09:08:20","guid":{"rendered":"https:\/\/www.parthages.be\/wordpress\/produit\/ma-vie-mon-combat\/"},"modified":"2022-03-23T17:30:59","modified_gmt":"2022-03-23T16:30:59","slug":"ma-vie-mon-combat","status":"publish","type":"product","link":"https:\/\/www.parthages.be\/eboutique\/produit\/ma-vie-mon-combat\/","title":{"rendered":"Ma vie: mon combat"},"content":{"rendered":"<p>\u00ab\u00a0Le cur\u00e9 attendait, et moi je n&rsquo;avais qu&rsquo;une envie, c&rsquo;\u00e9tait qu&rsquo;il me laisse tranquille. Comme il insistait pour que je lui confesse quelque chose, j&rsquo;ai explos\u00e9, en alsacien: \u00ab\u00a0Mais dites-moi ce que je dois vous raconter! Je suis tout le temps assise sur cette chaise, je ne fais rien de ma journ\u00e9e, je n&rsquo;ai pas d&rsquo;activit\u00e9, \u00e0 part mes t\u00e2ches m\u00e9nag\u00e8res! Vous voulez que je vous confesse des carottes, des pommes de terre et des petits pois? Je n&rsquo;ai rien \u00e0 vous dire! Vous pouvez repartir quand vous voulez!\u00a0\u00bb Ce jour-l\u00e0, je lui en ai sorti de toutes les couleurs.\u00a0\u00bb<\/p>\n<p>Cette situation, cette existence au bord de la route, L. Fuhrer-Syda ne l&rsquo;acceptera m\u00eame jamais&#8230; Tout simplement pas dans son temp\u00e9rament. Aussi, malgr\u00e9 le handicap, les coups du sort, les \u00e9checs, empoignera-t-elle toujours la vie \u00e0 pleines mains. Une volont\u00e9 de fer dans un corps certes fragile, mais capable d&rsquo;exploits sportifs, de danser, de pratiquer l&rsquo;escrime, de donner naissance \u00e0 deux enfants : voil\u00e0 ce qui caract\u00e9rise cette femme qui, avec cette autobiographie revient, avec sagesse et humour, mais aussi avec une pointe de fiert\u00e9 m\u00e9rit\u00e9e, sur une trajectoire qui n&rsquo;a de cesse de d\u00e9fier les vents et les mar\u00e9es pour mieux tutoyer les sommets et le bonheur. Un r\u00e9cit de vie inspirant et galvanisant! (Pr\u00e9sentation de l&rsquo;\u00e9diteur)<\/p>\n<p>FUHRER-SYDA L.<br \/>Soci\u00e9t\u00e9 des \u00e9crivains<br \/>2014-194p.- 279gr-17.95\u20ac<br \/>ISBN : 978-2-342-03028-0<\/p>\n<span class=\"et_bloom_bottom_trigger\"><\/span>","protected":false},"excerpt":{"rendered":"<p>\u00ab\u00a0Le cur\u00e9 attendait, et moi je n&rsquo;avais qu&rsquo;une envie, c&rsquo;\u00e9tait qu&rsquo;il me laisse tranquille.<\/p>\n","protected":false},"featured_media":567,"comment_status":"open","ping_status":"closed","template":"","meta":{"_et_pb_use_builder":"","_et_pb_old_content":"","_et_gb_content_width":"","spay_email":""},"class_list":["post-568","product","type-product","status-publish","has-post-thumbnail","hentry","product_cat-livres"],"jetpack_sharing_enabled":true,"jetpack_likes_enabled":true,"_links":{"self":[{"href":"https:\/\/www.parthages.be\/eboutique\/wp-json\/wp\/v2\/product\/568","targetHints":{"allow":["GET"]}}],"collection":[{"href":"https:\/\/www.parthages.be\/eboutique\/wp-json\/wp\/v2\/product"}],"about":[{"href":"https:\/\/www.parthages.be\/eboutique\/wp-json\/wp\/v2\/types\/product"}],"replies":[{"embeddable":true,"href":"https:\/\/www.parthages.be\/eboutique\/wp-json\/wp\/v2\/comments?post=568"}],"wp:featuredmedia":[{"embeddable":true,"href":"https:\/\/www.parthages.be\/eboutique\/wp-json\/wp\/v2\/media\/567"}],"wp:attachment":[{"href":"https:\/\/www.parthages.be\/eboutique\/wp-json\/wp\/v2\/media?parent=568"}],"curies":[{"name":"wp","href":"https:\/\/api.w.org\/{rel}","templated":true}]}}