{"id":570,"date":"2015-11-04T13:35:28","date_gmt":"2015-11-04T12:35:28","guid":{"rendered":"https:\/\/www.parthages.be\/wordpress\/produit\/capucine-part-en-voyage\/"},"modified":"2022-07-26T09:17:20","modified_gmt":"2022-07-26T07:17:20","slug":"capucine-part-en-voyage","status":"publish","type":"product","link":"https:\/\/www.parthages.be\/eboutique\/produit\/capucine-part-en-voyage\/","title":{"rendered":"Capucine part en voyage"},"content":{"rendered":"<p>Capucine est peut-\u00eatre malade, mais Capucine est d\u00e9cid\u00e9e \u00e0 se battre.<\/p>\n<p>Il existe toutefois certains ennemis contre qui la lutte se perd.<\/p>\n<p>C&rsquo;est alors qu&rsquo;il faut se pr\u00e9parer \u00e0 l&rsquo;ailleurs.<\/p>\n<p>Album qui aborde les deux th\u00e8mes du cancer et de la mort, \u00ab\u00a0Capucine part en voyage\u00a0\u00bb tente de r\u00e9pondre sans faux-semblant, mais avec une pointe de myst\u00e8re et de magie, aux questions que ne manquent pas de se poser les plus jeunes, touch\u00e9s de pr\u00e8s ou de loin, par ces \u00e9v\u00e9nements. Soutenu par la force de son personnage, la tendresse de l&rsquo;\u00e9criture et la po\u00e9sie des illustrations, cet ouvrage se confronte ainsi avec intelligence \u00e0 un sujet incontournable.\u00a0 (Pr\u00e9sentation de l&rsquo;\u00e9diteur)<\/p>\n<p>POUJOL N.<\/p>\n<p>Soci\u00e9t\u00e9 des \u00e9crivains<\/p>\n<p>2014 &#8211; 96 p.-198gr- 16,95\u20ac<\/p>\n<p>ISBN\u00a0: 978-2-342-02379-4<\/p>\n<p>Cote doc: 11-POU-C<\/p>\n<span class=\"et_bloom_bottom_trigger\"><\/span>","protected":false},"excerpt":{"rendered":"<p>Capucine est peut-\u00eatre malade, mais Capucine est d\u00e9cid\u00e9e \u00e0 se battre.<\/p>\n","protected":false},"featured_media":569,"comment_status":"open","ping_status":"closed","template":"","meta":{"_et_pb_use_builder":"","_et_pb_old_content":"","_et_gb_content_width":"","spay_email":""},"class_list":["post-570","product","type-product","status-publish","has-post-thumbnail","hentry","product_cat-livres","product_cat-livres-jeunesse","product_tag-enfant","product_tag-lutte-contre-la-maladie","product_tag-maladie","product_tag-temoignage"],"jetpack_sharing_enabled":true,"jetpack_likes_enabled":true,"_links":{"self":[{"href":"https:\/\/www.parthages.be\/eboutique\/wp-json\/wp\/v2\/product\/570","targetHints":{"allow":["GET"]}}],"collection":[{"href":"https:\/\/www.parthages.be\/eboutique\/wp-json\/wp\/v2\/product"}],"about":[{"href":"https:\/\/www.parthages.be\/eboutique\/wp-json\/wp\/v2\/types\/product"}],"replies":[{"embeddable":true,"href":"https:\/\/www.parthages.be\/eboutique\/wp-json\/wp\/v2\/comments?post=570"}],"wp:featuredmedia":[{"embeddable":true,"href":"https:\/\/www.parthages.be\/eboutique\/wp-json\/wp\/v2\/media\/569"}],"wp:attachment":[{"href":"https:\/\/www.parthages.be\/eboutique\/wp-json\/wp\/v2\/media?parent=570"}],"curies":[{"name":"wp","href":"https:\/\/api.w.org\/{rel}","templated":true}]}}