{"id":578,"date":"2015-11-04T13:46:02","date_gmt":"2015-11-04T12:46:02","guid":{"rendered":"https:\/\/www.parthages.be\/wordpress\/produit\/vie-affective-relationnelle-et-sexuelle-des-personnes-ayant-une-infirmite-motrice-cerebrale\/"},"modified":"2015-11-04T13:46:02","modified_gmt":"2015-11-04T12:46:02","slug":"vie-affective-relationnelle-et-sexuelle-des-personnes-ayant-une-infirmite-motrice-cerebrale","status":"publish","type":"product","link":"https:\/\/www.parthages.be\/eboutique\/produit\/vie-affective-relationnelle-et-sexuelle-des-personnes-ayant-une-infirmite-motrice-cerebrale\/","title":{"rendered":"Vie affective, relationnelle et sexuelle des personnes ayant une infirmit\u00e9 motrice c\u00e9r\u00e9brale"},"content":{"rendered":"<p>L&rsquo;outil \u00ab Vie affective, relationnelle et sexuelle des personnes ayant une infirmit\u00e9 motrice c\u00e9r\u00e9brale (IMC) \u00bb est un outil p\u00e9dagogique d&rsquo;information, de sensibilisation et de formation. Il a comme objectif g\u00e9n\u00e9ral la promotion de la sant\u00e9 affective, relationnelle et sexuelle des personnes IMC. Quatre DVD-rom sont propos\u00e9s destin\u00e9s respectivement aux enfants, aux adolescents et aux adultes IMC, ainsi qu&rsquo;aux proches et professionnels. Le livret d\u2019accompagnement permet de mieux comprendre et utiliser les 4 DVD-rom et propose des informations th\u00e9oriques suppl\u00e9mentaires.<\/p>\n<p>Les DVD-rom sont constitu\u00e9s essentiellement de t\u00e9moignages de personnes ayant elles-m\u00eames une infirmit\u00e9 motrice c\u00e9r\u00e9brale, de proches et de professionnels. Les th\u00e8mes abord\u00e9s sont tr\u00e8s nombreux : estime de soi, connaissance du corps, relations avec les parents, relations amoureuses, vie sexuelle en institution, parentalit\u00e9, prostitution, r\u00f4le des professionnels, etc.<\/p>\n<p>\u00a0<\/p>\n<p>Les DVD-rom destin\u00e9s aux adolescents et aux adultes proposent \u00e9galement des s\u00e9quences \u00e9ducatives sur des th\u00e8mes tels que les infections sexuellement transmissibles ou les moyens de contraception. Le DVD-rom destin\u00e9 aux enfants permet quant \u00e0 lui d\u2019aborder les diff\u00e9rents th\u00e8mes (l\u2019estime de soi, le corps, les relations avec les professionnels, les loisirs, etc.) \u00e0 travers des s\u00e9quences de la vie quotidienne comment\u00e9es dans un langage simple par une mascotte en forme de petit champignon.<\/p>\n<p>\u00a0<\/p>\n<p>Cet outil a \u00e9t\u00e9 con\u00e7u par le centre \u00ab Handicap et Sant\u00e9 \u00bb de l\u2019Association de Recherche et d\u2019Action en faveur des Personnes Handicap\u00e9es (asbl ARAPH). La r\u00e9alisation audiovisuelle et informatique a \u00e9t\u00e9 effectu\u00e9e par le Service Audio-Visuel et Electronique (SAVE) et la cellule TICE de l\u2019Universit\u00e9 de Namur.<\/p>\n<p>\u00a0<\/p>\n<p>BERREWAERTS J.- DELHAXHE C.- QUINAUX A.- MOREAU M-A.- MERCIER M.<\/p>\n<p>Presses universitaires de Namur<\/p>\n<p>2014-LIVRE Broch\u00e9+CDrom-870gr-75.00\u20ac<\/p>\n<p>ISBN\u00a0: 978-2-87037-840-3<\/p>\n<span class=\"et_bloom_bottom_trigger\"><\/span>","protected":false},"excerpt":{"rendered":"<p>L&rsquo;outil \u00ab Vie affective, relationnelle et sexuelle des personnes ayant une infirmit\u00e9 motrice c\u00e9r\u00e9brale (IMC) &#8230;<\/p>\n","protected":false},"featured_media":577,"comment_status":"open","ping_status":"closed","template":"","meta":{"_et_pb_use_builder":"","_et_pb_old_content":"","_et_gb_content_width":"","spay_email":""},"class_list":["post-578","product","type-product","status-publish","has-post-thumbnail","hentry","product_cat-livres","product_tag-adolescent","product_tag-affectivite","product_tag-connaissance","product_tag-enfant","product_tag-estime-de-soi","product_tag-infirmite-motrice-cebrale","product_tag-outil","product_tag-personne-handicapee","product_tag-sexualite"],"jetpack_sharing_enabled":true,"jetpack_likes_enabled":true,"_links":{"self":[{"href":"https:\/\/www.parthages.be\/eboutique\/wp-json\/wp\/v2\/product\/578","targetHints":{"allow":["GET"]}}],"collection":[{"href":"https:\/\/www.parthages.be\/eboutique\/wp-json\/wp\/v2\/product"}],"about":[{"href":"https:\/\/www.parthages.be\/eboutique\/wp-json\/wp\/v2\/types\/product"}],"replies":[{"embeddable":true,"href":"https:\/\/www.parthages.be\/eboutique\/wp-json\/wp\/v2\/comments?post=578"}],"wp:featuredmedia":[{"embeddable":true,"href":"https:\/\/www.parthages.be\/eboutique\/wp-json\/wp\/v2\/media\/577"}],"wp:attachment":[{"href":"https:\/\/www.parthages.be\/eboutique\/wp-json\/wp\/v2\/media?parent=578"}],"curies":[{"name":"wp","href":"https:\/\/api.w.org\/{rel}","templated":true}]}}