{"id":585,"date":"2015-11-04T13:50:43","date_gmt":"2015-11-04T12:50:43","guid":{"rendered":"https:\/\/www.parthages.be\/wordpress\/produit\/mon-fils-est-trisomique-et-alors\/"},"modified":"2022-07-26T10:12:44","modified_gmt":"2022-07-26T08:12:44","slug":"mon-fils-est-trisomique-et-alors","status":"publish","type":"product","link":"https:\/\/www.parthages.be\/eboutique\/produit\/mon-fils-est-trisomique-et-alors\/","title":{"rendered":"Mon fils est trisomique et alors?"},"content":{"rendered":"<p>Issu du blog du m\u00eame nom, Simon pas \u00e0 pas d\u00e9crit la d\u00e9tresse de jeunes parents face \u00e0 l&rsquo;annonce du handicap de leur enfant : la trisomie 21. Pass\u00e9e cette annonce, il leur a fallu casser l&rsquo;image de l&rsquo;enfant parfait, surmonter les obstacles et montrer \u00e0 la soci\u00e9t\u00e9 d&rsquo;aujourd&rsquo;hui que la vie avec un enfant diff\u00e9rent est possible. Ce t\u00e9moignage a pour ambition&#8230; &#8211; de d\u00e9culpabiliser les m\u00e8res d&rsquo;avoir port\u00e9 en elles un enfant diff\u00e9rent &#8211; d&rsquo;am\u00e9liorer l&rsquo;accueil de ces enfants d\u00e8s les premiers instants de vie &#8211; d&rsquo;encourager et de convaincre le corps professoral sur leurs capacit\u00e9s \u00e0 apprendre &#8211; de casser l&rsquo;image du handicap dans notre soci\u00e9t\u00e9.(pr\u00e9sentation de l&rsquo;\u00e9diteur)<\/p>\n<p>TRICOLI R.<\/p>\n<p>La Bo\u00eete \u00e0 Pandore editions<\/p>\n<p>2015-214p-275gr<\/p>\n<p>ISBN\u00a0: 978-2-87557-137-3<\/p>\n<p>Cote doc\u00a0: 1-20-TRI-M<\/p>\n<span class=\"et_bloom_bottom_trigger\"><\/span>","protected":false},"excerpt":{"rendered":"<p>Issu du blog du m\u00eame nom, Simon pas \u00e0 pas d\u00e9crit la d\u00e9tresse de jeunes parents face \u00e0 l&rsquo;annonce du handicap de leur enfant : la trisomie 21<\/p>\n","protected":false},"featured_media":584,"comment_status":"open","ping_status":"closed","template":"","meta":{"_et_pb_use_builder":"","_et_pb_old_content":"","_et_gb_content_width":"","spay_email":""},"class_list":["post-585","product","type-product","status-publish","has-post-thumbnail","hentry","product_cat-livres","product_cat-livres-jeunesse","product_tag-relation-familiale","product_tag-relation-fraternelle","product_tag-temoignage","product_tag-trisomie-21"],"jetpack_sharing_enabled":true,"jetpack_likes_enabled":true,"_links":{"self":[{"href":"https:\/\/www.parthages.be\/eboutique\/wp-json\/wp\/v2\/product\/585","targetHints":{"allow":["GET"]}}],"collection":[{"href":"https:\/\/www.parthages.be\/eboutique\/wp-json\/wp\/v2\/product"}],"about":[{"href":"https:\/\/www.parthages.be\/eboutique\/wp-json\/wp\/v2\/types\/product"}],"replies":[{"embeddable":true,"href":"https:\/\/www.parthages.be\/eboutique\/wp-json\/wp\/v2\/comments?post=585"}],"wp:featuredmedia":[{"embeddable":true,"href":"https:\/\/www.parthages.be\/eboutique\/wp-json\/wp\/v2\/media\/584"}],"wp:attachment":[{"href":"https:\/\/www.parthages.be\/eboutique\/wp-json\/wp\/v2\/media?parent=585"}],"curies":[{"name":"wp","href":"https:\/\/api.w.org\/{rel}","templated":true}]}}