{"id":587,"date":"2015-11-04T13:51:59","date_gmt":"2015-11-04T12:51:59","guid":{"rendered":"https:\/\/www.parthages.be\/wordpress\/produit\/itineraire-d-un-grand-brule\/"},"modified":"2022-04-05T14:53:04","modified_gmt":"2022-04-05T12:53:04","slug":"itineraire-d-un-grand-brule","status":"publish","type":"product","link":"https:\/\/www.parthages.be\/eboutique\/produit\/itineraire-d-un-grand-brule\/","title":{"rendered":"Itin\u00e9raire d&rsquo;un grand br\u00fbl\u00e9"},"content":{"rendered":"<p>Br\u00fbl\u00e9 \u00e0 75% au troisi\u00e8me degr\u00e9 dans un incendie un jour d&rsquo;hiver 2011, Stef est un miracul\u00e9. Mais s&rsquo;il a surv\u00e9cu, c&rsquo;est pour entamer une longue travers\u00e9e du d\u00e9sert, un combat quotidien: cinq mois de coma, un an \u00e0 l&rsquo;h\u00f4pital, une vie \u00e0 jamais boulevers\u00e9e. Suivi d&rsquo;un autre drame, son an\u00e9antissement sera aussi moral que physique&#8230;<\/p>\n<p>Ce r\u00e9cit conte le long et douloureux chemin qui a permis \u00e0 l&rsquo;auteur de surmonter les trag\u00e9dies qui ont balay\u00e9 sa vie. De ses d\u00e9lires sous l&#8217;emprise des m\u00e9dicaments \u00e0 ses conseils pour les victimes et leurs proches, en passant par sa convalescence, ses s\u00e9quelles physiques et psychologiques, l&rsquo;auteur signe un t\u00e9moignage douloureux et bouleversant, doubl\u00e9 d&rsquo;une impressionnante le\u00e7on de courage et de pers\u00e9v\u00e9rance. (Pr\u00e9sentation de l&rsquo;\u00e9diteur)<\/p>\n<p>STEF<\/p>\n<p>Soci\u00e9t\u00e9 des \u00e9crivains<\/p>\n<p>2015-148p-250gr-14.95\u20ac<\/p>\n<p>ISBN\u00a0: 978-2-342-03612-1<\/p>\n<p>Cote doc: 2-50-STE-I<\/p>\n<span class=\"et_bloom_bottom_trigger\"><\/span>","protected":false},"excerpt":{"rendered":"<p>Br\u00fbl\u00e9 \u00e0 75% au troisi\u00e8me degr\u00e9 dans un incendie un jour d&rsquo;hiver 2011, Stef est un miracul\u00e9.<\/p>\n","protected":false},"featured_media":586,"comment_status":"open","ping_status":"closed","template":"","meta":{"_et_pb_use_builder":"","_et_pb_old_content":"","_et_gb_content_width":"","spay_email":""},"class_list":["post-587","product","type-product","status-publish","has-post-thumbnail","hentry","product_cat-livres","product_tag-acceptation","product_tag-accident-de-travail","product_tag-lutte-contre-la-maladie","product_tag-temoignage","product_tag-traumatisme-psychologique"],"jetpack_sharing_enabled":true,"jetpack_likes_enabled":true,"_links":{"self":[{"href":"https:\/\/www.parthages.be\/eboutique\/wp-json\/wp\/v2\/product\/587","targetHints":{"allow":["GET"]}}],"collection":[{"href":"https:\/\/www.parthages.be\/eboutique\/wp-json\/wp\/v2\/product"}],"about":[{"href":"https:\/\/www.parthages.be\/eboutique\/wp-json\/wp\/v2\/types\/product"}],"replies":[{"embeddable":true,"href":"https:\/\/www.parthages.be\/eboutique\/wp-json\/wp\/v2\/comments?post=587"}],"wp:featuredmedia":[{"embeddable":true,"href":"https:\/\/www.parthages.be\/eboutique\/wp-json\/wp\/v2\/media\/586"}],"wp:attachment":[{"href":"https:\/\/www.parthages.be\/eboutique\/wp-json\/wp\/v2\/media?parent=587"}],"curies":[{"name":"wp","href":"https:\/\/api.w.org\/{rel}","templated":true}]}}