{"id":591,"date":"2015-11-04T13:56:45","date_gmt":"2015-11-04T12:56:45","guid":{"rendered":"https:\/\/www.parthages.be\/wordpress\/produit\/l-inattendue\/"},"modified":"2022-11-16T00:36:43","modified_gmt":"2022-11-15T23:36:43","slug":"l-inattendue","status":"publish","type":"product","link":"https:\/\/www.parthages.be\/eboutique\/produit\/l-inattendue\/","title":{"rendered":"L&rsquo;inattendue"},"content":{"rendered":"<p>Ce r\u00e9cit est une histoire vraie. Marie-No\u00eblle de Vaulx est m\u00e8re de trois enfants. Elle exerce comme m\u00e9decin dans une clinique sp\u00e9cialis\u00e9e en soins palliatifs \u00e0 Marseille. Sa fille Anne-Soline, atteinte de trisomie 21, a aujourd&rsquo;hui 18 ans. Elle a boulevers\u00e9 le destin de ses parents et de ses proches, transformant leur regard sur l&rsquo;autre et sur le sens de la vie.( pr\u00e9sentation de l&rsquo;\u00e9diteur)<\/p>\n<p>DE VAULX M-N<\/p>\n<p>Editions L&rsquo;Harmattan<\/p>\n<p>2014-150p-200gr-15.50\u20ac<\/p>\n<p>ISBN:\u00a0978-2-343-03739-4<\/p>\n<p>Cote doc\u00a0: 1-20-DEV-I<\/p>\n<span class=\"et_bloom_bottom_trigger\"><\/span>","protected":false},"excerpt":{"rendered":"<p>Ce r\u00e9cit est une histoire vraie. Marie-No\u00eblle de Vaulx est m\u00e8re de trois enfants.<\/p>\n","protected":false},"featured_media":590,"comment_status":"open","ping_status":"closed","template":"","meta":{"_et_pb_use_builder":"","_et_pb_old_content":"","_et_gb_content_width":"","spay_email":""},"class_list":["post-591","product","type-product","status-publish","has-post-thumbnail","hentry","product_cat-livres","product_tag-acceptation","product_tag-annonce-du-handicap","product_tag-relation-fraternelle","product_tag-temoignage","product_tag-trisomie-21"],"jetpack_sharing_enabled":true,"jetpack_likes_enabled":true,"_links":{"self":[{"href":"https:\/\/www.parthages.be\/eboutique\/wp-json\/wp\/v2\/product\/591","targetHints":{"allow":["GET"]}}],"collection":[{"href":"https:\/\/www.parthages.be\/eboutique\/wp-json\/wp\/v2\/product"}],"about":[{"href":"https:\/\/www.parthages.be\/eboutique\/wp-json\/wp\/v2\/types\/product"}],"replies":[{"embeddable":true,"href":"https:\/\/www.parthages.be\/eboutique\/wp-json\/wp\/v2\/comments?post=591"}],"wp:featuredmedia":[{"embeddable":true,"href":"https:\/\/www.parthages.be\/eboutique\/wp-json\/wp\/v2\/media\/590"}],"wp:attachment":[{"href":"https:\/\/www.parthages.be\/eboutique\/wp-json\/wp\/v2\/media?parent=591"}],"curies":[{"name":"wp","href":"https:\/\/api.w.org\/{rel}","templated":true}]}}