{"id":597,"date":"2015-12-11T10:24:20","date_gmt":"2015-12-11T09:24:20","guid":{"rendered":"https:\/\/www.parthages.be\/wordpress\/produit\/communiquer-par-signes-avec-bebe\/"},"modified":"2023-04-27T13:42:12","modified_gmt":"2023-04-27T11:42:12","slug":"communiquer-par-signes-avec-bebe","status":"publish","type":"product","link":"https:\/\/www.parthages.be\/eboutique\/produit\/communiquer-par-signes-avec-bebe\/","title":{"rendered":"Communiquer par signes avec b\u00e9b\u00e9"},"content":{"rendered":"<p>L\u2019habilet\u00e9 du geste et du corps de l\u2019enfant se d\u00e9veloppe rapidement et, tr\u00e8s t\u00f4t, il imite nos gestes et nos mimiques : il pointe du doigt, applaudit, envoie des baisers\u2026<\/p>\n<p>Le principe des signes avec b\u00e9b\u00e9 est simple et ludique : il consiste \u00e0 enrichir la palette des gestes du quotidien pour que l\u2019enfant exprime ses pens\u00e9es, ses \u00e9motions, ses besoins.<\/p>\n<p>Ce livre, riche de 50 signes illustr\u00e9s, \u00e0 user et abuser au quotidien, contribuera \u00e0 nourrir et \u00e0 fortifier votre relation avec votre enfant. Embarquez dans l\u2019aventure et d\u00e9couvrez que, bien avant de savoir parler, les petits ont d\u00e9j\u00e0 bien des choses \u00e0 nous dire !(pr\u00e9sentaion de l&rsquo;\u00e9diteur)<\/p>\n<p>BOUHIER-CHARLES N.<\/p>\n<p>Editions Jouvence<\/p>\n<p>2014 &#8211; 160 p.-230gr<\/p>\n<p>ISBN\u00a0: 978-2-88911-520-4<\/p>\n<p>Cote doc\u00a0: 3-30-BOU-C<\/p>\n<span class=\"et_bloom_bottom_trigger\"><\/span>","protected":false},"excerpt":{"rendered":"<p>L\u2019habilet\u00e9 du geste et du corps de l\u2019enfant se d\u00e9veloppe rapidement et, tr\u00e8s t\u00f4t, il imite nos gestes et nos mimiques : il pointe du doigt, applaudit, envoie des baisers\u2026<\/p>\n","protected":false},"featured_media":596,"comment_status":"open","ping_status":"closed","template":"","meta":{"_et_pb_use_builder":"","_et_pb_old_content":"","_et_gb_content_width":"","spay_email":""},"class_list":["post-597","product","type-product","status-publish","has-post-thumbnail","hentry","product_cat-livres","product_tag-bien-etre","product_tag-communication-non-verbale","product_tag-enfant","product_tag-relation-parent-enfant","product_tag-technique-de-communication"],"jetpack_sharing_enabled":true,"jetpack_likes_enabled":true,"_links":{"self":[{"href":"https:\/\/www.parthages.be\/eboutique\/wp-json\/wp\/v2\/product\/597","targetHints":{"allow":["GET"]}}],"collection":[{"href":"https:\/\/www.parthages.be\/eboutique\/wp-json\/wp\/v2\/product"}],"about":[{"href":"https:\/\/www.parthages.be\/eboutique\/wp-json\/wp\/v2\/types\/product"}],"replies":[{"embeddable":true,"href":"https:\/\/www.parthages.be\/eboutique\/wp-json\/wp\/v2\/comments?post=597"}],"wp:featuredmedia":[{"embeddable":true,"href":"https:\/\/www.parthages.be\/eboutique\/wp-json\/wp\/v2\/media\/596"}],"wp:attachment":[{"href":"https:\/\/www.parthages.be\/eboutique\/wp-json\/wp\/v2\/media?parent=597"}],"curies":[{"name":"wp","href":"https:\/\/api.w.org\/{rel}","templated":true}]}}