{"id":601,"date":"2015-12-11T10:26:54","date_gmt":"2015-12-11T09:26:54","guid":{"rendered":"https:\/\/www.parthages.be\/wordpress\/produit\/on-n-est-pas-si-differents\/"},"modified":"2022-02-18T10:39:47","modified_gmt":"2022-02-18T09:39:47","slug":"on-n-est-pas-si-differents","status":"publish","type":"product","link":"https:\/\/www.parthages.be\/eboutique\/produit\/on-n-est-pas-si-differents\/","title":{"rendered":"On n&rsquo;est pas si diff\u00e9rents"},"content":{"rendered":"<p>La publicit\u00e9 pour une c\u00e9l\u00e8bre p\u00e2te \u00e0 tartiner chocolat-noisettes dit et r\u00e9p\u00e8te qu&rsquo;il faut beaucoup d&rsquo;\u00e9nergie pour \u00eatre un enfant. C&rsquo;est vrai. Et c&rsquo;est vrai pour tous les enfants&#8230; m\u00eame ceux que l&rsquo;on ne voit jamais dans les pubs \u00e0 la t\u00e9l\u00e9.<\/p>\n<p>Qu&rsquo;il soit n\u00e9 porteur d&rsquo;un handicap ou qu&rsquo;il le soit devenu, qu&rsquo;il roule, bo\u00eete, t\u00e2tonne, signe, tourne en rond ou culmine \u00e0 60 cm, rien n&rsquo;interdit \u00e0 un enfant de manger des tartines chocolat\u00e9es, de rire, d&rsquo;\u00eatre heureux, d&rsquo;\u00eatre amoureux, de faire des b\u00eatises, de r\u00e2ler&#8230; et surtout d&rsquo;avoir des amis.<\/p>\n<p>Au fil de ces pages, ni peur ni piti\u00e9, pas de bons ou de mauvais sentiments non plus, juste des enfants qui finalement ne sont pas si diff\u00e9rents les uns des autres, et peuvent apprendre \u00e0 se conna\u00eetre pour mieux vivre ensemble.(pr\u00e9sentaion de l&rsquo;\u00e9diteur)<\/p>\n<p>CANTAIS C.- KOLLENDER S.<\/p>\n<p>la ville br\u00fble<\/p>\n<p>2015 &#8211; 48 p.-280gr- 13\u20ac<\/p>\n<p>ISBN\u00a0: 978-2-36012-054-3<\/p>\n<p>Cote doc\u00a0: 11-CAN-O<\/p>\n<span class=\"et_bloom_bottom_trigger\"><\/span>","protected":false},"excerpt":{"rendered":"<p>La publicit\u00e9 pour une c\u00e9l\u00e8bre p\u00e2te \u00e0 tartiner chocolat-noisettes dit et r\u00e9p\u00e8te qu&rsquo;il faut beaucoup d&rsquo;\u00e9nergie pour \u00eatre un enfant. C&rsquo;est vrai. Et c&rsquo;est vrai pour tous les enfants&#8230; m\u00eame ceux que l&rsquo;on ne voit jamais dans les pubs \u00e0 la t\u00e9l\u00e9.<\/p>\n","protected":false},"featured_media":600,"comment_status":"open","ping_status":"closed","template":"","meta":{"_et_pb_use_builder":"","_et_pb_old_content":"","_et_gb_content_width":"","spay_email":""},"class_list":["post-601","product","type-product","status-publish","has-post-thumbnail","hentry","product_cat-livres","product_cat-livres-jeunesse","product_tag-enfant","product_tag-handicap","product_tag-outil","product_tag-sensibilisation"],"jetpack_sharing_enabled":true,"jetpack_likes_enabled":true,"_links":{"self":[{"href":"https:\/\/www.parthages.be\/eboutique\/wp-json\/wp\/v2\/product\/601","targetHints":{"allow":["GET"]}}],"collection":[{"href":"https:\/\/www.parthages.be\/eboutique\/wp-json\/wp\/v2\/product"}],"about":[{"href":"https:\/\/www.parthages.be\/eboutique\/wp-json\/wp\/v2\/types\/product"}],"replies":[{"embeddable":true,"href":"https:\/\/www.parthages.be\/eboutique\/wp-json\/wp\/v2\/comments?post=601"}],"wp:featuredmedia":[{"embeddable":true,"href":"https:\/\/www.parthages.be\/eboutique\/wp-json\/wp\/v2\/media\/600"}],"wp:attachment":[{"href":"https:\/\/www.parthages.be\/eboutique\/wp-json\/wp\/v2\/media?parent=601"}],"curies":[{"name":"wp","href":"https:\/\/api.w.org\/{rel}","templated":true}]}}