{"id":603,"date":"2016-01-18T15:05:26","date_gmt":"2016-01-18T14:05:26","guid":{"rendered":"https:\/\/www.parthages.be\/wordpress\/produit\/un-monde-ideal-perdu\/"},"modified":"2022-07-26T10:07:43","modified_gmt":"2022-07-26T08:07:43","slug":"un-monde-ideal-perdu","status":"publish","type":"product","link":"https:\/\/www.parthages.be\/eboutique\/produit\/un-monde-ideal-perdu\/","title":{"rendered":"Un monde id\u00e9al perdu"},"content":{"rendered":"<p>Renaud est un homme contemporain banal qui lutte pourtant avec originalit\u00e9 pour vivre dans cette soci\u00e9t\u00e9 qu&rsquo;il d\u00e9crit comme cruelle. C&rsquo;est un id\u00e9aliste, et l&rsquo;id\u00e9alisme a peu de place dans ce monde. Alors il fuit, consciemment ou non, cette r\u00e9alit\u00e9 incompr\u00e9hensible qui l&rsquo;entoure, celle de l&rsquo;\u00e9cole, de l&rsquo;entreprise, fuit les protocoles et les r\u00e8gles&#8230; Il se d\u00e9couvre un mode de fonctionnement singulier, un univers atypique, un monde o\u00f9 l&rsquo;imaginaire envahit le champ de sa pens\u00e9e. Ce n&rsquo;est pas sans souffrance qu&rsquo;il \u00e9voluera mais en luttant contre la maladie. \u00c0 trente-neuf ans, mari\u00e9, trois enfants, ayant travaill\u00e9 dans une dizaine de soci\u00e9t\u00e9s, cr\u00e9\u00e9 une entreprise, sans cesse \u00e0 la recherche d&rsquo;adr\u00e9naline dans les sports extr\u00eames et autres aventures, voyages \u00e0 travers le monde, fouillant dans les livres \u00e0 la recherche de solutions, sa qu\u00eate du bonheur n&rsquo;est toujours pas atteinte. Comment progresser sans blessure quand l&rsquo;id\u00e9al recherch\u00e9 n&rsquo;existe pas? Le d\u00e9sir du toujours plus s&rsquo;av\u00e8re \u00eatre un leurre. Comment donner un sens \u00e0 sa vie? Apr\u00e8s un tragique accident qui changera le fil de son existence, il identifiera alors des plaisirs plus purs et plus intenses. Projets humanitaires et caritatifs lui apporteront un nouvel \u00e9lan&#8230;<\/p>\n<p>Diagnostiqu\u00e9 intellectuellement pr\u00e9coce \u00e0 l&rsquo;\u00e2ge adulte, mais aussi bipolaire, l&rsquo;auteur t\u00e9moigne d&rsquo;une vie port\u00e9e par une sensibilit\u00e9 hors norme.<\/p>\n<p>Continuellement en manque de sensations fortes et avec un besoin perp\u00e9tuel d&rsquo;alimenter ce cerveau en \u00e9bullition, il lui faudra sans cesse raviver cette \u00e9tincelle de passions qui le nourrit, tandis que les p\u00e9riodes de calme et de r\u00e9pit sont consid\u00e9r\u00e9es comme ses pires ennemis et sources d&rsquo;un profond mal \u00eatre. \u00c9crit avec pudeur et sinc\u00e9rit\u00e9, ce r\u00e9cit sur la maladie est une histoire personnelle vive d&rsquo;\u00e9motion, une aventure humaine passionnante, un message d&rsquo;espoir sur la force de la vie.<\/p>\n<p>(Pr\u00e9sentation de l&rsquo;\u00e9diteur)<\/p>\n<p>MAIGNE R.<\/p>\n<p>Soci\u00e9t\u00e9 des \u00e9crivains<\/p>\n<p>2015 &#8211; 164 p.-230gr- 17.95\u20ac<\/p>\n<p>ISBN\u00a0: 978-2-342-03618-3<\/p>\n<p>Cote doc\u00a0: 1-30-MAI-U<\/p>\n<span class=\"et_bloom_bottom_trigger\"><\/span>","protected":false},"excerpt":{"rendered":"<p>Renaud est un homme contemporain banal qui lutte pourtant avec originalit\u00e9 pour vivre dans cette soci\u00e9t\u00e9 qu&rsquo;il d\u00e9crit comme cruelle.<\/p>\n","protected":false},"featured_media":602,"comment_status":"open","ping_status":"closed","template":"","meta":{"_et_pb_use_builder":"","_et_pb_old_content":"","_et_gb_content_width":"","spay_email":""},"class_list":["post-603","product","type-product","status-publish","has-post-thumbnail","hentry","product_cat-livres","product_cat-livres-jeunesse","product_tag-bipolaire","product_tag-evolution","product_tag-societe","product_tag-temoignage"],"jetpack_sharing_enabled":true,"jetpack_likes_enabled":true,"_links":{"self":[{"href":"https:\/\/www.parthages.be\/eboutique\/wp-json\/wp\/v2\/product\/603","targetHints":{"allow":["GET"]}}],"collection":[{"href":"https:\/\/www.parthages.be\/eboutique\/wp-json\/wp\/v2\/product"}],"about":[{"href":"https:\/\/www.parthages.be\/eboutique\/wp-json\/wp\/v2\/types\/product"}],"replies":[{"embeddable":true,"href":"https:\/\/www.parthages.be\/eboutique\/wp-json\/wp\/v2\/comments?post=603"}],"wp:featuredmedia":[{"embeddable":true,"href":"https:\/\/www.parthages.be\/eboutique\/wp-json\/wp\/v2\/media\/602"}],"wp:attachment":[{"href":"https:\/\/www.parthages.be\/eboutique\/wp-json\/wp\/v2\/media?parent=603"}],"curies":[{"name":"wp","href":"https:\/\/api.w.org\/{rel}","templated":true}]}}