{"id":605,"date":"2016-01-18T15:06:51","date_gmt":"2016-01-18T14:06:51","guid":{"rendered":"https:\/\/www.parthages.be\/wordpress\/produit\/gregory-au-sourire-d-un-ange\/"},"modified":"2021-07-28T12:27:37","modified_gmt":"2021-07-28T10:27:37","slug":"gregory-au-sourire-d-un-ange","status":"publish","type":"product","link":"https:\/\/www.parthages.be\/eboutique\/produit\/gregory-au-sourire-d-un-ange\/","title":{"rendered":"Gregory au sourire d&rsquo;un ange"},"content":{"rendered":"<p>\u00ab\u00a0\u00c9crire, r\u00e9\u00e9crire et modeler est une chose merveilleuse quand on a un beau sujet. Le mien est tout trouv\u00e9. Depuis le 23 mars 2013, il se nomme Gregory. Gregory est mon neveu, le fils de mon plus jeune fr\u00e8re, Pierre. Une crise d&rsquo;asthme aigu\u00eb l&rsquo;a emport\u00e9 en quelques minutes. Il n&rsquo;avait que quatorze ans. Qui peut imaginer que l&rsquo;on puisse mourir en 2013 de l&rsquo;asthme? Il faut sortir du cauchemar, regarder la r\u00e9alit\u00e9 en face et finir par admettre que, oui, c&rsquo;est possible.\u00a0\u00bb<\/p>\n<p>Comment affronter la perte d&rsquo;un des siens , si jeune? Un petit homme nature, un petit homme sourire, grand r\u00e9conciliateur, attentif et discret, plein de chaleur et de joie de vivre, heureux d&rsquo;un rien, heureux de tout. Mais si elle rend ici hommage \u00e0 son neveu, le but de ce livre est avant tout d&rsquo;alerter les parents sur l&rsquo;asthme, de mieux former les m\u00e9decins traitants pour ne pas sous-traiter les patients atteints d&rsquo;une vraie maladie malgr\u00e9 des allures parfois b\u00e9nignes: une crise aig\u00fce continue de tuer 2000 personnes par an en France. Con\u00e7u comme un journal sur une dur\u00e9e d&rsquo;un an, son t\u00e9moignage ne laissera personne indiff\u00e9rent. (Pr\u00e9sentation de l&rsquo;\u00e9diteur)<\/p>\n<p>PARIENTE ICHOU F.<\/p>\n<p>Soci\u00e9t\u00e9 des \u00e9crivains<\/p>\n<p>2015 &#8211; 296 p.-410gr- 23.95\u20ac<\/p>\n<p>ISBN\u00a0: 978-2-342-03411-0<\/p>\n<p>Cote doc\u00a0: 9-20-PAR-G<\/p>\n<span class=\"et_bloom_bottom_trigger\"><\/span>","protected":false},"excerpt":{"rendered":"<p>\u00ab\u00a0\u00c9crire, r\u00e9\u00e9crire et modeler est une chose merveilleuse quand on a un beau sujet. Le mien est tout trouv\u00e9.<\/p>\n","protected":false},"featured_media":604,"comment_status":"open","ping_status":"closed","template":"","meta":{"_et_pb_use_builder":"","_et_pb_old_content":"","_et_gb_content_width":"","spay_email":""},"class_list":["post-605","product","type-product","status-publish","has-post-thumbnail","hentry","product_cat-livres","product_tag-acceptation","product_tag-asthme","product_tag-deuil","product_tag-enfant","product_tag-souffrance","product_tag-temoignage"],"jetpack_sharing_enabled":true,"jetpack_likes_enabled":true,"_links":{"self":[{"href":"https:\/\/www.parthages.be\/eboutique\/wp-json\/wp\/v2\/product\/605","targetHints":{"allow":["GET"]}}],"collection":[{"href":"https:\/\/www.parthages.be\/eboutique\/wp-json\/wp\/v2\/product"}],"about":[{"href":"https:\/\/www.parthages.be\/eboutique\/wp-json\/wp\/v2\/types\/product"}],"replies":[{"embeddable":true,"href":"https:\/\/www.parthages.be\/eboutique\/wp-json\/wp\/v2\/comments?post=605"}],"wp:featuredmedia":[{"embeddable":true,"href":"https:\/\/www.parthages.be\/eboutique\/wp-json\/wp\/v2\/media\/604"}],"wp:attachment":[{"href":"https:\/\/www.parthages.be\/eboutique\/wp-json\/wp\/v2\/media?parent=605"}],"curies":[{"name":"wp","href":"https:\/\/api.w.org\/{rel}","templated":true}]}}