{"id":609,"date":"2016-01-18T15:08:55","date_gmt":"2016-01-18T14:08:55","guid":{"rendered":"https:\/\/www.parthages.be\/wordpress\/produit\/s-exprimer-et-se-faire-comprendre\/"},"modified":"2022-03-23T17:33:24","modified_gmt":"2022-03-23T16:33:24","slug":"s-exprimer-et-se-faire-comprendre","status":"publish","type":"product","link":"https:\/\/www.parthages.be\/eboutique\/produit\/s-exprimer-et-se-faire-comprendre\/","title":{"rendered":"S&rsquo;exprimer et se faire comprendre"},"content":{"rendered":"<p>La d\u00e9claration des droits des personnes handicap\u00e9es (1975) puis la Convention internationale relative aux droits des personnes handicap\u00e9es (2007) stipulent la n\u00e9cessit\u00e9 de se donner tous les moyens pour que les points de vue des personnes en situation de handicap soient pris en compte par les praticiens, les d\u00e9cideurs et \u00e9galement les chercheurs. Mais quelles sont les conditions optimales pour comprendre, s\u2019exprimer, se faire comprendre lors d\u2019un entretien qui implique des personnes en situation de handicap ?<\/p>\n<p>Cet ouvrage aborde les questions \u00e9thiques, \u00e9pist\u00e9mologiques et m\u00e9thodologiques sp\u00e9cifiques qui se posent lors des entretiens cliniques, d\u2019accompagnement et de recherche. Il identifie leurs apports et leurs limites lorsque la personne concern\u00e9e, enfant, adolescent ou adulte, a des difficult\u00e9s \u00e0 s\u2019exprimer, \u00e0 entrer\u00a0 en relation ou \u00e0 comprendre du fait de sa ou de ses d\u00e9ficiences (surdit\u00e9, surdic\u00e9cit\u00e9, infirmit\u00e9 motrice-c\u00e9r\u00e9brale, d\u00e9ficience intellectuelle). Les auteurs, chercheurs et cliniciens, proposent des adaptations et des modalit\u00e9s suppl\u00e9tives en vue d\u2019am\u00e9liorer la qualit\u00e9 des \u00e9changes et de favoriser la production du discours, et \u00e9voquent des modalit\u00e9s d\u2019analyse du contenu ainsi recueilli.(Pr\u00e9sentation de l&rsquo;\u00e9diteur)<\/p>\n<p>BEDOIN D.- SCELLES R.<\/p>\n<p>Editions Er\u00e8s<\/p>\n<p>2015 -192 p.-330gr- 23\u20ac<\/p>\n<p>ISBN\u00a0: 978-2-7492-4848-6<\/p>\n<p>Cote doc\u00a0: 7-10-BED-E<\/p>\n<span class=\"et_bloom_bottom_trigger\"><\/span>","protected":false},"excerpt":{"rendered":"<p>La d\u00e9claration des droits des personnes handicap\u00e9es (1975) puis la Convention internationale relative aux droits des personnes handicap\u00e9es (2007)&#8230;<\/p>\n","protected":false},"featured_media":608,"comment_status":"open","ping_status":"closed","template":"","meta":{"_et_pb_use_builder":"","_et_pb_old_content":"","_et_gb_content_width":"","spay_email":""},"class_list":["post-609","product","type-product","status-publish","has-post-thumbnail","hentry","product_cat-livres"],"jetpack_sharing_enabled":true,"jetpack_likes_enabled":true,"_links":{"self":[{"href":"https:\/\/www.parthages.be\/eboutique\/wp-json\/wp\/v2\/product\/609","targetHints":{"allow":["GET"]}}],"collection":[{"href":"https:\/\/www.parthages.be\/eboutique\/wp-json\/wp\/v2\/product"}],"about":[{"href":"https:\/\/www.parthages.be\/eboutique\/wp-json\/wp\/v2\/types\/product"}],"replies":[{"embeddable":true,"href":"https:\/\/www.parthages.be\/eboutique\/wp-json\/wp\/v2\/comments?post=609"}],"wp:featuredmedia":[{"embeddable":true,"href":"https:\/\/www.parthages.be\/eboutique\/wp-json\/wp\/v2\/media\/608"}],"wp:attachment":[{"href":"https:\/\/www.parthages.be\/eboutique\/wp-json\/wp\/v2\/media?parent=609"}],"curies":[{"name":"wp","href":"https:\/\/api.w.org\/{rel}","templated":true}]}}