{"id":611,"date":"2016-01-18T15:30:03","date_gmt":"2016-01-18T14:30:03","guid":{"rendered":"https:\/\/www.parthages.be\/wordpress\/produit\/vivre-avec-une-personne-atteinte-de-demence\/"},"modified":"2022-05-16T19:57:38","modified_gmt":"2022-05-16T17:57:38","slug":"vivre-avec-une-personne-atteinte-de-demence","status":"publish","type":"product","link":"https:\/\/www.parthages.be\/eboutique\/produit\/vivre-avec-une-personne-atteinte-de-demence\/","title":{"rendered":"Vivre avec une personne atteinte de d\u00e9mence"},"content":{"rendered":"<p>Cet ouvrage s&rsquo;adresse \u00e0 l\u2019entourage proche qui partage la vie d&rsquo;une personne atteinte de d\u00e9mence et souhaite mieux comprendre la maladie et tous les probl\u00e8mes qu&rsquo;elle pose afin de pouvoir g\u00e9rer le quotidien avec le moins de stress possible.<\/p>\n<p>L&rsquo;auteur passe en revue les diff\u00e9rents stades de la maladie (d\u00e9mence pr\u00e9coce, mod\u00e9r\u00e9e et s\u00e9v\u00e8re) jusqu&rsquo;\u00e0 la fin de vie. Il explique comment la d\u00e9mence affecte la personne et son entourage et donne des conseils pour am\u00e9liorer le bien-\u00eatre du patient et aider la famille dans les prises de d\u00e9cision. Gr\u00e2ce aux nombreux exemples, t\u00e9moignages et pistes concr\u00e8tes d&rsquo;aide et de soutien professionnel, ce livre apportera les connaissances, la compr\u00e9hension et le savoir-faire n\u00e9cessaire pour rendre la vie d\u2019une personne souffrant de d\u00e9mence aussi satisfaisante que possible tout en apportant un soutien efficace \u00e0 la famille, aux amis et aux aidants-professionnels. (Pr\u00e9sentation de l&rsquo;\u00e9diteur)<\/p>\n<p>PULSFORD D.- THOMPSON R.<\/p>\n<p>De Boeck<\/p>\n<p>2015 -248 p.-370gr- 22\u20ac<\/p>\n<p>ISBN\u00a0: 978-2-8041-9388-1<\/p>\n<p>Cote doc : 2-30-PUL-V<\/p>\n<span class=\"et_bloom_bottom_trigger\"><\/span>","protected":false},"excerpt":{"rendered":"<p>Cet ouvrage s&rsquo;adresse \u00e0 l\u2019entourage proche qui partage la vie d&rsquo;une personne atteinte de d\u00e9mence et souhaite mieux comprendre la maladie et tous les probl\u00e8mes qu&rsquo;elle pose afin de pouvoir g\u00e9rer le quotidien avec le moins de stress possible.<\/p>\n","protected":false},"featured_media":610,"comment_status":"open","ping_status":"closed","template":"","meta":{"_et_pb_use_builder":"","_et_pb_old_content":"","_et_gb_content_width":"","spay_email":""},"class_list":["post-611","product","type-product","status-publish","has-post-thumbnail","hentry","product_cat-livres","product_tag-adaptation","product_tag-demence","product_tag-diagnostic","product_tag-evolution","product_tag-relation-famille-entourage","product_tag-temoignage"],"jetpack_sharing_enabled":true,"jetpack_likes_enabled":true,"_links":{"self":[{"href":"https:\/\/www.parthages.be\/eboutique\/wp-json\/wp\/v2\/product\/611","targetHints":{"allow":["GET"]}}],"collection":[{"href":"https:\/\/www.parthages.be\/eboutique\/wp-json\/wp\/v2\/product"}],"about":[{"href":"https:\/\/www.parthages.be\/eboutique\/wp-json\/wp\/v2\/types\/product"}],"replies":[{"embeddable":true,"href":"https:\/\/www.parthages.be\/eboutique\/wp-json\/wp\/v2\/comments?post=611"}],"wp:featuredmedia":[{"embeddable":true,"href":"https:\/\/www.parthages.be\/eboutique\/wp-json\/wp\/v2\/media\/610"}],"wp:attachment":[{"href":"https:\/\/www.parthages.be\/eboutique\/wp-json\/wp\/v2\/media?parent=611"}],"curies":[{"name":"wp","href":"https:\/\/api.w.org\/{rel}","templated":true}]}}