{"id":613,"date":"2016-01-18T15:31:07","date_gmt":"2016-01-18T14:31:07","guid":{"rendered":"https:\/\/www.parthages.be\/wordpress\/produit\/l-enfant-autiste-approche-de-l-immuabilite-en-psychomotricite\/"},"modified":"2022-07-26T08:08:54","modified_gmt":"2022-07-26T06:08:54","slug":"l-enfant-autiste-approche-de-l-immuabilite-en-psychomotricite","status":"publish","type":"product","link":"https:\/\/www.parthages.be\/eboutique\/produit\/l-enfant-autiste-approche-de-l-immuabilite-en-psychomotricite\/","title":{"rendered":"L&rsquo;enfant autiste. Approche de l&rsquo;immuabilit\u00e9 en psychomotricit\u00e9"},"content":{"rendered":"<p>L&rsquo;immuabilit\u00e9, c&rsquo;est-\u00e0-dire l&rsquo;impossibilit\u00e9 \u00e0 envisager sans angoisse le changement, est un des sympt\u00f4mes majeurs de l&rsquo;autisme &#8211; l&rsquo;un des plus envahissants \u00e9galement, autant pour l&rsquo;enfant autiste que pour son entourage.<\/p>\n<p>A travers l&rsquo;\u00e9tude des th\u00e9ories historiques et actuelles, de t\u00e9moignages et de cas cliniques en s\u00e9ances de psychomotricit\u00e9 (en institut m\u00e9dico-\u00e9ducatif et en cabinet lib\u00e9ral), l\u2019auteur identifie les effets positifs et d\u00e9l\u00e9t\u00e8res de la recherche d\u2019immuabilit\u00e9 observ\u00e9e aupr\u00e8s des enfants souffrant d&rsquo;autisme.<\/p>\n<p>L&rsquo;approche d\u00e9crite par l&rsquo;auteur a pour objectif de d\u00e9velopper le sens du mouvement des enfants autistes, au sein d\u2019un monde qui semble fig\u00e9 \u00e0 leurs yeux, afin de favoriser leur structuration ainsi que leur \u00e9panouissement (Pr\u00e9sentation de l&rsquo;\u00e9diteur)<\/p>\n<p>BERTRAND J.<\/p>\n<p>De Boeck \u2013 Solal<\/p>\n<p>2015 -80 p.-145gr<\/p>\n<p>ISBN\u00a0: 978-2-35327-307-2<\/p>\n<p>Cote doc: 1-70-BER-E<\/p>\n<span class=\"et_bloom_bottom_trigger\"><\/span>","protected":false},"excerpt":{"rendered":"<p>L&rsquo;immuabilit\u00e9, c&rsquo;est-\u00e0-dire l&rsquo;impossibilit\u00e9 \u00e0 envisager sans angoisse le changement, est un des sympt\u00f4mes majeurs de l&rsquo;autisme &#8211; l&rsquo;un des plus envahissants \u00e9galement, autant pour l&rsquo;enfant autiste que pour son entourage.<\/p>\n","protected":false},"featured_media":612,"comment_status":"open","ping_status":"closed","template":"","meta":{"_et_pb_use_builder":"","_et_pb_old_content":"","_et_gb_content_width":"","spay_email":""},"class_list":["post-613","product","type-product","status-publish","has-post-thumbnail","hentry","product_cat-livres","product_tag-adaptation","product_tag-autisme","product_tag-diagnostic","product_tag-psychomotricite"],"jetpack_sharing_enabled":true,"jetpack_likes_enabled":true,"_links":{"self":[{"href":"https:\/\/www.parthages.be\/eboutique\/wp-json\/wp\/v2\/product\/613","targetHints":{"allow":["GET"]}}],"collection":[{"href":"https:\/\/www.parthages.be\/eboutique\/wp-json\/wp\/v2\/product"}],"about":[{"href":"https:\/\/www.parthages.be\/eboutique\/wp-json\/wp\/v2\/types\/product"}],"replies":[{"embeddable":true,"href":"https:\/\/www.parthages.be\/eboutique\/wp-json\/wp\/v2\/comments?post=613"}],"wp:featuredmedia":[{"embeddable":true,"href":"https:\/\/www.parthages.be\/eboutique\/wp-json\/wp\/v2\/media\/612"}],"wp:attachment":[{"href":"https:\/\/www.parthages.be\/eboutique\/wp-json\/wp\/v2\/media?parent=613"}],"curies":[{"name":"wp","href":"https:\/\/api.w.org\/{rel}","templated":true}]}}