{"id":619,"date":"2016-03-10T09:37:54","date_gmt":"2016-03-10T08:37:54","guid":{"rendered":"https:\/\/www.parthages.be\/wordpress\/produit\/accompagnant-d-eleves-en-situation-de-handicap\/"},"modified":"2022-03-23T17:07:06","modified_gmt":"2022-03-23T16:07:06","slug":"accompagnant-d-eleves-en-situation-de-handicap","status":"publish","type":"product","link":"https:\/\/www.parthages.be\/eboutique\/produit\/accompagnant-d-eleves-en-situation-de-handicap\/","title":{"rendered":"Accompagnant d&rsquo;\u00e9l\u00e8ves en situation de handicap"},"content":{"rendered":"<p>L&rsquo;AESH est l&rsquo;Adulte qui accompagne les Enfants en Situation de Handicap. Il intervient dans un contexte scolaire particulier tout en \u00e9tant au service de l&rsquo;\u00e9l\u00e8ve pour lequel il a \u00e9t\u00e9 nomm\u00e9. Il compose avec les outils et les m\u00e9thodes \u00e0 sa disposition. Cet ouvrage rend explicite, concret et accessible le r\u00f4le tenu par l&rsquo;AESH. A partir de ces aspects de la r\u00e9alit\u00e9 d\u00e9crits sans fard, les acteurs soci\u00e9taux et institutionnels peuvent concevoir des \u00e9volutions pour les AESH.<\/p>\n<p>(Pr\u00e9sentation de l&rsquo;\u00e9diteur)<\/p>\n<p>BRUN-PICARD YO- BRUN-PICARD Y<\/p>\n<p>Editions L&rsquo;Harmattan<\/p>\n<p>2015- 240 p.-300gr- 24.50\u20ac<\/p>\n<p>ISBN\u00a0: 978-2-343-07826-7<\/p>\n<p>Cote doc: 4-50-BRU-A<\/p>\n<span class=\"et_bloom_bottom_trigger\"><\/span>","protected":false},"excerpt":{"rendered":"<p>L&rsquo;AESH est l&rsquo;Adulte qui accompagne les Enfants en Situation de Handicap.<\/p>\n","protected":false},"featured_media":618,"comment_status":"open","ping_status":"closed","template":"","meta":{"_et_pb_use_builder":"","_et_pb_old_content":"","_et_gb_content_width":"","spay_email":""},"class_list":["post-619","product","type-product","status-publish","has-post-thumbnail","hentry","product_cat-livres","product_tag-accompagnement","product_tag-enfant-handicape","product_tag-integration","product_tag-scolarite","product_tag-temoignage"],"jetpack_sharing_enabled":true,"jetpack_likes_enabled":true,"_links":{"self":[{"href":"https:\/\/www.parthages.be\/eboutique\/wp-json\/wp\/v2\/product\/619","targetHints":{"allow":["GET"]}}],"collection":[{"href":"https:\/\/www.parthages.be\/eboutique\/wp-json\/wp\/v2\/product"}],"about":[{"href":"https:\/\/www.parthages.be\/eboutique\/wp-json\/wp\/v2\/types\/product"}],"replies":[{"embeddable":true,"href":"https:\/\/www.parthages.be\/eboutique\/wp-json\/wp\/v2\/comments?post=619"}],"wp:featuredmedia":[{"embeddable":true,"href":"https:\/\/www.parthages.be\/eboutique\/wp-json\/wp\/v2\/media\/618"}],"wp:attachment":[{"href":"https:\/\/www.parthages.be\/eboutique\/wp-json\/wp\/v2\/media?parent=619"}],"curies":[{"name":"wp","href":"https:\/\/api.w.org\/{rel}","templated":true}]}}