{"id":62,"date":"2012-09-24T11:37:53","date_gmt":"2012-09-24T09:37:53","guid":{"rendered":"https:\/\/www.parthages.be\/wordpress\/produit\/handicap-identite-sexuee-et-vie-sexuelle\/"},"modified":"2022-01-18T15:25:29","modified_gmt":"2022-01-18T14:25:29","slug":"handicap-identite-sexuee-et-vie-sexuelle","status":"publish","type":"product","link":"https:\/\/www.parthages.be\/eboutique\/produit\/handicap-identite-sexuee-et-vie-sexuelle\/","title":{"rendered":"Handicap, identit\u00e9 sexu\u00e9e et vie sexuelle"},"content":{"rendered":"<p>Quel travail psychique le handicap impose-t-il \u00e0 la construction identitaire, \u00e0 la repr\u00e9sentation de soi, \u00e0 l&rsquo;int\u00e9gration de la diff\u00e9rence des sexes ? La symbolisation du masculin et du f\u00e9minin est-elle affect\u00e9e par le handicap et de quelle mani\u00e8re ? Comment l&rsquo;identit\u00e9 sexuelle se d\u00e9ploie-t-elle \u00e0 l&rsquo;adolescence, chez le sujet vieillissant ? Quelle place la sexualit\u00e9 g\u00e9nitale prend-elle chez l&rsquo;adolescent, l&rsquo;adulte confront\u00e9 au handicap ? Quelles questions le handicap pose-t-il au sein de la vie de couple ? Comment et dans quelles conditions la sexualit\u00e9 peut-elle \u00eatre accompagn\u00e9e dans les situations de handicap ? Qu&rsquo;en est-il du d\u00e9sir de parentalit\u00e9 chez le sujet affect\u00e9 par le handicap ?<\/p>\n<p>Dans cet ouvrage, issu de travaux du quatri\u00e8me s\u00e9minaire interuniversitaire international sur la clinique du handicap (SIICLHA), les auteurs abordent l&rsquo;ensemble de ces questions qui se voient complexifi\u00e9es par le regard social port\u00e9 sur le handicap, sur la sexualit\u00e9 attach\u00e9e au handicap, avec les fantasmes que de tels contextes mobilisent. Ils ouvrent des perspectives sociologiques, anthropologiques, historiques, philosophiques, \u00e9thiques et d\u00e9veloppent des approches cliniques singuli\u00e8res. (Pr\u00e9sentation de l&rsquo;\u00e9diteur)<\/p>\n<p>CICCONE A.- KORFF-SAUSSE S.- SCELLES R.- SALBREUX R.<\/p>\n<p>Editions Er\u00e8s<\/p>\n<p>2010-272p.-26\u20ac<\/p>\n<p>442gr<\/p>\n<p>ISBN\u00a0: 978-2-7492-1264-7<\/p>\n<p>Cote doc\u00a0: 4-20-CIC-H<\/p>\n<span class=\"et_bloom_bottom_trigger\"><\/span>","protected":false},"excerpt":{"rendered":"<p>Quel travail psychique le handicap impose-t-il \u00e0 la construction identitaire, \u00e0 la repr\u00e9sentation de soi, \u00e0 l&rsquo;int\u00e9gration de la diff\u00e9rence des sexes ?<\/p>\n","protected":false},"featured_media":2314,"comment_status":"open","ping_status":"closed","template":"","meta":{"_et_pb_use_builder":"","_et_pb_old_content":"","_et_gb_content_width":"","spay_email":""},"class_list":["post-62","product","type-product","status-publish","has-post-thumbnail","hentry","product_cat-livres","product_tag-accompagnement","product_tag-adolescence","product_tag-adulte","product_tag-adulte-accompagnement","product_tag-annonce-du-handicap","product_tag-ethique","product_tag-identite-sexuelle","product_tag-obesite","product_tag-parentalite","product_tag-personne-handicapee","product_tag-representation-sociale","product_tag-sexualite","product_tag-vie-affective","product_tag-vie-de-couple","product_tag-vieillissement"],"jetpack_sharing_enabled":true,"jetpack_likes_enabled":true,"_links":{"self":[{"href":"https:\/\/www.parthages.be\/eboutique\/wp-json\/wp\/v2\/product\/62","targetHints":{"allow":["GET"]}}],"collection":[{"href":"https:\/\/www.parthages.be\/eboutique\/wp-json\/wp\/v2\/product"}],"about":[{"href":"https:\/\/www.parthages.be\/eboutique\/wp-json\/wp\/v2\/types\/product"}],"replies":[{"embeddable":true,"href":"https:\/\/www.parthages.be\/eboutique\/wp-json\/wp\/v2\/comments?post=62"}],"wp:featuredmedia":[{"embeddable":true,"href":"https:\/\/www.parthages.be\/eboutique\/wp-json\/wp\/v2\/media\/2314"}],"wp:attachment":[{"href":"https:\/\/www.parthages.be\/eboutique\/wp-json\/wp\/v2\/media?parent=62"}],"curies":[{"name":"wp","href":"https:\/\/api.w.org\/{rel}","templated":true}]}}