{"id":621,"date":"2016-03-10T09:39:31","date_gmt":"2016-03-10T08:39:31","guid":{"rendered":"https:\/\/www.parthages.be\/wordpress\/produit\/dans-l-ombre-d-un-handicap\/"},"modified":"2021-08-17T10:33:36","modified_gmt":"2021-08-17T08:33:36","slug":"dans-l-ombre-d-un-handicap","status":"publish","type":"product","link":"https:\/\/www.parthages.be\/eboutique\/produit\/dans-l-ombre-d-un-handicap\/","title":{"rendered":"Dans l&rsquo;ombre d&rsquo;un handicap"},"content":{"rendered":"<p>Etre normale, voil\u00e0 le r\u00eave de Melinda : sortir de l&rsquo;ombre de son handicap et vivre comme toutes les filles de son \u00e2ge. Avec la pr\u00e9sence de ses amis et surtout de David, Melinda parviendra-t-elle \u00e0 faire la paix avec son handicap ? Parviendra-t-elle \u00e0 surmonter ce complexe et affronter la vie avec plus d&rsquo;optimisme ? Voil\u00e0 la grande question que pose l&rsquo;auteure, sur fond d&rsquo;interpellation des handicap\u00e9s du monde entier.<\/p>\n<p>(Pr\u00e9sentation de l&rsquo;\u00e9diteur)<\/p>\n<p>K-RENE E<\/p>\n<p>L\u2019Harrmttan Cameroun<\/p>\n<p>2015- 146 p.-195gr- 16\u20ac<\/p>\n<p>ISBN\u00a0: 978-2-343-06966-1<\/p>\n<p>Cote doc\u00a0: 7-30-KRE-D<\/p>\n<span class=\"et_bloom_bottom_trigger\"><\/span>","protected":false},"excerpt":{"rendered":"<p>Etre normale, voil\u00e0 le r\u00eave de Melinda : sortir de l&rsquo;ombre de son handicap et vivre comme toutes les filles de son \u00e2ge.<\/p>\n","protected":false},"featured_media":620,"comment_status":"open","ping_status":"closed","template":"","meta":{"_et_pb_use_builder":"","_et_pb_old_content":"","_et_gb_content_width":"","spay_email":""},"class_list":["post-621","product","type-product","status-publish","has-post-thumbnail","hentry","product_cat-livres","product_tag-image-de-soi","product_tag-image-du-corps","product_tag-personne-handicapee","product_tag-relation-affective","product_tag-roman"],"jetpack_sharing_enabled":true,"jetpack_likes_enabled":true,"_links":{"self":[{"href":"https:\/\/www.parthages.be\/eboutique\/wp-json\/wp\/v2\/product\/621","targetHints":{"allow":["GET"]}}],"collection":[{"href":"https:\/\/www.parthages.be\/eboutique\/wp-json\/wp\/v2\/product"}],"about":[{"href":"https:\/\/www.parthages.be\/eboutique\/wp-json\/wp\/v2\/types\/product"}],"replies":[{"embeddable":true,"href":"https:\/\/www.parthages.be\/eboutique\/wp-json\/wp\/v2\/comments?post=621"}],"wp:featuredmedia":[{"embeddable":true,"href":"https:\/\/www.parthages.be\/eboutique\/wp-json\/wp\/v2\/media\/620"}],"wp:attachment":[{"href":"https:\/\/www.parthages.be\/eboutique\/wp-json\/wp\/v2\/media?parent=621"}],"curies":[{"name":"wp","href":"https:\/\/api.w.org\/{rel}","templated":true}]}}