{"id":623,"date":"2016-03-10T09:41:12","date_gmt":"2016-03-10T08:41:12","guid":{"rendered":"https:\/\/www.parthages.be\/wordpress\/produit\/prendre-soin-de-ceux-qui-ne-gueriront-pas\/"},"modified":"2021-07-28T12:24:18","modified_gmt":"2021-07-28T10:24:18","slug":"prendre-soin-de-ceux-qui-ne-gueriront-pas","status":"publish","type":"product","link":"https:\/\/www.parthages.be\/eboutique\/produit\/prendre-soin-de-ceux-qui-ne-gueriront-pas\/","title":{"rendered":"Prendre soin de ceux qui ne gu\u00e9riront pas"},"content":{"rendered":"<p>Ceux qui ne gu\u00e9riront pas sont nombreux aujourd\u2019hui, personnes \u00e2g\u00e9es, personnes handicap\u00e9es, malades atteints de pathologies \u00e9volutives l\u00e9tales ou de maladies chroniques&#8230; Depuis quelques d\u00e9cennies, l&rsquo;\u00e9cart ne cesse de s&rsquo;accro\u00eetre entre des progr\u00e8s techniques fabuleux, qui am\u00e8nent certains \u00e0 esp\u00e9rer les pouvoirs sup\u00e9rieurs d&rsquo;une transhumanit\u00e9, et l&rsquo;immense d\u00e9tresse qui saisit chacun de nous devant la maladie chronique ou l&rsquo;imminence de la mort, pour soi-m\u00eame et ceux qui nous sont proches.<\/p>\n<p>L\u2019incurabilit\u00e9 et la fin de vie mettent toujours les m\u00e9decins dans l\u2019impossibilit\u00e9 de r\u00e9aliser ce qui a motiv\u00e9 leur choix professionnel. Pour rester fid\u00e8les \u00e0 leurs valeurs, ils doivent renoncer au seul imp\u00e9ratif de la gu\u00e9rison et du \u00ab cure \u00bb, pour s\u2019engager pleinement dans le \u00ab care \u00bb, afin d\u2019apporter soulagement, soutien physique et psychique au malade consid\u00e9r\u00e9, jusqu\u2019au bout comme acteur de son devenir, et \u00e0 ses proches.<\/p>\n<p>Cet impact de la non-gu\u00e9rison sur le soin est explor\u00e9 par les auteurs r\u00e9unis par Elisabeth Zucman. De leur place de m\u00e9decins, de professionnels du champ m\u00e9dicosocial, de familles ou de personnes concern\u00e9es, ils tentent d\u2019appr\u00e9hender le \u00ab comment \u00bb et les \u00ab pourquoi \u00bb des adaptations r\u00e9ciproques du m\u00e9decin et du malade \u00e0 la situation singuli\u00e8re, mais si fr\u00e9quente, de l\u2019absence de gu\u00e9rison ou de la fin de vie.<\/p>\n<p>(Pr\u00e9sentation de l&rsquo;\u00e9diteur)<\/p>\n<p>ZUCMAN E.<\/p>\n<p>Editions Er\u00e8s<\/p>\n<p>2016- 360 p.-255gr- 18\u20ac<\/p>\n<p>ISBN\u00a0: 978-2-7492-4992-6<\/p>\n<p>Cote doc\u00a0: 9-20-ZUC-P<\/p>\n<span class=\"et_bloom_bottom_trigger\"><\/span>","protected":false},"excerpt":{"rendered":"<p>Ceux qui ne gu\u00e9riront pas sont nombreux aujourd\u2019hui, personnes \u00e2g\u00e9es, personnes handicap\u00e9es, malades atteints de pathologies \u00e9volutives l\u00e9tales ou de maladies chroniques&#8230;<\/p>\n","protected":false},"featured_media":622,"comment_status":"open","ping_status":"closed","template":"","meta":{"_et_pb_use_builder":"","_et_pb_old_content":"","_et_gb_content_width":"","spay_email":""},"class_list":["post-623","product","type-product","status-publish","has-post-thumbnail","hentry","product_cat-livres","product_tag-accompagnement","product_tag-equipe-pluridisciplinaire","product_tag-ethique","product_tag-guerison","product_tag-maladie","product_tag-medecin","product_tag-mort","product_tag-soins-palliatifs"],"jetpack_sharing_enabled":true,"jetpack_likes_enabled":true,"_links":{"self":[{"href":"https:\/\/www.parthages.be\/eboutique\/wp-json\/wp\/v2\/product\/623","targetHints":{"allow":["GET"]}}],"collection":[{"href":"https:\/\/www.parthages.be\/eboutique\/wp-json\/wp\/v2\/product"}],"about":[{"href":"https:\/\/www.parthages.be\/eboutique\/wp-json\/wp\/v2\/types\/product"}],"replies":[{"embeddable":true,"href":"https:\/\/www.parthages.be\/eboutique\/wp-json\/wp\/v2\/comments?post=623"}],"wp:featuredmedia":[{"embeddable":true,"href":"https:\/\/www.parthages.be\/eboutique\/wp-json\/wp\/v2\/media\/622"}],"wp:attachment":[{"href":"https:\/\/www.parthages.be\/eboutique\/wp-json\/wp\/v2\/media?parent=623"}],"curies":[{"name":"wp","href":"https:\/\/api.w.org\/{rel}","templated":true}]}}