{"id":629,"date":"2016-04-19T10:05:46","date_gmt":"2016-04-19T08:05:46","guid":{"rendered":"https:\/\/www.parthages.be\/wordpress\/produit\/petit-cahier-d-exercices-pour-surmonter-la-jalousie\/"},"modified":"2021-08-18T10:00:06","modified_gmt":"2021-08-18T08:00:06","slug":"petit-cahier-d-exercices-pour-surmonter-la-jalousie","status":"publish","type":"product","link":"https:\/\/www.parthages.be\/eboutique\/produit\/petit-cahier-d-exercices-pour-surmonter-la-jalousie\/","title":{"rendered":"Petit cahier d&rsquo;exercices pour surmonter la jalousie"},"content":{"rendered":"<p>\u00ab Moi, jaloux (se) ? Pas du tout ! C\u2019est juste que je l\u2019aime et ne voudrais pas la (le) perdre\u2026 \u00bb<\/p>\n<p>Qu\u2019il est difficile de s\u2019avouer jaloux ! Et pourtant, le sentiment est bel et bien l\u00e0, au coeur de notre vie et au coeur de nos amours. Autant d\u00e8s lors apprendre \u00e0 le conna\u00eetre et \u00e0 l\u2019accepter. Car c\u2019est bien l\u00e0 le point de d\u00e9part pour parvenir \u00e0 surmonter la jalousie.<\/p>\n<p>Ce Petit cahier d\u2019exercices, gr\u00e2ce \u00e0 ses conseils pratiques, ses r\u00e9flexions ludiques, ses dessins et ses quiz, vous aidera \u00e0 mettre votre jalousie au tapis ! Au programme : faire connaissance avec la jalousie, ses manifestations, ses sympt\u00f4mes, comprendre son fonctionnement, d\u00e9velopper des strat\u00e9gies pour s&rsquo;en lib\u00e9rer et lui \u00f4ter d\u00e9finitivement son pouvoir !<\/p>\n<p>\u00ab Quelle fiert\u00e9 de voir la jalousie diminuer progressivement avec le temps et les efforts ! Le jeu en vaut la chandelle. \u00bb (Pr\u00e9sentation de l&rsquo;\u00e9diteur)<\/p>\n<p>THALMANN Y.-A.- AUGAGNEUR J.<\/p>\n<p>Editions Jouvence<\/p>\n<p>2016 &#8211; 63 p.-115gr- 6,90\u20ac<\/p>\n<p>ISBN\u00a0: 978-2-88911-652-2<\/p>\n<p>Cote doc : 3-10-THA-J<\/p>\n<span class=\"et_bloom_bottom_trigger\"><\/span>","protected":false},"excerpt":{"rendered":"<p>\u00ab Moi, jaloux (se) ? Pas du tout ! C\u2019est juste que je l\u2019aime et ne voudrais pas la (le) perdre\u2026 \u00bb<\/p>\n","protected":false},"featured_media":628,"comment_status":"open","ping_status":"closed","template":"","meta":{"_et_pb_use_builder":"","_et_pb_old_content":"","_et_gb_content_width":"","spay_email":""},"class_list":["post-629","product","type-product","status-publish","has-post-thumbnail","hentry","product_cat-livres","product_tag-bien-etre","product_tag-developpement-de-la-personnalite","product_tag-psychologie","product_tag-strategie"],"jetpack_sharing_enabled":true,"jetpack_likes_enabled":true,"_links":{"self":[{"href":"https:\/\/www.parthages.be\/eboutique\/wp-json\/wp\/v2\/product\/629","targetHints":{"allow":["GET"]}}],"collection":[{"href":"https:\/\/www.parthages.be\/eboutique\/wp-json\/wp\/v2\/product"}],"about":[{"href":"https:\/\/www.parthages.be\/eboutique\/wp-json\/wp\/v2\/types\/product"}],"replies":[{"embeddable":true,"href":"https:\/\/www.parthages.be\/eboutique\/wp-json\/wp\/v2\/comments?post=629"}],"wp:featuredmedia":[{"embeddable":true,"href":"https:\/\/www.parthages.be\/eboutique\/wp-json\/wp\/v2\/media\/628"}],"wp:attachment":[{"href":"https:\/\/www.parthages.be\/eboutique\/wp-json\/wp\/v2\/media?parent=629"}],"curies":[{"name":"wp","href":"https:\/\/api.w.org\/{rel}","templated":true}]}}