{"id":631,"date":"2016-04-19T10:11:24","date_gmt":"2016-04-19T08:11:24","guid":{"rendered":"https:\/\/www.parthages.be\/wordpress\/produit\/art-therapie-au-pays-d-alzheimer\/"},"modified":"2022-06-03T09:30:54","modified_gmt":"2022-06-03T07:30:54","slug":"art-therapie-au-pays-d-alzheimer","status":"publish","type":"product","link":"https:\/\/www.parthages.be\/eboutique\/produit\/art-therapie-au-pays-d-alzheimer\/","title":{"rendered":"Art-th\u00e9rapie au pays d&rsquo;Alzheimer"},"content":{"rendered":"<p>Soigner autrement les maladies de m\u00e9moire<\/p>\n<p>Actuellement, 900 000 personnes en France sont atteintes de maladie d&rsquo;Alzheimer. Au vu de l&rsquo;inefficacit\u00e9 des traitements existants, il est urgent de d\u00e9velopper aussi d&rsquo;autres approches non m\u00e9dicales et de souligner les bienfaits de l&rsquo;art-th\u00e9rapie.<\/p>\n<p>L&rsquo;auteure pr\u00e9sente dans un langage simple et avec de nombreuses illustrations son exp\u00e9rience du suivi de plus de cent patients en atelier qui confirme que la pratique de l&rsquo;art n&rsquo;est pas incompatible avec la d\u00e9mence, que le patient assidu et motiv\u00e9 peut produire des \u0153uvres int\u00e9ressantes et qu&rsquo;une d\u00e9gradation majeure n&rsquo;est pas in\u00e9vitable.<\/p>\n<p>Qu&rsquo;est-ce que la maladie d&rsquo;Alzheimer et les autres d\u00e9mences d\u00e9g\u00e9n\u00e9ratives, quels sont leurs sympt\u00f4mes et les tests pour les d\u00e9celer?? Quels sont leurs effets sur les dessins et les peintures des malades?? En particulier le Test du Dessin de la Maison est d\u00e9crit avec son \u00e9chelle de cotation valid\u00e9e.<\/p>\n<p>Comment fonctionne un atelier d&rsquo;art en g\u00e9riatrie, quelles sont les techniques d&rsquo;animation et de compensation de leurs difficult\u00e9s?? De nombreuses grilles pratiques d&rsquo;\u00e9valuation du comportement et de l&rsquo;\u0153uvre sont pr\u00e9sent\u00e9es.<\/p>\n<p>Le point fort et original de cet ouvrage est la pr\u00e9sentation de 18 cas de patients atteints de diff\u00e9rentes maladies de m\u00e9moire, illustr\u00e9s par de nombreuses \u0153uvres picturales.<\/p>\n<p>Cet ouvrage s&rsquo;adresse en particulier aux art-th\u00e9rapeutes, psychologues et neuropsychologues, psychiatres, mais aussi aux animateurs, m\u00e9decins ou directeurs de maisons de retraite, des h\u00f4pitaux et des accueils de jour.<\/p>\n<p>(Pr\u00e9sentation de l&rsquo;\u00e9diteur)<\/p>\n<p>LESNIEWSKA H.<\/p>\n<p>Chronique sociale<\/p>\n<p>2015 &#8211; 192 p.-290gr- 21.90\u20ac<\/p>\n<p>ISBN\u00a0: 978-2-36717-144-9<\/p>\n<p>Cote doc: 1-70-LES-A<\/p>\n<span class=\"et_bloom_bottom_trigger\"><\/span>","protected":false},"excerpt":{"rendered":"<p>Soigner autrement les maladies de m\u00e9moire<\/p>\n","protected":false},"featured_media":630,"comment_status":"open","ping_status":"closed","template":"","meta":{"_et_pb_use_builder":"","_et_pb_old_content":"","_et_gb_content_width":"","spay_email":""},"class_list":["post-631","product","type-product","status-publish","has-post-thumbnail","hentry","product_cat-livres","product_tag-activite-de-groupe","product_tag-alzheimer","product_tag-art-therapie","product_tag-estime-de-soi","product_tag-fonctionnement","product_tag-relation-daide","product_tag-soins","product_tag-technique-daide"],"jetpack_sharing_enabled":true,"jetpack_likes_enabled":true,"_links":{"self":[{"href":"https:\/\/www.parthages.be\/eboutique\/wp-json\/wp\/v2\/product\/631","targetHints":{"allow":["GET"]}}],"collection":[{"href":"https:\/\/www.parthages.be\/eboutique\/wp-json\/wp\/v2\/product"}],"about":[{"href":"https:\/\/www.parthages.be\/eboutique\/wp-json\/wp\/v2\/types\/product"}],"replies":[{"embeddable":true,"href":"https:\/\/www.parthages.be\/eboutique\/wp-json\/wp\/v2\/comments?post=631"}],"wp:featuredmedia":[{"embeddable":true,"href":"https:\/\/www.parthages.be\/eboutique\/wp-json\/wp\/v2\/media\/630"}],"wp:attachment":[{"href":"https:\/\/www.parthages.be\/eboutique\/wp-json\/wp\/v2\/media?parent=631"}],"curies":[{"name":"wp","href":"https:\/\/api.w.org\/{rel}","templated":true}]}}