{"id":639,"date":"2016-05-17T11:40:00","date_gmt":"2016-05-17T09:40:00","guid":{"rendered":"https:\/\/www.parthages.be\/wordpress\/produit\/vivre-lutter-aimer-avec-une-maladie-neuromusculaire\/"},"modified":"2016-05-17T11:40:00","modified_gmt":"2016-05-17T09:40:00","slug":"vivre-lutter-aimer-avec-une-maladie-neuromusculaire","status":"publish","type":"product","link":"https:\/\/www.parthages.be\/eboutique\/produit\/vivre-lutter-aimer-avec-une-maladie-neuromusculaire\/","title":{"rendered":"Vivre, Lutter, Aimer avec une maladie neuromusculaire"},"content":{"rendered":"<p>Cet outil multim\u00e9dia a comme objectif la promotion de la sant\u00e9 affective, relationnelle et sexuelle des personnes atteintes d&rsquo;une maladie neuromusculaire d\u00e9g\u00e9n\u00e9rative. Il est destin\u00e9 aux personnes porteuses de ce handicap, aux professionnels de la sant\u00e9, ainsi qu\u2019\u00e0 toute personne concern\u00e9e de pr\u00e8s ou de loin.<\/p>\n<p>\u00a0<\/p>\n<p>Le DVD propose des t\u00e9moignages, sous forme de \u00ab portraits \u00bb, de personnes vivant au quotidien avec ce handicap. Ceux-ci transmettent des informations et des conseils relatifs \u00e0 la vie affective, relationnelle et sexuelle. Des th\u00e9matiques sp\u00e9cifiques, telles que la vie sociale, les rencontres amoureuses, la sexualit\u00e9, la parentalit\u00e9, etc. sont abord\u00e9es.<\/p>\n<p>\u00a0<\/p>\n<p>Un livret d\u2019accompagnement enrichit cet outil d\u2019\u00e9l\u00e9ments th\u00e9oriques. Il d\u00e9taille les sp\u00e9cificit\u00e9s de diverses maladies neuromusculaires d\u00e9g\u00e9n\u00e9ratives et leurs impacts sur la vie affective, relationnelle et sexuelle.<\/p>\n<p>\u00a0<\/p>\n<p>(Pr\u00e9sentation de l&rsquo;\u00e9diteur)<\/p>\n<p>\u00a0<\/p>\n<p>BERREWAERTS J.- MOREAU M-A.- JACQUES V.- MERCIER M.<\/p>\n<p>Presses universitaires de Namur<\/p>\n<p>2016 &#8211; 585gr- 49\u20ac<\/p>\n<p>ISBN\u00a0: 978-2-87037-814-4<\/p>\n<span class=\"et_bloom_bottom_trigger\"><\/span>","protected":false},"excerpt":{"rendered":"<p>Cet outil multim\u00e9dia a comme objectif la promotion de la sant\u00e9 affective, relationnelle et sexuelle des personnes atteintes d&rsquo;une maladie neuromusculaire d\u00e9g\u00e9n\u00e9rative.<\/p>\n","protected":false},"featured_media":638,"comment_status":"open","ping_status":"closed","template":"","meta":{"_et_pb_use_builder":"","_et_pb_old_content":"","_et_gb_content_width":"","spay_email":""},"class_list":["post-639","product","type-product","status-publish","has-post-thumbnail","hentry","product_cat-livres","product_tag-estime-de-soi","product_tag-maladie-musculaire","product_tag-maladie-neurologique","product_tag-outil-dinformation","product_tag-personne-handicapee","product_tag-sexualite","product_tag-temoignage","product_tag-vie-affective","product_tag-vie-sociale"],"jetpack_sharing_enabled":true,"jetpack_likes_enabled":true,"_links":{"self":[{"href":"https:\/\/www.parthages.be\/eboutique\/wp-json\/wp\/v2\/product\/639","targetHints":{"allow":["GET"]}}],"collection":[{"href":"https:\/\/www.parthages.be\/eboutique\/wp-json\/wp\/v2\/product"}],"about":[{"href":"https:\/\/www.parthages.be\/eboutique\/wp-json\/wp\/v2\/types\/product"}],"replies":[{"embeddable":true,"href":"https:\/\/www.parthages.be\/eboutique\/wp-json\/wp\/v2\/comments?post=639"}],"wp:featuredmedia":[{"embeddable":true,"href":"https:\/\/www.parthages.be\/eboutique\/wp-json\/wp\/v2\/media\/638"}],"wp:attachment":[{"href":"https:\/\/www.parthages.be\/eboutique\/wp-json\/wp\/v2\/media?parent=639"}],"curies":[{"name":"wp","href":"https:\/\/api.w.org\/{rel}","templated":true}]}}