{"id":647,"date":"2016-05-17T11:55:30","date_gmt":"2016-05-17T09:55:30","guid":{"rendered":"https:\/\/www.parthages.be\/wordpress\/produit\/petite-enfance-et-handicap\/"},"modified":"2022-02-18T10:39:42","modified_gmt":"2022-02-18T09:39:42","slug":"petite-enfance-et-handicap","status":"publish","type":"product","link":"https:\/\/www.parthages.be\/eboutique\/produit\/petite-enfance-et-handicap\/","title":{"rendered":"Petite enfance et handicap"},"content":{"rendered":"<p>Comment se passe la d\u00e9couverte du handicap dans la famille avant et apr\u00e8s la naissance ? Comment se modifient les relations avec la fratrie ? Comment accueillir les enfants en situation de handicap en milieu \u00ab ordinaire \u00bb : cr\u00e8che et \u00e9cole maternelle ?<\/p>\n<p>Cet ouvrage traite de la prise en compte du handicap chez l\u2019enfant de 0 \u00e0 6 ans. Les auteurs donnent la parole aux acteurs concern\u00e9s par les projets d\u2019inclusion de jeunes enfants en situation de handicap : parents, pu\u00e9ricultrices, auxiliaires de pu\u00e9riculture, enseignants, auxiliaires de vie scolaire, mais aussi camarades de classe. Les tensions autant que les points d\u2019appuis constructifs pour un accueil favorable de l\u2019enfant handicap\u00e9 en milieu ordinaire sont ainsi mis en \u00e9vidence.<\/p>\n<p>Les r\u00e9sultats de ces recherches int\u00e9resseront les parents, les professionnels de la petite enfance et de l\u2019\u00e9ducation, les responsables de structures collectives accueillant de jeunes enfants ainsi que les responsables d\u2019associations et les charg\u00e9s de mission petite enfance, au niveau des collectivit\u00e9s locales. Cet ouvrage s\u2019adresse \u00e9galement aux \u00e9tudiants se destinant \u00e0 ces m\u00e9tiers, et aux chercheurs sp\u00e9cialistes du champ.<\/p>\n<p>(Pr\u00e9sentation de l&rsquo;\u00e9diteur)<\/p>\n<p>BEDOIN D.- JANNER-RAIMONDI M.<\/p>\n<p>PUG<\/p>\n<p>2016- 280p.-370gr- 19\u20ac<\/p>\n<p>ISBN\u00a0: 978-2-7061-2510-2<\/p>\n<p>Cote doc\u00a0: 11-BED-P<\/p>\n<span class=\"et_bloom_bottom_trigger\"><\/span>","protected":false},"excerpt":{"rendered":"<p>Comment se passe la d\u00e9couverte du handicap dans la famille avant et apr\u00e8s la naissance ? Comment se modifient les relations avec la fratrie ? Comment accueillir les enfants en situation de handicap en milieu \u00ab ordinaire \u00bb : cr\u00e8che et \u00e9cole maternelle ?<\/p>\n","protected":false},"featured_media":646,"comment_status":"open","ping_status":"closed","template":"","meta":{"_et_pb_use_builder":"","_et_pb_old_content":"","_et_gb_content_width":"","spay_email":""},"class_list":["post-647","product","type-product","status-publish","has-post-thumbnail","hentry","product_cat-livres","product_cat-livres-jeunesse","product_tag-accueil-de-la-petite-enfance","product_tag-creche","product_tag-ecole-maternelle","product_tag-france","product_tag-handicap","product_tag-petite-enfance","product_tag-relation-fraternelle"],"jetpack_sharing_enabled":true,"jetpack_likes_enabled":true,"_links":{"self":[{"href":"https:\/\/www.parthages.be\/eboutique\/wp-json\/wp\/v2\/product\/647","targetHints":{"allow":["GET"]}}],"collection":[{"href":"https:\/\/www.parthages.be\/eboutique\/wp-json\/wp\/v2\/product"}],"about":[{"href":"https:\/\/www.parthages.be\/eboutique\/wp-json\/wp\/v2\/types\/product"}],"replies":[{"embeddable":true,"href":"https:\/\/www.parthages.be\/eboutique\/wp-json\/wp\/v2\/comments?post=647"}],"wp:featuredmedia":[{"embeddable":true,"href":"https:\/\/www.parthages.be\/eboutique\/wp-json\/wp\/v2\/media\/646"}],"wp:attachment":[{"href":"https:\/\/www.parthages.be\/eboutique\/wp-json\/wp\/v2\/media?parent=647"}],"curies":[{"name":"wp","href":"https:\/\/api.w.org\/{rel}","templated":true}]}}