{"id":649,"date":"2016-05-17T12:01:38","date_gmt":"2016-05-17T10:01:38","guid":{"rendered":"https:\/\/www.parthages.be\/wordpress\/produit\/ni-fou-ni-gogol-orientation-et-vie-en-itep\/"},"modified":"2022-02-18T10:39:41","modified_gmt":"2022-02-18T09:39:41","slug":"ni-fou-ni-gogol-orientation-et-vie-en-itep","status":"publish","type":"product","link":"https:\/\/www.parthages.be\/eboutique\/produit\/ni-fou-ni-gogol-orientation-et-vie-en-itep\/","title":{"rendered":"Ni fou, ni gogol! Orientation et vie en ITEP"},"content":{"rendered":"<p>\u00ab Ni fou, ni gogol ! \u00bb : c\u2019est ainsi que se qualifient les enfants et adolescents accueillis en Institut th\u00e9rapeutique \u00e9ducatif et p\u00e9dagogique (ITEP).<\/p>\n<p>Ces jeunes pr\u00e9sentent un comportement per\u00e7u comme d\u00e9viant par les professionnels des secteurs scolaire, social et m\u00e9dico-social, et sont r\u00e9put\u00e9s non-scolarisables dans le milieu ordinaire. Hugo Dupont a partag\u00e9 leur quotidien et celui des professionnels d\u2019ITEP. Il tente de comprendre comment la mise \u00e0 l\u2019\u00e9cart de ces jeunes est l\u00e9gitim\u00e9e et pr\u00e9sente le travail de normalisation effectu\u00e9 par les ITEP : soulagement de la souffrance psychique tenue pour responsable des troubles du comportement d\u2019une part, r\u00e9\u00e9ducation d\u2019autre part.<\/p>\n<p>De leur c\u00f4t\u00e9, les jeunes orient\u00e9s en ITEP tentent de mettre \u00e0 distance les stigmates qu\u2019ils subissent en faisant un travail de normification de leur personnalit\u00e9 et de leurs comportements afin de convaincre qu\u2019ils sont pr\u00eats \u00e0 retourner dans un cursus de formation ordinaire.<\/p>\n<p>Ce point de vue sensible et \u00e9difiant constitue une contribution \u00e0 la sociologie de la d\u00e9viance. Un ouvrage utile pour les professionnels du domaine.<\/p>\n<p>(Pr\u00e9sentation de l&rsquo;\u00e9diteur)<\/p>\n<p>DUPONT H.<\/p>\n<p>PUG<\/p>\n<p>2016- 240 p.-320gr- 19,5\u20ac<\/p>\n<p>ISBN\u00a0: 978-2-7061-2515-7<\/p>\n<p>Cote doc\u00a0: 7-30-DUP-N<\/p>\n<span class=\"et_bloom_bottom_trigger\"><\/span>","protected":false},"excerpt":{"rendered":"<p>\u00ab Ni fou, ni gogol ! \u00bb : c\u2019est ainsi que se qualifient les enfants et adolescents accueillis en Institut th\u00e9rapeutique \u00e9ducatif et p\u00e9dagogique (ITEP).<\/p>\n","protected":false},"featured_media":648,"comment_status":"open","ping_status":"closed","template":"","meta":{"_et_pb_use_builder":"","_et_pb_old_content":"","_et_gb_content_width":"","spay_email":""},"class_list":["post-649","product","type-product","status-publish","has-post-thumbnail","hentry","product_cat-livres","product_cat-livres-jeunesse","product_tag-discrimination","product_tag-egalite-des-chances","product_tag-france","product_tag-inclusion","product_tag-jeune-adulte","product_tag-psychisme","product_tag-societe","product_tag-souffrance","product_tag-stigmatisation"],"jetpack_sharing_enabled":true,"jetpack_likes_enabled":true,"_links":{"self":[{"href":"https:\/\/www.parthages.be\/eboutique\/wp-json\/wp\/v2\/product\/649","targetHints":{"allow":["GET"]}}],"collection":[{"href":"https:\/\/www.parthages.be\/eboutique\/wp-json\/wp\/v2\/product"}],"about":[{"href":"https:\/\/www.parthages.be\/eboutique\/wp-json\/wp\/v2\/types\/product"}],"replies":[{"embeddable":true,"href":"https:\/\/www.parthages.be\/eboutique\/wp-json\/wp\/v2\/comments?post=649"}],"wp:featuredmedia":[{"embeddable":true,"href":"https:\/\/www.parthages.be\/eboutique\/wp-json\/wp\/v2\/media\/648"}],"wp:attachment":[{"href":"https:\/\/www.parthages.be\/eboutique\/wp-json\/wp\/v2\/media?parent=649"}],"curies":[{"name":"wp","href":"https:\/\/api.w.org\/{rel}","templated":true}]}}