{"id":651,"date":"2016-05-17T13:10:53","date_gmt":"2016-05-17T11:10:53","guid":{"rendered":"https:\/\/www.parthages.be\/wordpress\/produit\/aventures-et-mesaventures-d-une-aide-soignante-a-domicile\/"},"modified":"2021-09-17T10:26:39","modified_gmt":"2021-09-17T08:26:39","slug":"aventures-et-mesaventures-d-une-aide-soignante-a-domicile","status":"publish","type":"product","link":"https:\/\/www.parthages.be\/eboutique\/produit\/aventures-et-mesaventures-d-une-aide-soignante-a-domicile\/","title":{"rendered":"Aventures et m\u00e9saventures d&rsquo;une aide soignante \u00e0 domicile"},"content":{"rendered":"<p>Nathalie est aide-soignante depuis plus de 30 ans. D\u00e8s l&rsquo;obtention de son dipl\u00f4me en 1984, elle a tout de suite exerc\u00e9 son m\u00e9tier d&rsquo;aide-soignante \u00e0 domicile, dans la petite ville de Carros, situ\u00e9e au d\u00e9but de l&rsquo;arri\u00e8re-pays ni\u00e7ois. Ce m\u00e9tier est bas\u00e9 avant tout sur les rapports humains. En effet, la particularit\u00e9 des soins \u00e0 domicile vient du fait que le soignant s&rsquo;immisce directement chez ses malades et apprend ainsi \u00e0 d\u00e9couvrir leur quotidien. Cela cr\u00e9e tout de suite beaucoup plus de proximit\u00e9, les patients se livrent facilement et les \u00e9changes intenses et vrais se font, au risque de cr\u00e9er de nombreuses situations cocasses.<\/p>\n<p>C&rsquo;est en racontant ses journ\u00e9es de travail \u00e0 son fils, Florent Catanzaro, que l&rsquo;id\u00e9e est apparue de les compiler et d&rsquo;en faire un livre. Les multiples aspects de cette vie nous sont livr\u00e9s, rien ne nous est cach\u00e9, cela va de la peur d&rsquo;un patient violent \u00e0 la tristesse de perdre un patient devenu un ami en passant par la vie sexuelle des personnes \u00e2g\u00e9es ou encore l&rsquo;hygi\u00e8ne de certains. En r\u00e9sum\u00e9, la vie type, constitu\u00e9e de dizaines d&rsquo;anecdotes, de ces milliers d&rsquo;aide-soignantes et des milliers de personnes qui font ou feront appel \u00e0 leurs services. En arri\u00e8re plan, ce livre permet d&rsquo;en apprendre plus sur les r\u00e9alit\u00e9s et les possibilit\u00e9s des soins \u00e0 domiciles, encore assez m\u00e9connues. Nous entrons dans le monde ferm\u00e9 et inconnu des soins \u00e0 domicile, monde dans lequel nous risquons tous de devoir entrer un jour ou l&rsquo;autre.<\/p>\n<p>(Pr\u00e9sentation de l&rsquo;Editeur)<\/p>\n<p>CATANZARO F.<\/p>\n<p>Editions Jourdan PIXL<\/p>\n<p>2016- 208 p.-170gr- 7.90\u20ac<\/p>\n<p>ISBN\u00a0: 978-2-87557-227-1<\/p>\n<p>Cote doc: 5-20-CAT-A<\/p>\n<span class=\"et_bloom_bottom_trigger\"><\/span>","protected":false},"excerpt":{"rendered":"<p>Nathalie est aide-soignante depuis plus de 30 ans. D\u00e8s l&rsquo;obtention de son dipl\u00f4me en 1984, elle a tout de suite exerc\u00e9 son m\u00e9tier d&rsquo;aide-soignante \u00e0 domicile, dans la petite ville de Carros, situ\u00e9e au d\u00e9but de l&rsquo;arri\u00e8re-pays ni\u00e7ois.<\/p>\n","protected":false},"featured_media":650,"comment_status":"open","ping_status":"closed","template":"","meta":{"_et_pb_use_builder":"","_et_pb_old_content":"","_et_gb_content_width":"","spay_email":""},"class_list":["post-651","product","type-product","status-publish","has-post-thumbnail","hentry","product_cat-livres","product_tag-accompagnement-du-patient","product_tag-aide-soignant","product_tag-echange","product_tag-malade","product_tag-soins-a-domicile"],"jetpack_sharing_enabled":true,"jetpack_likes_enabled":true,"_links":{"self":[{"href":"https:\/\/www.parthages.be\/eboutique\/wp-json\/wp\/v2\/product\/651","targetHints":{"allow":["GET"]}}],"collection":[{"href":"https:\/\/www.parthages.be\/eboutique\/wp-json\/wp\/v2\/product"}],"about":[{"href":"https:\/\/www.parthages.be\/eboutique\/wp-json\/wp\/v2\/types\/product"}],"replies":[{"embeddable":true,"href":"https:\/\/www.parthages.be\/eboutique\/wp-json\/wp\/v2\/comments?post=651"}],"wp:featuredmedia":[{"embeddable":true,"href":"https:\/\/www.parthages.be\/eboutique\/wp-json\/wp\/v2\/media\/650"}],"wp:attachment":[{"href":"https:\/\/www.parthages.be\/eboutique\/wp-json\/wp\/v2\/media?parent=651"}],"curies":[{"name":"wp","href":"https:\/\/api.w.org\/{rel}","templated":true}]}}