{"id":653,"date":"2016-05-17T13:12:12","date_gmt":"2016-05-17T11:12:12","guid":{"rendered":"https:\/\/www.parthages.be\/wordpress\/produit\/une-si-longue-vie-comprendre-et-accompagner-le-tres-grand-age\/"},"modified":"2021-08-03T11:14:25","modified_gmt":"2021-08-03T09:14:25","slug":"une-si-longue-vie-comprendre-et-accompagner-le-tres-grand-age","status":"publish","type":"product","link":"https:\/\/www.parthages.be\/eboutique\/produit\/une-si-longue-vie-comprendre-et-accompagner-le-tres-grand-age\/","title":{"rendered":"Une si longue vie. Comprendre et accompagner le tr\u00e8s grand \u00e2ge"},"content":{"rendered":"<p>\u00c0 quoi pensent donc les personnes tr\u00e8s, tr\u00e8s vieilles, qui donnent parfois l\u2019impression de ne plus rien attendre de la vie ? C\u2019est la question que pose ce livre. L\u2019auteur y propose un regard innovant sur ceux qu\u2019il appelle \u00ab les arpenteurs du temps \u00bb. Il aborde les th\u00e8mes d\u00e9licats de la solitude, de la m\u00e9moire et de l\u2019oubli, du corps et de la tendresse, de l\u2019espace d\u2019intimit\u00e9, du souhait de mourir.<\/p>\n<p>Les personnes tr\u00e8s \u00e2g\u00e9es se pr\u00e9parent toutes \u00e0 leur mani\u00e8re au grand d\u00e9part, en cherchant \u00e0 atteindre un sentiment d\u2019ach\u00e8vement et de paix avec leur propre histoire. Si nous cr\u00e9ons les conditions propices, nous pouvons les soutenir dans cette ultime qu\u00eate de sens. Ce livre s\u2019adresse aux proches et aux soignants, mais aussi aux personnes \u00e2g\u00e9es elles-m\u00eames.(Pr\u00e9sentation de l&rsquo;editeur)<\/p>\n<p>GOBIET P.<\/p>\n<p>Editions Mardaga<\/p>\n<p>2016- 208 p.-295gr- 18\u20ac<\/p>\n<p>ISBN\u00a0: 978-2-8047-0282-3<\/p>\n<p>Cote doc\u00a0: 9-20-GOB-U<\/p>\n<span class=\"et_bloom_bottom_trigger\"><\/span>","protected":false},"excerpt":{"rendered":"<p>\u00c0 quoi pensent donc les personnes tr\u00e8s, tr\u00e8s vieilles, qui donnent parfois l\u2019impression de ne plus rien attendre de la vie ?<\/p>\n","protected":false},"featured_media":652,"comment_status":"open","ping_status":"closed","template":"","meta":{"_et_pb_use_builder":"","_et_pb_old_content":"","_et_gb_content_width":"","spay_email":""},"class_list":["post-653","product","type-product","status-publish","has-post-thumbnail","hentry","product_cat-livres"],"jetpack_sharing_enabled":true,"jetpack_likes_enabled":true,"_links":{"self":[{"href":"https:\/\/www.parthages.be\/eboutique\/wp-json\/wp\/v2\/product\/653","targetHints":{"allow":["GET"]}}],"collection":[{"href":"https:\/\/www.parthages.be\/eboutique\/wp-json\/wp\/v2\/product"}],"about":[{"href":"https:\/\/www.parthages.be\/eboutique\/wp-json\/wp\/v2\/types\/product"}],"replies":[{"embeddable":true,"href":"https:\/\/www.parthages.be\/eboutique\/wp-json\/wp\/v2\/comments?post=653"}],"wp:featuredmedia":[{"embeddable":true,"href":"https:\/\/www.parthages.be\/eboutique\/wp-json\/wp\/v2\/media\/652"}],"wp:attachment":[{"href":"https:\/\/www.parthages.be\/eboutique\/wp-json\/wp\/v2\/media?parent=653"}],"curies":[{"name":"wp","href":"https:\/\/api.w.org\/{rel}","templated":true}]}}