{"id":655,"date":"2016-05-17T13:16:22","date_gmt":"2016-05-17T11:16:22","guid":{"rendered":"https:\/\/www.parthages.be\/wordpress\/produit\/referencement-e-marketing-et-visibilite-web-edition-2014-2015\/"},"modified":"2016-05-17T13:16:22","modified_gmt":"2016-05-17T11:16:22","slug":"referencement-e-marketing-et-visibilite-web-edition-2014-2015","status":"publish","type":"product","link":"https:\/\/www.parthages.be\/eboutique\/produit\/referencement-e-marketing-et-visibilite-web-edition-2014-2015\/","title":{"rendered":"R\u00e9f\u00e9rencement, e-marketing et visibilit\u00e9 web (\u00e9dition 2014-2015)"},"content":{"rendered":"<p>Le plus beau site web du monde est inutile s\u2019il est introuvable.<\/p>\n<p>Les internautes sont press\u00e9s et exigeants; la concurrence nombreuse et organis\u00e9e. Comment devenir meilleur et plus visible en exploitant des techniques simples ?<\/p>\n<p>A travers 30 pratiques, l\u2019auteur r\u00e9pond \u00e0 2 pr\u00e9occupations :<\/p>\n<p>1. Comment vous trouver quand on vous cherche ?<\/p>\n<p>2. Comment \u00eatre visible l\u00e0 o\u00f9 on ne vous attend pas ?<\/p>\n<p>Construit principalement autour du r\u00e9f\u00e9rencement naturel et de la pr\u00e9sence dans les moteurs de recherche, ce livre vous offre \u00e9galement un aper\u00e7u des techniques payantes d\u2019e-marketing.<\/p>\n<p>Destin\u00e9 \u00e0 des chefs d\u2019entreprises, des responsables communication et marketing ou encore des webmasters soucieux de s\u2019am\u00e9liorer, ce guide vous aide dans votre utilisation professionnelle du web en vue de promouvoir votre business, celui de votre entreprise ou celui de vos clients.(Pr\u00e9sentation de l&rsquo;\u00e9diteur)<\/p>\n<p>COLANTONIO F.<\/p>\n<p>Edipro<\/p>\n<p>2015-272 p.-415gr- 27\u20ac<\/p>\n<p>ISBN\u00a0: 978-2-87496-288-2<\/p>\n<span class=\"et_bloom_bottom_trigger\"><\/span>","protected":false},"excerpt":{"rendered":"<p>Les internautes sont press\u00e9s et exigeants; la concurrence nombreuse et organis\u00e9e. Comment devenir meilleur et plus visible en exploitant des techniques simples ?<\/p>\n","protected":false},"featured_media":654,"comment_status":"open","ping_status":"closed","template":"","meta":{"_et_pb_use_builder":"","_et_pb_old_content":"","_et_gb_content_width":"","spay_email":""},"class_list":["post-655","product","type-product","status-publish","has-post-thumbnail","hentry","product_cat-livres","product_tag-communication","product_tag-internet","product_tag-marketing","product_tag-outil"],"jetpack_sharing_enabled":true,"jetpack_likes_enabled":true,"_links":{"self":[{"href":"https:\/\/www.parthages.be\/eboutique\/wp-json\/wp\/v2\/product\/655","targetHints":{"allow":["GET"]}}],"collection":[{"href":"https:\/\/www.parthages.be\/eboutique\/wp-json\/wp\/v2\/product"}],"about":[{"href":"https:\/\/www.parthages.be\/eboutique\/wp-json\/wp\/v2\/types\/product"}],"replies":[{"embeddable":true,"href":"https:\/\/www.parthages.be\/eboutique\/wp-json\/wp\/v2\/comments?post=655"}],"wp:featuredmedia":[{"embeddable":true,"href":"https:\/\/www.parthages.be\/eboutique\/wp-json\/wp\/v2\/media\/654"}],"wp:attachment":[{"href":"https:\/\/www.parthages.be\/eboutique\/wp-json\/wp\/v2\/media?parent=655"}],"curies":[{"name":"wp","href":"https:\/\/api.w.org\/{rel}","templated":true}]}}