{"id":663,"date":"2016-07-14T13:32:19","date_gmt":"2016-07-14T11:32:19","guid":{"rendered":"https:\/\/www.parthages.be\/wordpress\/produit\/fred-vivre-avec-le-tdah-a-l-adolescence\/"},"modified":"2021-06-24T08:06:37","modified_gmt":"2021-06-24T06:06:37","slug":"fred-vivre-avec-le-tdah-a-l-adolescence","status":"publish","type":"product","link":"https:\/\/www.parthages.be\/eboutique\/produit\/fred-vivre-avec-le-tdah-a-l-adolescence\/","title":{"rendered":"Fred vivre avec le TDAH \u00e0 l&rsquo;adolescence"},"content":{"rendered":"<p>Salut ! Je m\u2019appelle Fr\u00e9d\u00e9rique. On me surnomme souvent Fred la lune en raison de mon trouble du d\u00e9ficit de l\u2019attention (TDA). Mon fr\u00e8re et moi venons tout juste de f\u00eater nos 18 ans. Eh oui ! J\u2019ai un fr\u00e8re jumeau, L\u00e9o. Lui, il a un TDAH (trouble de d\u00e9ficit de l\u2019attention avec hyperactivit\u00e9). Nous formons un beau petit duo, n\u2019est-ce pas ?<\/p>\n<p>Dans les films, \u00e7a a l\u2019air toujours g\u00e9nial d\u2019avoir un jumeau. Je t\u2019avoue que dans la vie de tous les jours, c\u2019est une autre histoire. Mon fr\u00e8re m\u2019\u00e9nerve tellement, des fois! Pourtant, je ne l\u2019\u00e9changerais pour rien au monde!<\/p>\n<p>D\u2019autant plus que l\u00e0, nous avons un projet commun vraiment int\u00e9ressant. En fait, nous voulons expliquer clairement ce qu\u2019est le TDAH et la mani\u00e8re dont nous avons v\u00e9cu avec ce trouble pendant l\u2019adolescence. L\u2019id\u00e9e, c\u2019est de partager tous nos meilleurs trucs pour mieux vivre avec les tourbillons, les d\u00e9fis et les nombreux oublis de nos vies ! Pr\u00eat ?<\/p>\n<p>\u00ab Fred \u00bb est un guide pratique qui permet aux ados de mieux comprendre ce que sont le TDA et le TDAH, de se sentir moins seuls et, surtout, de trouver une foule de trucs concrets et d\u2019exercices simples con\u00e7us pour les aider \u00e0 mieux vivre avec ce trouble au quotidien.<\/p>\n<p>(Pr\u00e9sentation de l&rsquo;\u00e9diteur)<\/p>\n<p>LEROUX-BOURDREAULT A.<\/p>\n<p>Midi trente Editions<\/p>\n<p>2015 &#8211; 144 p.-200gr-16\u20ac<\/p>\n<p>ISBN\u00a0: 978-2-923827-67-4<\/p>\n<p>Cote doc\u00a0: 10-10-LER-F<\/p>\n<span class=\"et_bloom_bottom_trigger\"><\/span>","protected":false},"excerpt":{"rendered":"<p>Salut ! Je m\u2019appelle Fr\u00e9d\u00e9rique. On me surnomme souvent Fred la lune en raison de mon trouble du d\u00e9ficit de l\u2019attention (TDA). Mon fr\u00e8re et moi venons tout juste de f\u00eater nos 18 ans. Eh oui ! J\u2019ai un fr\u00e8re jumeau, L\u00e9o. Lui, il a un TDAH (trouble de d\u00e9ficit de l\u2019attention avec hyperactivit\u00e9). Nous formons un beau petit duo, n\u2019est-ce pas ?<\/p>\n","protected":false},"featured_media":662,"comment_status":"open","ping_status":"closed","template":"","meta":{"_et_pb_use_builder":"","_et_pb_old_content":"","_et_gb_content_width":"","spay_email":""},"class_list":["post-663","product","type-product","status-publish","has-post-thumbnail","hentry","product_cat-livres","product_tag-adolescent","product_tag-hyperactivite","product_tag-outil","product_tag-temoignage","product_tag-trouble-du-comportement"],"jetpack_sharing_enabled":true,"jetpack_likes_enabled":true,"_links":{"self":[{"href":"https:\/\/www.parthages.be\/eboutique\/wp-json\/wp\/v2\/product\/663","targetHints":{"allow":["GET"]}}],"collection":[{"href":"https:\/\/www.parthages.be\/eboutique\/wp-json\/wp\/v2\/product"}],"about":[{"href":"https:\/\/www.parthages.be\/eboutique\/wp-json\/wp\/v2\/types\/product"}],"replies":[{"embeddable":true,"href":"https:\/\/www.parthages.be\/eboutique\/wp-json\/wp\/v2\/comments?post=663"}],"wp:featuredmedia":[{"embeddable":true,"href":"https:\/\/www.parthages.be\/eboutique\/wp-json\/wp\/v2\/media\/662"}],"wp:attachment":[{"href":"https:\/\/www.parthages.be\/eboutique\/wp-json\/wp\/v2\/media?parent=663"}],"curies":[{"name":"wp","href":"https:\/\/api.w.org\/{rel}","templated":true}]}}