{"id":665,"date":"2016-07-15T09:57:29","date_gmt":"2016-07-15T07:57:29","guid":{"rendered":"https:\/\/www.parthages.be\/wordpress\/produit\/plus-heureuse-qu-avant-mon-cancer\/"},"modified":"2022-07-26T10:34:20","modified_gmt":"2022-07-26T08:34:20","slug":"plus-heureuse-qu-avant-mon-cancer","status":"publish","type":"product","link":"https:\/\/www.parthages.be\/eboutique\/produit\/plus-heureuse-qu-avant-mon-cancer\/","title":{"rendered":"Plus heureuse qu\u2019avant mon cancer"},"content":{"rendered":"<p>\u00ab Il y a des boules qu\u2019on aime? Les boules de No\u00ebl, toutes color\u00e9es ; les boules de Berlin, d\u00e9licieuses p\u00e2tisseries, mais il y a des boules qu\u2019on voudrait ne jamais voir appara\u00eetre, comme celle qui est apparue dans mon sein ce jour-l\u00e0.<\/p>\n<p>Parce que je n\u2019ai jamais aim\u00e9 que les boules qui rendent heureux, j\u2019ai d\u00e9cid\u00e9 de me battre contre cette ind\u00e9sirable.<\/p>\n<p>Cette petite malicieuse et moi, nous nous sommes empoign\u00e9es pendant de longs mois et devinez quoi\u2026 j\u2019ai gagn\u00e9?!<\/p>\n<p>Alors, pour que plus aucune boule ne vienne teinter de gris les yeux d\u2019autres femmes, j\u2019ai d\u00e9cid\u00e9 de vous raconter mon histoire\u2026 \u00bb (Pr\u00e9sentation de l&rsquo;\u00c9diteur)<\/p>\n<p>KLAIRET S.<\/p>\n<p>Editions la Boite \u00e0 Pandore<\/p>\n<p>2016 &#8211; 190 p.-245gr-16,90\u20ac<\/p>\n<p>ISBN\u00a0: 978-2-87557-233-2<\/p>\n<p>Cote doc: 1-20-KLA-P<\/p>\n<span class=\"et_bloom_bottom_trigger\"><\/span>","protected":false},"excerpt":{"rendered":"<p>\u00ab Il y a des boules qu\u2019on aime? Les boules de No\u00ebl, toutes color\u00e9es ; les boules de Berlin, d\u00e9licieuses p\u00e2tisseries, mais il y a des boules qu\u2019on voudrait ne jamais voir appara\u00eetre, comme celle qui est apparue dans mon sein ce jour-l\u00e0.<\/p>\n","protected":false},"featured_media":664,"comment_status":"open","ping_status":"closed","template":"","meta":{"_et_pb_use_builder":"","_et_pb_old_content":"","_et_gb_content_width":"","spay_email":""},"class_list":["post-665","product","type-product","status-publish","has-post-thumbnail","hentry","product_cat-livres"],"jetpack_sharing_enabled":true,"jetpack_likes_enabled":true,"_links":{"self":[{"href":"https:\/\/www.parthages.be\/eboutique\/wp-json\/wp\/v2\/product\/665","targetHints":{"allow":["GET"]}}],"collection":[{"href":"https:\/\/www.parthages.be\/eboutique\/wp-json\/wp\/v2\/product"}],"about":[{"href":"https:\/\/www.parthages.be\/eboutique\/wp-json\/wp\/v2\/types\/product"}],"replies":[{"embeddable":true,"href":"https:\/\/www.parthages.be\/eboutique\/wp-json\/wp\/v2\/comments?post=665"}],"wp:featuredmedia":[{"embeddable":true,"href":"https:\/\/www.parthages.be\/eboutique\/wp-json\/wp\/v2\/media\/664"}],"wp:attachment":[{"href":"https:\/\/www.parthages.be\/eboutique\/wp-json\/wp\/v2\/media?parent=665"}],"curies":[{"name":"wp","href":"https:\/\/api.w.org\/{rel}","templated":true}]}}