{"id":675,"date":"2016-10-26T16:01:08","date_gmt":"2016-10-26T14:01:08","guid":{"rendered":"https:\/\/www.parthages.be\/wordpress\/produit\/le-guide-de-l-inclusion-scolaire-repondre-aux-besoin-de-tous-les-eleves-du-primaire\/"},"modified":"2021-10-19T13:23:40","modified_gmt":"2021-10-19T11:23:40","slug":"le-guide-de-l-inclusion-scolaire-repondre-aux-besoin-de-tous-les-eleves-du-primaire","status":"publish","type":"product","link":"https:\/\/www.parthages.be\/eboutique\/produit\/le-guide-de-l-inclusion-scolaire-repondre-aux-besoin-de-tous-les-eleves-du-primaire\/","title":{"rendered":"Le guide de l&rsquo;inclusion scolaire r\u00e9pondre aux besoin de tous les \u00e9l\u00e8ves du primaire"},"content":{"rendered":"<p>L\u2019inclusion scolaire est une d\u00e9marche complexe dont le succ\u00e8s repose sur le travail collaboratif. Le pr\u00e9sent ouvrage vise \u00e0 faciliter sa mise en \u0153uvre au sein d\u2019une \u00e9quipe-\u00e9cole.<br \/>\nLe guide de l\u2019inclusion scolaire r\u00e9pond donc aux questions les plus courantes des divers intervenants qui soutiennent, dans une classe ordinaire, les \u00e9l\u00e8ves ayant des besoins particuliers. Il s\u2019agit d\u2019une ressource ax\u00e9e sur la pratique et comporte des suggestions d\u2019activit\u00e9s \u00e0 faire au quotidien, un \u00e9ventail de documents reproductibles, des techniques et des centaines de strat\u00e9gies pour aider les \u00e9l\u00e8ves en lecture, en \u00e9criture et en math\u00e9matiques.<br \/>\nL\u2019auteure y traite de sujets qui touchent toutes les sph\u00e8res de l\u2019adaptation scolaire :<br \/>\n\u2022 les pratiques inclusives;<br \/>\n\u2022 les politiques, les planifications et les horaires;<br \/>\n\u2022 la diff\u00e9renciation p\u00e9dagogique et les modifications;<br \/>\n\u2022 les habilet\u00e9s en communication et le sens de l\u2019organisation;<br \/>\n\u2022 l\u2019enseignement par les pairs;<br \/>\n\u2022 la gestion du comportement;<br \/>\n\u2022 la confidentialit\u00e9 et la communication d\u2019information.<br \/>\nQu\u2019il soit d\u00e9butant ou chevronn\u00e9, chaque intervenant trouvera dans ce guide des id\u00e9es faciles \u00e0 appliquer qui lui permettront de travailler dans un cadre scolaire inclusif favorisant la r\u00e9ussite de tous les \u00e9l\u00e8ves.<br \/>\n(Pr\u00e9sentation de l&rsquo;\u00e9diteur)<\/p>\n<p>A.HAMMELEN P.<br \/>\nCheneli\u00e8re Education<br \/>\n2013 -224p.- 540gr- 45\u20ac<br \/>\nISBN\u00a0: 978-2-7650-4037-8<\/p>\n<p>Cote doc\u00a0: 4-50-HAM-G<\/p>\n<span class=\"et_bloom_bottom_trigger\"><\/span>","protected":false},"excerpt":{"rendered":"<p>L\u2019inclusion scolaire est une d\u00e9marche complexe dont le succ\u00e8s repose sur le travail collaboratif. Le pr\u00e9sent ouvrage vise \u00e0 faciliter sa mise en \u0153uvre au sein d\u2019une \u00e9quipe-\u00e9cole.<\/p>\n","protected":false},"featured_media":674,"comment_status":"open","ping_status":"closed","template":"","meta":{"_et_pb_use_builder":"","_et_pb_old_content":"","_et_gb_content_width":"","spay_email":""},"class_list":["post-675","product","type-product","status-publish","has-post-thumbnail","hentry","product_cat-livres","product_tag-adaptation","product_tag-aide","product_tag-communication","product_tag-deficience-auditive","product_tag-deficience-intellectuelle","product_tag-enfant","product_tag-enseignement-primaire","product_tag-equipe-educative","product_tag-ethique","product_tag-outil","product_tag-relation-enseignant-enseigne","product_tag-scolarite","product_tag-surdite","product_tag-trouble-cognitif","product_tag-trouble-du-comportement"],"jetpack_sharing_enabled":true,"jetpack_likes_enabled":true,"_links":{"self":[{"href":"https:\/\/www.parthages.be\/eboutique\/wp-json\/wp\/v2\/product\/675","targetHints":{"allow":["GET"]}}],"collection":[{"href":"https:\/\/www.parthages.be\/eboutique\/wp-json\/wp\/v2\/product"}],"about":[{"href":"https:\/\/www.parthages.be\/eboutique\/wp-json\/wp\/v2\/types\/product"}],"replies":[{"embeddable":true,"href":"https:\/\/www.parthages.be\/eboutique\/wp-json\/wp\/v2\/comments?post=675"}],"wp:featuredmedia":[{"embeddable":true,"href":"https:\/\/www.parthages.be\/eboutique\/wp-json\/wp\/v2\/media\/674"}],"wp:attachment":[{"href":"https:\/\/www.parthages.be\/eboutique\/wp-json\/wp\/v2\/media?parent=675"}],"curies":[{"name":"wp","href":"https:\/\/api.w.org\/{rel}","templated":true}]}}