{"id":685,"date":"2016-10-26T16:13:06","date_gmt":"2016-10-26T14:13:06","guid":{"rendered":"https:\/\/www.parthages.be\/wordpress\/produit\/oser-la-strategie-du-succes-pour-votre-association\/"},"modified":"2021-08-09T10:32:56","modified_gmt":"2021-08-09T08:32:56","slug":"oser-la-strategie-du-succes-pour-votre-association","status":"publish","type":"product","link":"https:\/\/www.parthages.be\/eboutique\/produit\/oser-la-strategie-du-succes-pour-votre-association\/","title":{"rendered":"Oser la strat\u00e9gie du succ\u00e8s pour votre association"},"content":{"rendered":"<p>Aujourd\u2019hui, la vision du management associatif a bien \u00e9volu\u00e9. Les associations sont devenues des acteurs majeurs de la soci\u00e9t\u00e9 contemporaine, en investissant de multiples champs d\u2019actions (culture, sport, loisir, \u00e9ducation, sciences, sant\u00e9, social\u2026), en d\u00e9veloppant une expertise dans de nombreux domaines (aide \u00e0 la personne, handicap, environnement\u2026), en g\u00e9n\u00e9rant un flux \u00e9conomique important.<br \/>\nFruit de nombreuses lectures et exp\u00e9riences, ce livre ne se veut pas une v\u00e9rit\u00e9 universelle devant mener \u00e0 la gloire, mais bien une pierre \u00e0 un \u00e9difice naissant :<br \/>\n\u2022permettre simplement \u00e0 d\u2019autres \u00ab managers de l\u2019associatif \u00bb tentant de ne pas se noyer dans l\u2019ampleur de leur travail quotidien, de trouver quelques r\u00e9ponses directes, simples, efficaces \u00e0 cette question essentielle \u00ab comment faire \u00e9voluer mon association dans le sens de ma mission en tenant compte de toutes les contingences actuelles ? \u00bb;<br \/>\n\u2022permettre simplement \u00e0 d\u2019autres \u00ab managers de l\u2019associatif \u00bb de trouver un ouvrage que j\u2019ai moi-m\u00eame tant cherch\u00e9 tout au long de ces ann\u00e9es !<br \/>\nIl \u00ab aura suffi \u00bb de faire converger toutes ces recherches vers une m\u00e9thode adapt\u00e9e aux sp\u00e9cificit\u00e9s du secteur associatif( pr\u00e9sentation de l&rsquo;\u00e9diteur)<\/p>\n<p>GOOS I<br \/>\nEdipro<br \/>\n2016- 208p.-275gr- 29\u20ac<br \/>\nISBN\u00a0: 978-2-7061-2515-7<\/p>\n<p>Cote doc\u00a0: 8-10-GOO-O<\/p>\n<span class=\"et_bloom_bottom_trigger\"><\/span>","protected":false},"excerpt":{"rendered":"<p>Aujourd\u2019hui, la vision du management associatif a bien \u00e9volu\u00e9. Les associations sont devenues des acteurs majeurs de la soci\u00e9t\u00e9 contemporaine, en investissant de multiples champs d\u2019actions (culture, sport, loisir, \u00e9ducation, sciences, sant\u00e9, social\u2026), en d\u00e9veloppant une expertise dans de nombreux domaines (aide \u00e0 la personne, handicap, environnement\u2026), en g\u00e9n\u00e9rant un flux \u00e9conomique important.<\/p>\n","protected":false},"featured_media":684,"comment_status":"open","ping_status":"closed","template":"","meta":{"_et_pb_use_builder":"","_et_pb_old_content":"","_et_gb_content_width":"","spay_email":""},"class_list":["post-685","product","type-product","status-publish","has-post-thumbnail","hentry","product_cat-livres","product_tag-association","product_tag-management","product_tag-strategie","product_tag-valorisation"],"jetpack_sharing_enabled":true,"jetpack_likes_enabled":true,"_links":{"self":[{"href":"https:\/\/www.parthages.be\/eboutique\/wp-json\/wp\/v2\/product\/685","targetHints":{"allow":["GET"]}}],"collection":[{"href":"https:\/\/www.parthages.be\/eboutique\/wp-json\/wp\/v2\/product"}],"about":[{"href":"https:\/\/www.parthages.be\/eboutique\/wp-json\/wp\/v2\/types\/product"}],"replies":[{"embeddable":true,"href":"https:\/\/www.parthages.be\/eboutique\/wp-json\/wp\/v2\/comments?post=685"}],"wp:featuredmedia":[{"embeddable":true,"href":"https:\/\/www.parthages.be\/eboutique\/wp-json\/wp\/v2\/media\/684"}],"wp:attachment":[{"href":"https:\/\/www.parthages.be\/eboutique\/wp-json\/wp\/v2\/media?parent=685"}],"curies":[{"name":"wp","href":"https:\/\/api.w.org\/{rel}","templated":true}]}}