{"id":697,"date":"2017-01-16T14:47:37","date_gmt":"2017-01-16T13:47:37","guid":{"rendered":"https:\/\/www.parthages.be\/wordpress\/produit\/au-dela-des-limites-de-l-autisme-la-quete-et-les-revelations-d-une-mere\/"},"modified":"2022-06-07T09:57:34","modified_gmt":"2022-06-07T07:57:34","slug":"au-dela-des-limites-de-l-autisme-la-quete-et-les-revelations-d-une-mere","status":"publish","type":"product","link":"https:\/\/www.parthages.be\/eboutique\/produit\/au-dela-des-limites-de-l-autisme-la-quete-et-les-revelations-d-une-mere\/","title":{"rendered":"Au-del\u00e0 des limites de l&rsquo;autisme &#8211; La Qu\u00eate et les r\u00e9v\u00e9lations d&rsquo;une m\u00e8re"},"content":{"rendered":"<p>\u00c0 la lecture de ce livre, vous serez transform\u00e9 et votre vision de l&rsquo;autisme ne sera plus jamais la m\u00eame. Vous serez transport\u00e9 dans les aventures et les exp\u00e9riences surprenantes, mais bien r\u00e9elles d&rsquo;une m\u00e8re dont ses deux enfants ont \u00e9t\u00e9 diagnostiqu\u00e9s autistes. L&rsquo;auteure vous d\u00e9voile rien de moins que sa Qu\u00eate int\u00e9rieure qui l&rsquo;a anim\u00e9e du d\u00e9but o\u00f9 elle a cherch\u00e9 \u00e0 comprendre l&rsquo;autisme, jusqu&rsquo;\u00e0 aujourd&rsquo;hui, o\u00f9 elle est en mesure de l&rsquo;expliquer d&rsquo;un point de vue que personne n&rsquo;a encore transmis ouvertement. Dans ce r\u00e9cit de type initiatique, vous d\u00e9couvrirez l&rsquo;histoire de Nadine Primeau, sa Qu\u00eate, sa recherche, son chemin de gu\u00e9rison, son amour pour ses enfants et ses r\u00e9v\u00e9lations. Avec ce t\u00e9moignage bouleversant qui vous sera r\u00e9v\u00e9l\u00e9, tant\u00f4t parsem\u00e9 de r\u00e9alit\u00e9s du quotidien et d&rsquo;exp\u00e9riences mystiques, vous l\u00e8verez le voile sur les limites de l&rsquo;autisme et d\u00e9couvrirez qu&rsquo;il est possible de les d\u00e9passer. Ce livre se veut un message d&rsquo;Espoir pour aider toutes les personnes qui sont touch\u00e9es de pr\u00e8s ou de loin avec la condition de l&rsquo;autisme et la souffrance des enfants.(pr\u00e9sentation de l\u2019\u00e9diteur)<\/p>\n<p>PRIMEAU N.<\/p>\n<p>Editions Un Monde Conscient<\/p>\n<p>2014 \u2013 232p.-300gr-<\/p>\n<p>ISBN\u00a0: 978-2-924371-04-6<\/p>\n<p>Cote doc: 1-70-PRI-a<\/p>\n<span class=\"et_bloom_bottom_trigger\"><\/span>","protected":false},"excerpt":{"rendered":"<p>\u00c0 la lecture de ce livre, vous serez transform\u00e9 et votre vision de l&rsquo;autisme ne sera plus jamais la m\u00eame. Vous serez transport\u00e9 dans les aventures et les exp\u00e9riences surprenantes, mais bien r\u00e9elles d&rsquo;une m\u00e8re dont ses deux enfants ont \u00e9t\u00e9 diagnostiqu\u00e9s autistes.<\/p>\n","protected":false},"featured_media":696,"comment_status":"open","ping_status":"closed","template":"","meta":{"_et_pb_use_builder":"","_et_pb_old_content":"","_et_gb_content_width":"","spay_email":""},"class_list":["post-697","product","type-product","status-publish","has-post-thumbnail","hentry","product_cat-livres","product_tag-autisme","product_tag-deuil","product_tag-developpement-de-la-personnalite","product_tag-diagnostic","product_tag-enfant","product_tag-famille","product_tag-souffrance","product_tag-temoignage","product_tag-therapie-de-groupe","product_tag-trouble-du-developpement","product_tag-vecu"],"jetpack_sharing_enabled":true,"jetpack_likes_enabled":true,"_links":{"self":[{"href":"https:\/\/www.parthages.be\/eboutique\/wp-json\/wp\/v2\/product\/697","targetHints":{"allow":["GET"]}}],"collection":[{"href":"https:\/\/www.parthages.be\/eboutique\/wp-json\/wp\/v2\/product"}],"about":[{"href":"https:\/\/www.parthages.be\/eboutique\/wp-json\/wp\/v2\/types\/product"}],"replies":[{"embeddable":true,"href":"https:\/\/www.parthages.be\/eboutique\/wp-json\/wp\/v2\/comments?post=697"}],"wp:featuredmedia":[{"embeddable":true,"href":"https:\/\/www.parthages.be\/eboutique\/wp-json\/wp\/v2\/media\/696"}],"wp:attachment":[{"href":"https:\/\/www.parthages.be\/eboutique\/wp-json\/wp\/v2\/media?parent=697"}],"curies":[{"name":"wp","href":"https:\/\/api.w.org\/{rel}","templated":true}]}}