{"id":699,"date":"2017-01-16T14:49:15","date_gmt":"2017-01-16T13:49:15","guid":{"rendered":"https:\/\/www.parthages.be\/wordpress\/produit\/l-alcoolisme-est-il-une-fatalite-comprendre-et-inverser-une-spirale-infernale\/"},"modified":"2022-03-01T13:55:51","modified_gmt":"2022-03-01T12:55:51","slug":"l-alcoolisme-est-il-une-fatalite-comprendre-et-inverser-une-spirale-infernale","status":"publish","type":"product","link":"https:\/\/www.parthages.be\/eboutique\/produit\/l-alcoolisme-est-il-une-fatalite-comprendre-et-inverser-une-spirale-infernale\/","title":{"rendered":"L&rsquo;alcoolisme est-il une fatalit\u00e9? Comprendre et inverser une spirale infernale"},"content":{"rendered":"<p>Dans cet ouvrage, l&rsquo;auteur explique les logiques biologique, affective, neurologique et sociale qui peuvent conduire une personne \u00e0 d\u00e9velopper une probl\u00e9matique alcoolique. Il insiste sur le lien fr\u00e9quent entre une \u00e9motion insupportable et le recours \u00e0 l&rsquo;alcool. Il d\u00e9crit aussi les effets de l&rsquo;alcool sur l&rsquo;humeur, les processus de pens\u00e9e et le rapport aux autres.<\/p>\n<p>Comment d\u00e9jouer les pi\u00e8ges de l&rsquo;alcool ? Que peut faire la famille face \u00e0 l&rsquo;alcoolisme ? Quels sont les traitements \u00e0 envisager ? Abstinence ou mod\u00e9ration ? Quel est le r\u00f4le de la soci\u00e9t\u00e9 face \u00e0 ce fl\u00e9au ? Exemples \u00e0 l&rsquo;appui, l&rsquo;auteur r\u00e9pond \u00e0 toutes ces questions.<\/p>\n<p>(Pr\u00e9sentation de l&rsquo;\u00e9diteur)<\/p>\n<p>De TIMARY P.<\/p>\n<p>Editions Mardaga<\/p>\n<p>2016 \u2013 173p.-245gr-18\u20ac<\/p>\n<p>ISBN : 978-2-8047-0277-9<\/p>\n<p>Cote doc\u00a0:\u00a03-10-TIM-A<\/p>\n<p><strong>\u00a0<\/strong><\/p>\n<span class=\"et_bloom_bottom_trigger\"><\/span>","protected":false},"excerpt":{"rendered":"<p>Dans cet ouvrage, l&rsquo;auteur explique les logiques biologique, affective, neurologique et sociale qui peuvent conduire une personne \u00e0 d\u00e9velopper une probl\u00e9matique alcoolique.<\/p>\n","protected":false},"featured_media":698,"comment_status":"open","ping_status":"closed","template":"","meta":{"_et_pb_use_builder":"","_et_pb_old_content":"","_et_gb_content_width":"","spay_email":""},"class_list":["post-699","product","type-product","status-publish","has-post-thumbnail","hentry","product_cat-livres","product_tag-abstinence","product_tag-alcoolisme","product_tag-approche-comportementale","product_tag-dependance","product_tag-genetique","product_tag-hopital","product_tag-maladie","product_tag-prise-en-charge","product_tag-psychisme","product_tag-temoignage"],"jetpack_sharing_enabled":true,"jetpack_likes_enabled":true,"_links":{"self":[{"href":"https:\/\/www.parthages.be\/eboutique\/wp-json\/wp\/v2\/product\/699","targetHints":{"allow":["GET"]}}],"collection":[{"href":"https:\/\/www.parthages.be\/eboutique\/wp-json\/wp\/v2\/product"}],"about":[{"href":"https:\/\/www.parthages.be\/eboutique\/wp-json\/wp\/v2\/types\/product"}],"replies":[{"embeddable":true,"href":"https:\/\/www.parthages.be\/eboutique\/wp-json\/wp\/v2\/comments?post=699"}],"wp:featuredmedia":[{"embeddable":true,"href":"https:\/\/www.parthages.be\/eboutique\/wp-json\/wp\/v2\/media\/698"}],"wp:attachment":[{"href":"https:\/\/www.parthages.be\/eboutique\/wp-json\/wp\/v2\/media?parent=699"}],"curies":[{"name":"wp","href":"https:\/\/api.w.org\/{rel}","templated":true}]}}