{"id":709,"date":"2017-02-21T10:59:07","date_gmt":"2017-02-21T09:59:07","guid":{"rendered":"https:\/\/www.parthages.be\/wordpress\/produit\/des-femmes-et-des-hommes\/"},"modified":"2021-06-30T08:48:37","modified_gmt":"2021-06-30T06:48:37","slug":"des-femmes-et-des-hommes","status":"publish","type":"product","link":"https:\/\/www.parthages.be\/eboutique\/produit\/des-femmes-et-des-hommes\/","title":{"rendered":"Des femmes  et des hommes&#8230;"},"content":{"rendered":"<p>\u00ab Des femmes et des hommes \u00bb est un programme d&rsquo;\u00e9ducation affective, relationnelle et sexuelle destin\u00e9 de fa\u00e7on prioritaire aux adolescents et aux adultes pr\u00e9sentant une d\u00e9ficience intellectuelle.<\/p>\n<p>Con\u00e7u sous la forme d&rsquo;une mallette p\u00e9dagogique, il permet aux professionnels (psychologues, sexologues, assistants sociaux, m\u00e9decins, infirmiers, enseignants, \u00e9ducateurs, etc.) de mettre en place des animations visant \u00e0 accompagner les personnes dans leur \u00e9panouissement relationnel, amoureux et sexuel. Il propose \u00e0 cette fin une r\u00e9flexion pr\u00e9alable indispensable \u00e0 la mise en \u0153uvre du programme.<\/p>\n<p>Si le contenu reste fid\u00e8le \u00e0 la premi\u00e8re \u00e9dition, et tend toujours \u00e0 combiner l&rsquo;approche des \u00e9motions et des relations \u00e0 l&rsquo;\u00e9ducation sexuelle proprement dite, cette nouvelle \u00e9dition comporte des modifications importantes, tant au niveau du contenu que de la pr\u00e9sentation.<\/p>\n<p>Un contenu mis \u00e0 jour :<\/p>\n<p>\u2022 quelques th\u00e9matiques in\u00e9dites, abordant notamment les dangers li\u00e9s \u00e0 Internet et aux r\u00e9seaux sociaux, l&rsquo;assistance sexuelle et les droits des personnes en situation de handicap ;<\/p>\n<p>\u2022 l&rsquo;adaptation de certaines animations afin qu&rsquo;elles soient davantage accessibles aux personnes n\u2019ayant pas acc\u00e8s au langage ;<\/p>\n<p>\u2022 des id\u00e9es d&rsquo;animations faisant appel aux applications num\u00e9riques ou se basant sur des extraits de films comme Gabrielle ou Yo Tambien.<\/p>\n<p>\u2022 un nouveau dossier d&rsquo;images en couleur<\/p>\n<p>Une pr\u00e9sentation pratique et attrayante :<\/p>\n<p>\u2022 un livret d\u2019introduction reprenant les bases \u00e9thiques et les modalit\u00e9s de mise en \u0153uvre du programme ;<\/p>\n<p>\u2022 sept livrets d\u2019animation comprenant 250 activit\u00e9s p\u00e9dagogiques autour des th\u00e8mes suivants : Pour commencer \u2026 \/ Ma vie affective \/ Mon corps \/ Mes relations \/ Ma sexualit\u00e9 \/ Ma sant\u00e9 sexuelle \/ La loi<\/p>\n<p>\u2022 un dossier de plus de 150 images en couleur ;<\/p>\n<p>\u2022 des outils compl\u00e9mentaires accessibles en ligne tels que des dossiers photos, les s\u00e9quences vid\u00e9o de la premi\u00e8re \u00e9dition et des id\u00e9es d\u2019applications num\u00e9riques.<\/p>\n<p>Ce projet a \u00e9t\u00e9 r\u00e9alis\u00e9 par le centre Handicap et Sant\u00e9 de l\u2019Association de Recherche et d\u2019Action en faveur des Personnes Handicap\u00e9es (ARAPH), actif dans le domaine de la promotion de la sant\u00e9 des personnes en situation de handicap, et se fondant sur des travaux de recherche universitaire. Avec le soutien de la R\u00e9gion Wallonne, de la R\u00e9gion de Bruxelles-Capitale, de la F\u00e9d\u00e9ration Wallonie-Bruxelles et de la Fondation Marguerite-Marie Delacroix.( pr\u00e9sentation de l&rsquo;\u00e9diteur)<\/p>\n<p>DELVILLE J.- MERCIER M.- MERLIN C.<\/p>\n<p>Presses universitaires de Namur<\/p>\n<p>2016 -valisette-200\u20ac<\/p>\n<p>4,125gr<\/p>\n<p>ISBN\u00a0: 978-2-287037-922-6<\/p>\n<p>Cote Doc\u00a0: 10-10-DEL-F2<\/p>\n<span class=\"et_bloom_bottom_trigger\"><\/span>","protected":false},"excerpt":{"rendered":"<p><strong>Des femmes\u00a0 et des hommes : programme d&rsquo;\u00e9ducation affective\u00a0 &#8211;\u00a0 relationnelle et sexuelle destin\u00e9 aux personnes d\u00e9ficientes mentales 2eme \u00e9dition mise \u00e0 jour<\/strong><\/p>\n<p>\u00ab Des femmes et des hommes \u00bb est un programme d&rsquo;\u00e9ducation affective, relationnelle et sexuelle destin\u00e9 de fa\u00e7on prioritaire aux adolescents et aux adultes pr\u00e9sentant une d\u00e9ficience intellectuelle.<\/p>\n","protected":false},"featured_media":708,"comment_status":"open","ping_status":"closed","template":"","meta":{"_et_pb_use_builder":"","_et_pb_old_content":"","_et_gb_content_width":"","spay_email":""},"class_list":["post-709","product","type-product","status-publish","has-post-thumbnail","hentry","product_cat-livres","product_tag-adolescent","product_tag-adulte","product_tag-animateur","product_tag-apprentissage","product_tag-deficience-intellectuelle","product_tag-education-affective-et-sexuelle","product_tag-outil","product_tag-personne-handicapee","product_tag-relation","product_tag-sexualite"],"jetpack_sharing_enabled":true,"jetpack_likes_enabled":true,"_links":{"self":[{"href":"https:\/\/www.parthages.be\/eboutique\/wp-json\/wp\/v2\/product\/709","targetHints":{"allow":["GET"]}}],"collection":[{"href":"https:\/\/www.parthages.be\/eboutique\/wp-json\/wp\/v2\/product"}],"about":[{"href":"https:\/\/www.parthages.be\/eboutique\/wp-json\/wp\/v2\/types\/product"}],"replies":[{"embeddable":true,"href":"https:\/\/www.parthages.be\/eboutique\/wp-json\/wp\/v2\/comments?post=709"}],"wp:featuredmedia":[{"embeddable":true,"href":"https:\/\/www.parthages.be\/eboutique\/wp-json\/wp\/v2\/media\/708"}],"wp:attachment":[{"href":"https:\/\/www.parthages.be\/eboutique\/wp-json\/wp\/v2\/media?parent=709"}],"curies":[{"name":"wp","href":"https:\/\/api.w.org\/{rel}","templated":true}]}}