{"id":711,"date":"2017-02-21T11:13:35","date_gmt":"2017-02-21T10:13:35","guid":{"rendered":"https:\/\/www.parthages.be\/wordpress\/produit\/psychologie-de-la-personnalite-et-evaluation\/"},"modified":"2022-04-05T14:30:32","modified_gmt":"2022-04-05T12:30:32","slug":"psychologie-de-la-personnalite-et-evaluation","status":"publish","type":"product","link":"https:\/\/www.parthages.be\/eboutique\/produit\/psychologie-de-la-personnalite-et-evaluation\/","title":{"rendered":"Psychologie de la personnalit\u00e9 et \u00e9valuation"},"content":{"rendered":"<p>Que comprenez-vous, avant tout, quand on vous dit que Marie est honn\u00eate ? Qu&rsquo;elle rapporterait au commissariat un porte- feuille trouv\u00e9 dans la rue ou que vous pouvez lui faire confiance ? Que comprenez-vous, avant tout, quand on vous dit que l&rsquo;\u00e9l\u00e8ve Pierre est intelligent ? Qu&rsquo;il peut r\u00e9soudre une \u00e9quation compliqu\u00e9e sans difficult\u00e9 ou qu&rsquo;il peut \u00eatre orient\u00e9 vers une bonne fili\u00e8re scolaire ? Vous constatez que les traits de personnalit\u00e9 (honn\u00eate, intelligent, etc. disent surtout ce que l&rsquo;on peut faire des gens ou avec eux plut\u00f4t que ce qu&rsquo;ils sont ! En partant de ce constat, les auteurs avancent que les traits de caract\u00e8re ne disent pas \u00ab\u00a0ce que les gens sont en tant qu&rsquo;individus\u00a0\u00bb, mais plut\u00f4t \u00ab\u00a0ce qu&rsquo;ils valent en tant qu&rsquo;agents sociaux dans des situations sociales donn\u00e9es\u00a0\u00bb. Le trait de personnalit\u00e9 ne rel\u00e8ve donc plus d&rsquo;une r\u00e9alit\u00e9 psychologique individuelle. C&rsquo;est au contraire une valeur sociale.<\/p>\n<p>(Pr\u00e9sentation de l&rsquo;\u00e9diteur)<\/p>\n<p>BEAUVOIS J-L.- DUBOIS N.<\/p>\n<p>PUG<\/p>\n<p>2016 -275p 383gr<\/p>\n<p>ISBN\u00a0: 978-2-7061-2568-3<\/p>\n<p>Cote doc: 3-10-BEA-P<\/p>\n<span class=\"et_bloom_bottom_trigger\"><\/span>","protected":false},"excerpt":{"rendered":"<p>Que comprenez-vous, avant tout, quand on vous dit que Marie est honn\u00eate ? Qu&rsquo;elle rapporterait au commissariat un porte- feuille trouv\u00e9 dans la rue ou que vous pouvez lui faire confiance ? Que comprenez-vous, avant tout, quand on vous dit que l&rsquo;\u00e9l\u00e8ve Pierre est intelligent ?<\/p>\n","protected":false},"featured_media":710,"comment_status":"open","ping_status":"closed","template":"","meta":{"_et_pb_use_builder":"","_et_pb_old_content":"","_et_gb_content_width":"","spay_email":""},"class_list":["post-711","product","type-product","status-publish","has-post-thumbnail","hentry","product_cat-livres","product_tag-evaluation","product_tag-france","product_tag-personnalite","product_tag-psychologie","product_tag-valeur-sociale"],"jetpack_sharing_enabled":true,"jetpack_likes_enabled":true,"_links":{"self":[{"href":"https:\/\/www.parthages.be\/eboutique\/wp-json\/wp\/v2\/product\/711","targetHints":{"allow":["GET"]}}],"collection":[{"href":"https:\/\/www.parthages.be\/eboutique\/wp-json\/wp\/v2\/product"}],"about":[{"href":"https:\/\/www.parthages.be\/eboutique\/wp-json\/wp\/v2\/types\/product"}],"replies":[{"embeddable":true,"href":"https:\/\/www.parthages.be\/eboutique\/wp-json\/wp\/v2\/comments?post=711"}],"wp:featuredmedia":[{"embeddable":true,"href":"https:\/\/www.parthages.be\/eboutique\/wp-json\/wp\/v2\/media\/710"}],"wp:attachment":[{"href":"https:\/\/www.parthages.be\/eboutique\/wp-json\/wp\/v2\/media?parent=711"}],"curies":[{"name":"wp","href":"https:\/\/api.w.org\/{rel}","templated":true}]}}