{"id":714,"date":"2017-02-21T12:01:24","date_gmt":"2017-02-21T11:01:24","guid":{"rendered":"https:\/\/www.parthages.be\/wordpress\/produit\/les-allocations-familiales-des-enfants-handicapes-ou-atteints-dune-affection\/"},"modified":"2022-03-23T17:28:39","modified_gmt":"2022-03-23T16:28:39","slug":"les-allocations-familiales-des-enfants-handicapes-ou-atteints-dune-affection","status":"publish","type":"product","link":"https:\/\/www.parthages.be\/eboutique\/produit\/les-allocations-familiales-des-enfants-handicapes-ou-atteints-dune-affection\/","title":{"rendered":"Les allocations familiales des enfants handicap\u00e9s ou atteints d\u2019une affection"},"content":{"rendered":"<p>Si les premi\u00e8res allocations familiales remontent au d\u00e9but du 20\u00e8me si\u00e8cle lorsque certains patrons ont accord\u00e9 un suppl\u00e9ment de salaire \u00e0 leurs travailleurs avec enfants \u00e0 charge, ce n&rsquo;est qu&rsquo;au cours de la 3\u00e8me d\u00e9cennie du 20\u00e8me si\u00e8cle que le droit aux allocations familiales est g\u00e9n\u00e9ralis\u00e9 \u00e0 tous les travailleurs actifs salari\u00e9s et ind\u00e9pendants pour s&rsquo;\u00e9tendre au cours des d\u00e9cennies suivantes aux travailleurs non actifs (en incapacit\u00e9 de travail, ch\u00f4meurs, pensionn\u00e9s) et progressivement \u00e0 certaines personnes sans lien avec le travail (d\u00e9tenus, \u00e9tudiants, personnes handicap\u00e9es), pour aboutir en 1971 \u00e0 la cr\u00e9ation du r\u00e9gime des prestations familiales garanties accordant des allocations familiales aux personnes qui ne travaillent pas et dont les revenus sont modestes.<\/p>\n<p>La nouvelle loi g\u00e9n\u00e9rale des allocations familiales entr\u00e9e en vigueur le 30 juin 2014 a r\u00e9uni dans un cadre l\u00e9gal unique les r\u00e9gimes d&rsquo;allocations familiales de tous les travailleurs (salari\u00e9s, statutaires de la fonction publique et ind\u00e9pendants). Le r\u00e9gime des prestations familiales garanties demeure quant \u00e0 lui le r\u00e9gime r\u00e9siduaire offrant une protection sociale aux personnes n&rsquo;entrant pas dans le champ d&rsquo;application de la loi g\u00e9n\u00e9rale.<\/p>\n<p>\u00c0 l&rsquo;heure actuelle, la quasi-totalit\u00e9 des 2,5 millions d&rsquo;enfants r\u00e9sidant en Belgique b\u00e9n\u00e9ficient des allocations familiales, pour la plupart dans le cadre de la loi g\u00e9n\u00e9rale. Parmi eux, 0,22 % b\u00e9n\u00e9ficient de la majoration des allocations familiales en raison de leur handicap ou de leur affection.<\/p>\n<p>Apr\u00e8s un rappel historique de l&rsquo;\u00e9volution du droit aux allocations familiales et de la majoration des allocations familiales en raison du handicap, nous nous attacherons \u00e0 pr\u00e9senter dans ce cahier le droit aux allocations familiales des enfants de moins de 21 ans atteints d&rsquo;une affection telles qu&rsquo;elles sont accord\u00e9es depuis la derni\u00e8re r\u00e9forme du suppl\u00e9ment aux allocations de base entr\u00e9e en vigueur progressivement \u00e0 partir de mai 2003 et g\u00e9n\u00e9ralis\u00e9e \u00e0 toutes les nouvelles demandes depuis 2009.(pr\u00e9sentation de l&rsquo;\u00e9diteur)<\/p>\n<p>\u00a0<\/p>\n<p>PILETTE G.<\/p>\n<p>L&rsquo;atelier des droits sociaux collections Les Cahiers<\/p>\n<p>2016 \u2013 77p.-280gr-13\u20ac<\/p>\n<p>ISBN\u00a0: D\/2016\/2228\/15<\/p>\n<span class=\"et_bloom_bottom_trigger\"><\/span>","protected":false},"excerpt":{"rendered":"<p>Si les premi\u00e8res allocations familiales remontent au d\u00e9but du 20\u00e8me si\u00e8cle lorsque certains patrons ont accord\u00e9 un suppl\u00e9ment de salaire \u00e0 leurs travailleurs avec enfants \u00e0 charge,&#8230;<\/p>\n","protected":false},"featured_media":713,"comment_status":"open","ping_status":"closed","template":"","meta":{"_et_pb_use_builder":"","_et_pb_old_content":"","_et_gb_content_width":"","spay_email":""},"class_list":["post-714","product","type-product","status-publish","has-post-thumbnail","hentry","product_cat-livres"],"jetpack_sharing_enabled":true,"jetpack_likes_enabled":true,"_links":{"self":[{"href":"https:\/\/www.parthages.be\/eboutique\/wp-json\/wp\/v2\/product\/714","targetHints":{"allow":["GET"]}}],"collection":[{"href":"https:\/\/www.parthages.be\/eboutique\/wp-json\/wp\/v2\/product"}],"about":[{"href":"https:\/\/www.parthages.be\/eboutique\/wp-json\/wp\/v2\/types\/product"}],"replies":[{"embeddable":true,"href":"https:\/\/www.parthages.be\/eboutique\/wp-json\/wp\/v2\/comments?post=714"}],"wp:featuredmedia":[{"embeddable":true,"href":"https:\/\/www.parthages.be\/eboutique\/wp-json\/wp\/v2\/media\/713"}],"wp:attachment":[{"href":"https:\/\/www.parthages.be\/eboutique\/wp-json\/wp\/v2\/media?parent=714"}],"curies":[{"name":"wp","href":"https:\/\/api.w.org\/{rel}","templated":true}]}}