{"id":722,"date":"2017-03-21T08:26:08","date_gmt":"2017-03-21T07:26:08","guid":{"rendered":"https:\/\/www.parthages.be\/wordpress\/produit\/il-etait-une-fois-un-asperger-devenu-grand\/"},"modified":"2022-06-03T09:38:37","modified_gmt":"2022-06-03T07:38:37","slug":"il-etait-une-fois-un-asperger-devenu-grand","status":"publish","type":"product","link":"https:\/\/www.parthages.be\/eboutique\/produit\/il-etait-une-fois-un-asperger-devenu-grand\/","title":{"rendered":"Il \u00e9tait une fois. Un Asperger devenu grand"},"content":{"rendered":"<p>Apr\u00e8s avoir fait le r\u00e9cit des seize premi\u00e8res ann\u00e9es de sa vie dans \u00ab Il \u00e9tait une fois\u2026 le syndrome d\u2019Asperger \u00bb, mon petit gar\u00e7on a grandi.<\/p>\n<p>La \u00ab bulle \u00bb qui le prot\u00e9geait, dans laquelle il s\u2019\u00e9tait r\u00e9fugi\u00e9, s\u2019est craquel\u00e9e peu \u00e0 peu, le laissant affronter sa nouvelle vie.<\/p>\n<p>Tr\u00e8s courageusement il a franchi tous les obstacles, les a contourn\u00e9s, fort de ce qu\u2019il a appris de notre plan\u00e8te. D\u00e9sormais il observe, il \u00e9pie de sa fen\u00eatre. Il s\u2019impr\u00e8gne timidement de notre mode de vie, mais retourne dans son monde, s\u2019y r\u00e9fugie d\u00e8s qu\u2019il se sent bless\u00e9, outrag\u00e9.<\/p>\n<p>Son monde : c\u2019est sa force, son leitmotiv pour affronter le n\u00f4tre si beau mais si cruel envers ceux qui sont diff\u00e9rents, ceux qui \u00ab sortent du moule \u00bb.<\/p>\n<p>Nos enfants sont l\u00e0 pour dire : \u00ab S\u2019il vous pla\u00eet, acceptez-nous tels que nous sommes ! \u00bb<\/p>\n<p>Tant que la soci\u00e9t\u00e9 ne fera aucun pas vers eux, il leur sera toujours compliqu\u00e9 et difficile de briser leur \u00ab bulle \u00bb. Elle est invisible, mais elle est leur protection.<\/p>\n<p>Ce n\u2019est pas tant d\u2019avoir un enfant autiste Asperger qui est difficile, c\u2019est le rejet, le m\u00e9pris, l\u2019indiff\u00e9rence, la souffrance, la culpabilit\u00e9 que l\u2019on fait subir\u00a0 aux parents.<\/p>\n<p>Mon fils a les clefs de sa vie sans en avoir encore trouv\u00e9 toutes les serrures.<\/p>\n<p>Il \u00e9tait une fois\u2026 mon fils devenu grand.<\/p>\n<p>(Pr\u00e9sentation de l&rsquo;\u00e9diteur)<\/p>\n<p>ISABELLE A.<\/p>\n<p>Les Editions de l&rsquo;Officine<\/p>\n<p>2013 \u2013 214p.-315gr-<\/p>\n<p>ISBN : 978-2-35551-169-1<\/p>\n<p>Cote doc: 1-70-ISA-E<\/p>\n<p><strong><em>Uniquement \u00e0 la location<\/em><\/strong><\/p>\n<span class=\"et_bloom_bottom_trigger\"><\/span>","protected":false},"excerpt":{"rendered":"<p>Apr\u00e8s avoir fait le r\u00e9cit des seize premi\u00e8res ann\u00e9es de sa vie dans \u00ab Il \u00e9tait une fois\u2026 le syndrome d\u2019Asperger \u00bb, mon petit gar\u00e7on a grandi.<\/p>\n","protected":false},"featured_media":721,"comment_status":"open","ping_status":"closed","template":"","meta":{"_et_pb_use_builder":"","_et_pb_old_content":"","_et_gb_content_width":"","spay_email":""},"class_list":["post-722","product","type-product","status-publish","has-post-thumbnail","hentry","product_cat-livres","product_cat-livres-jeunesse","product_tag-adulte","product_tag-autisme","product_tag-echange","product_tag-evolution","product_tag-syndrome-dasperger","product_tag-temoignage"],"jetpack_sharing_enabled":true,"jetpack_likes_enabled":true,"_links":{"self":[{"href":"https:\/\/www.parthages.be\/eboutique\/wp-json\/wp\/v2\/product\/722","targetHints":{"allow":["GET"]}}],"collection":[{"href":"https:\/\/www.parthages.be\/eboutique\/wp-json\/wp\/v2\/product"}],"about":[{"href":"https:\/\/www.parthages.be\/eboutique\/wp-json\/wp\/v2\/types\/product"}],"replies":[{"embeddable":true,"href":"https:\/\/www.parthages.be\/eboutique\/wp-json\/wp\/v2\/comments?post=722"}],"wp:featuredmedia":[{"embeddable":true,"href":"https:\/\/www.parthages.be\/eboutique\/wp-json\/wp\/v2\/media\/721"}],"wp:attachment":[{"href":"https:\/\/www.parthages.be\/eboutique\/wp-json\/wp\/v2\/media?parent=722"}],"curies":[{"name":"wp","href":"https:\/\/api.w.org\/{rel}","templated":true}]}}